{"id":4042,"date":"2025-01-06T13:21:47","date_gmt":"2025-01-06T12:46:39","guid":{"rendered":"https:\/\/dunapro.hu\/?post_type=product&#038;p=4042"},"modified":"2025-10-15T10:40:14","modified_gmt":"2025-10-15T08:40:14","slug":"portofino-dry-gin","status":"publish","type":"product","link":"https:\/\/dunapro.hu\/en\/product\/portofino-dry-gin\/","title":{"rendered":"Portofino Dry Gin"},"content":{"rendered":"","protected":false},"excerpt":{"rendered":"<div>Portofino Dry Gin is a premium handcrafted gin that reflects the beauty and rich history of the picturesque town of Portofino in every drop. It is crafted from 21 carefully selected botanicals, including lemon, lavender, rosemary, marjoram, sage, and rose, all cultivated and hand-picked from the botanical garden on the hills of Portofino. This gin boasts a uniquely fresh and aromatic character, perfectly capturing the charm of Mediterranean gardens and the refreshing sea breeze. An excellent choice for a classic gin and tonic, as well as creative cocktails such as the Negroni or Gimlet.<\/div>\n<div><\/div>\n<div style=\"padding-bottom: 2vh;\">[us_btn label=\"INTEREST\" link=\"url:\/en\/contact|title:Contact||\" style=\"3\"]<\/div>\n<div class=\"inlinesocials\" style=\"display: inline-flex !important;\"><strong>Share:<\/strong> [addtoany]<\/div>\n","protected":false},"featured_media":4177,"template":"","meta":[],"product_cat":[92],"product_tag":[156],"yoast_head":"<!-- This site is optimized with the Yoast SEO plugin v22.0 - https:\/\/yoast.com\/wordpress\/plugins\/seo\/ -->\n<title>Portofino Dry Gin - DUNAPRO<\/title>\n<meta name=\"robots\" content=\"index, follow, max-snippet:-1, max-image-preview:large, max-video-preview:-1\" \/>\n<link rel=\"canonical\" href=\"https:\/\/dunapro.hu\/en\/product\/portofino-dry-gin\/\" \/>\n<meta property=\"og:locale\" content=\"en_US\" \/>\n<meta property=\"og:type\" content=\"article\" \/>\n<meta property=\"og:title\" content=\"Portofino Dry Gin - DUNAPRO\" \/>\n<meta property=\"og:description\" content=\"Portofino Dry Gin is a premium handcrafted gin that reflects the beauty and rich history of the picturesque town of Portofino in every drop. It is crafted from 21 carefully selected botanicals, including lemon, lavender, rosemary, marjoram, sage, and rose, all cultivated and hand-picked from the botanical garden on the hills of Portofino. This gin boasts a uniquely fresh and aromatic character, perfectly capturing the charm of Mediterranean gardens and the refreshing sea breeze. An excellent choice for a classic gin and tonic, as well as creative cocktails such as the Negroni or Gimlet.   Share:\" \/>\n<meta property=\"og:url\" content=\"https:\/\/dunapro.hu\/en\/product\/portofino-dry-gin\/\" \/>\n<meta property=\"og:site_name\" content=\"DUNAPRO\" \/>\n<meta property=\"article:modified_time\" content=\"2025-10-15T08:40:14+00:00\" \/>\n<meta property=\"og:image\" content=\"https:\/\/dunapro.hu\/wp-content\/uploads\/2025\/01\/PDG_500-ml-front-1024x1024.png\" \/>\n\t<meta property=\"og:image:width\" content=\"1024\" \/>\n\t<meta property=\"og:image:height\" content=\"1024\" \/>\n\t<meta property=\"og:image:type\" content=\"image\/png\" \/>\n<meta name=\"twitter:card\" content=\"summary_large_image\" \/>\n<meta name=\"twitter:label1\" content=\"Est. reading time\" \/>\n\t<meta name=\"twitter:data1\" content=\"1 minute\" \/>\n<script type=\"application\/ld+json\" class=\"yoast-schema-graph\">{\"@context\":\"https:\/\/schema.org\",\"@graph\":[{\"@type\":\"WebPage\",\"@id\":\"https:\/\/dunapro.hu\/en\/product\/portofino-dry-gin\/\",\"url\":\"https:\/\/dunapro.hu\/en\/product\/portofino-dry-gin\/\",\"name\":\"Portofino Dry Gin - DUNAPRO\",\"isPartOf\":{\"@id\":\"https:\/\/dunapro.hu\/en\/#website\"},\"datePublished\":\"2025-01-06T12:46:39+00:00\",\"dateModified\":\"2025-10-15T08:40:14+00:00\",\"breadcrumb\":{\"@id\":\"https:\/\/dunapro.hu\/en\/product\/portofino-dry-gin\/#breadcrumb\"},\"inLanguage\":\"en-US\",\"potentialAction\":[{\"@type\":\"ReadAction\",\"target\":[\"https:\/\/dunapro.hu\/en\/product\/portofino-dry-gin\/\"]}]},{\"@type\":\"BreadcrumbList\",\"@id\":\"https:\/\/dunapro.hu\/en\/product\/portofino-dry-gin\/#breadcrumb\",\"itemListElement\":[{\"@type\":\"ListItem\",\"position\":1,\"name\":\"Home\",\"item\":\"https:\/\/dunapro.hu\/en\/\"},{\"@type\":\"ListItem\",\"position\":2,\"name\":\"Term\u00e9keink1\",\"item\":\"https:\/\/dunapro.hu\/?page_id=955\"},{\"@type\":\"ListItem\",\"position\":3,\"name\":\"Portofino Dry Gin\"}]},{\"@type\":\"WebSite\",\"@id\":\"https:\/\/dunapro.hu\/en\/#website\",\"url\":\"https:\/\/dunapro.hu\/en\/\",\"name\":\"DUNAPRO\",\"description\":\"FULL SERVICE TERM\u00c9KDISZTRIB\u00daCI\u00d3\",\"publisher\":{\"@id\":\"https:\/\/dunapro.hu\/en\/#organization\"},\"potentialAction\":[{\"@type\":\"SearchAction\",\"target\":{\"@type\":\"EntryPoint\",\"urlTemplate\":\"https:\/\/dunapro.hu\/en\/?s={search_term_string}\"},\"query-input\":\"required name=search_term_string\"}],\"inLanguage\":\"en-US\"},{\"@type\":\"Organization\",\"@id\":\"https:\/\/dunapro.hu\/en\/#organization\",\"name\":\"Dunapro disztrib\u00faci\u00f3\",\"url\":\"https:\/\/dunapro.hu\/en\/\",\"logo\":{\"@type\":\"ImageObject\",\"inLanguage\":\"en-US\",\"@id\":\"https:\/\/dunapro.hu\/en\/#\/schema\/logo\/image\/\",\"url\":\"https:\/\/dunapro.hu\/wp-content\/uploads\/2020\/06\/dunapro_logo_2020_sw.png\",\"contentUrl\":\"https:\/\/dunapro.hu\/wp-content\/uploads\/2020\/06\/dunapro_logo_2020_sw.png\",\"width\":500,\"height\":216,\"caption\":\"Dunapro disztrib\u00faci\u00f3\"},\"image\":{\"@id\":\"https:\/\/dunapro.hu\/en\/#\/schema\/logo\/image\/\"}}]}<\/script>\n<!-- \/ Yoast SEO plugin. -->","yoast_head_json":{"title":"Portofino Dry Gin - DUNAPRO","robots":{"index":"index","follow":"follow","max-snippet":"max-snippet:-1","max-image-preview":"max-image-preview:large","max-video-preview":"max-video-preview:-1"},"canonical":"https:\/\/dunapro.hu\/en\/product\/portofino-dry-gin\/","og_locale":"en_US","og_type":"article","og_title":"Portofino Dry Gin - DUNAPRO","og_description":"Portofino Dry Gin is a premium handcrafted gin that reflects the beauty and rich history of the picturesque town of Portofino in every drop. It is crafted from 21 carefully selected botanicals, including lemon, lavender, rosemary, marjoram, sage, and rose, all cultivated and hand-picked from the botanical garden on the hills of Portofino. This gin boasts a uniquely fresh and aromatic character, perfectly capturing the charm of Mediterranean gardens and the refreshing sea breeze. An excellent choice for a classic gin and tonic, as well as creative cocktails such as the Negroni or Gimlet.   Share:","og_url":"https:\/\/dunapro.hu\/en\/product\/portofino-dry-gin\/","og_site_name":"DUNAPRO","article_modified_time":"2025-10-15T08:40:14+00:00","og_image":[{"width":1024,"height":1024,"url":"https:\/\/dunapro.hu\/wp-content\/uploads\/2025\/01\/PDG_500-ml-front-1024x1024.png","type":"image\/png"}],"twitter_card":"summary_large_image","twitter_misc":{"Est. reading time":"1 minute"},"schema":{"@context":"https:\/\/schema.org","@graph":[{"@type":"WebPage","@id":"https:\/\/dunapro.hu\/en\/product\/portofino-dry-gin\/","url":"https:\/\/dunapro.hu\/en\/product\/portofino-dry-gin\/","name":"Portofino Dry Gin - DUNAPRO","isPartOf":{"@id":"https:\/\/dunapro.hu\/en\/#website"},"datePublished":"2025-01-06T12:46:39+00:00","dateModified":"2025-10-15T08:40:14+00:00","breadcrumb":{"@id":"https:\/\/dunapro.hu\/en\/product\/portofino-dry-gin\/#breadcrumb"},"inLanguage":"en-US","potentialAction":[{"@type":"ReadAction","target":["https:\/\/dunapro.hu\/en\/product\/portofino-dry-gin\/"]}]},{"@type":"BreadcrumbList","@id":"https:\/\/dunapro.hu\/en\/product\/portofino-dry-gin\/#breadcrumb","itemListElement":[{"@type":"ListItem","position":1,"name":"Home","item":"https:\/\/dunapro.hu\/en\/"},{"@type":"ListItem","position":2,"name":"Term\u00e9keink1","item":"https:\/\/dunapro.hu\/?page_id=955"},{"@type":"ListItem","position":3,"name":"Portofino Dry Gin"}]},{"@type":"WebSite","@id":"https:\/\/dunapro.hu\/en\/#website","url":"https:\/\/dunapro.hu\/en\/","name":"DUNAPRO","description":"FULL SERVICE TERM\u00c9KDISZTRIB\u00daCI\u00d3","publisher":{"@id":"https:\/\/dunapro.hu\/en\/#organization"},"potentialAction":[{"@type":"SearchAction","target":{"@type":"EntryPoint","urlTemplate":"https:\/\/dunapro.hu\/en\/?s={search_term_string}"},"query-input":"required name=search_term_string"}],"inLanguage":"en-US"},{"@type":"Organization","@id":"https:\/\/dunapro.hu\/en\/#organization","name":"Dunapro disztrib\u00faci\u00f3","url":"https:\/\/dunapro.hu\/en\/","logo":{"@type":"ImageObject","inLanguage":"en-US","@id":"https:\/\/dunapro.hu\/en\/#\/schema\/logo\/image\/","url":"https:\/\/dunapro.hu\/wp-content\/uploads\/2020\/06\/dunapro_logo_2020_sw.png","contentUrl":"https:\/\/dunapro.hu\/wp-content\/uploads\/2020\/06\/dunapro_logo_2020_sw.png","width":500,"height":216,"caption":"Dunapro disztrib\u00faci\u00f3"},"image":{"@id":"https:\/\/dunapro.hu\/en\/#\/schema\/logo\/image\/"}}]}},"_links":{"self":[{"href":"https:\/\/dunapro.hu\/en\/wp-json\/wp\/v2\/product\/4042"}],"collection":[{"href":"https:\/\/dunapro.hu\/en\/wp-json\/wp\/v2\/product"}],"about":[{"href":"https:\/\/dunapro.hu\/en\/wp-json\/wp\/v2\/types\/product"}],"wp:featuredmedia":[{"embeddable":true,"href":"https:\/\/dunapro.hu\/en\/wp-json\/wp\/v2\/media\/4177"}],"wp:attachment":[{"href":"https:\/\/dunapro.hu\/en\/wp-json\/wp\/v2\/media?parent=4042"}],"wp:term":[{"taxonomy":"product_cat","embeddable":true,"href":"https:\/\/dunapro.hu\/en\/wp-json\/wp\/v2\/product_cat?post=4042"},{"taxonomy":"product_tag","embeddable":true,"href":"https:\/\/dunapro.hu\/en\/wp-json\/wp\/v2\/product_tag?post=4042"}],"curies":[{"name":"wp","href":"https:\/\/api.w.org\/{rel}","templated":true}]}}