{"id":3691,"date":"2023-10-25T10:45:22","date_gmt":"2023-10-25T08:45:22","guid":{"rendered":"https:\/\/dunapro.hu\/?post_type=product&#038;p=3691"},"modified":"2023-10-25T10:50:59","modified_gmt":"2023-10-25T08:50:59","slug":"tanduay-rum-especia","status":"publish","type":"product","link":"https:\/\/dunapro.hu\/en\/product\/tanduay-rum-especia\/","title":{"rendered":"Tanduay Rum \u2013 Especia"},"content":{"rendered":"","protected":false},"excerpt":{"rendered":"<div>\n<p>Savor the warmth, hints of spices and fragrant flavors of Especia Spiced Rum. Made from heirloom sugarcanes, our award-winning Philippine gold rum is infused with the taste of exotic spices and tropical fruits. A smooth, elegant spiced rum from the finest ingredients, let Especia captivate you into a fascinating experience.<\/p>\n<\/div>\n<div><\/div>\n<div style=\"padding-bottom: 2vh;\">[us_btn label=\"INTEREST\" link=\"url:\/en\/contact|title:Contact||\" style=\"3\"]<\/div>\n<div class=\"inlinesocials\" style=\"display: inline-flex !important;\"><strong>Share:<\/strong> [addtoany]<\/div>\n","protected":false},"featured_media":3693,"template":"","meta":[],"product_cat":[92],"product_tag":[151],"yoast_head":"<!-- This site is optimized with the Yoast SEO plugin v22.0 - https:\/\/yoast.com\/wordpress\/plugins\/seo\/ -->\n<title>Tanduay Rum \u2013 Especia - DUNAPRO<\/title>\n<meta name=\"description\" content=\"Savor the warmth, hints of spices and fragrant flavors of Especia Spiced Rum. Made from heirloom sugarcanes, our award-winning Philippine gold rum is infused with the taste of exotic spices and tropical fruits.\" \/>\n<meta name=\"robots\" content=\"index, follow, max-snippet:-1, max-image-preview:large, max-video-preview:-1\" \/>\n<link rel=\"canonical\" href=\"https:\/\/dunapro.hu\/en\/product\/tanduay-rum-especia\/\" \/>\n<meta property=\"og:locale\" content=\"en_US\" \/>\n<meta property=\"og:type\" content=\"article\" \/>\n<meta property=\"og:title\" content=\"Tanduay Rum \u2013 Especia - DUNAPRO\" \/>\n<meta property=\"og:description\" content=\"Savor the warmth, hints of spices and fragrant flavors of Especia Spiced Rum. Made from heirloom sugarcanes, our award-winning Philippine gold rum is infused with the taste of exotic spices and tropical fruits.\" \/>\n<meta property=\"og:url\" content=\"https:\/\/dunapro.hu\/en\/product\/tanduay-rum-especia\/\" \/>\n<meta property=\"og:site_name\" content=\"DUNAPRO\" \/>\n<meta property=\"article:modified_time\" content=\"2023-10-25T08:50:59+00:00\" \/>\n<meta property=\"og:image\" content=\"https:\/\/dunapro.hu\/wp-content\/uploads\/2023\/10\/Tanduay-Asian-Rum-Especia.jpg\" \/>\n\t<meta property=\"og:image:width\" content=\"800\" \/>\n\t<meta property=\"og:image:height\" content=\"800\" \/>\n\t<meta property=\"og:image:type\" content=\"image\/jpeg\" \/>\n<meta name=\"twitter:card\" content=\"summary_large_image\" \/>\n<script type=\"application\/ld+json\" class=\"yoast-schema-graph\">{\"@context\":\"https:\/\/schema.org\",\"@graph\":[{\"@type\":\"WebPage\",\"@id\":\"https:\/\/dunapro.hu\/en\/product\/tanduay-rum-especia\/\",\"url\":\"https:\/\/dunapro.hu\/en\/product\/tanduay-rum-especia\/\",\"name\":\"Tanduay Rum \u2013 Especia - DUNAPRO\",\"isPartOf\":{\"@id\":\"https:\/\/dunapro.hu\/en\/#website\"},\"datePublished\":\"2023-10-25T08:45:22+00:00\",\"dateModified\":\"2023-10-25T08:50:59+00:00\",\"description\":\"Savor the warmth, hints of spices and fragrant flavors of Especia Spiced Rum. Made from heirloom sugarcanes, our award-winning Philippine gold rum is infused with the taste of exotic spices and tropical fruits.\",\"breadcrumb\":{\"@id\":\"https:\/\/dunapro.hu\/en\/product\/tanduay-rum-especia\/#breadcrumb\"},\"inLanguage\":\"en-US\",\"potentialAction\":[{\"@type\":\"ReadAction\",\"target\":[\"https:\/\/dunapro.hu\/en\/product\/tanduay-rum-especia\/\"]}]},{\"@type\":\"BreadcrumbList\",\"@id\":\"https:\/\/dunapro.hu\/en\/product\/tanduay-rum-especia\/#breadcrumb\",\"itemListElement\":[{\"@type\":\"ListItem\",\"position\":1,\"name\":\"Home\",\"item\":\"https:\/\/dunapro.hu\/en\/\"},{\"@type\":\"ListItem\",\"position\":2,\"name\":\"Term\u00e9keink1\",\"item\":\"https:\/\/dunapro.hu\/?page_id=955\"},{\"@type\":\"ListItem\",\"position\":3,\"name\":\"Tanduay Rum \u2013 Especia\"}]},{\"@type\":\"WebSite\",\"@id\":\"https:\/\/dunapro.hu\/en\/#website\",\"url\":\"https:\/\/dunapro.hu\/en\/\",\"name\":\"DUNAPRO\",\"description\":\"FULL SERVICE TERM\u00c9KDISZTRIB\u00daCI\u00d3\",\"publisher\":{\"@id\":\"https:\/\/dunapro.hu\/en\/#organization\"},\"potentialAction\":[{\"@type\":\"SearchAction\",\"target\":{\"@type\":\"EntryPoint\",\"urlTemplate\":\"https:\/\/dunapro.hu\/en\/?s={search_term_string}\"},\"query-input\":\"required name=search_term_string\"}],\"inLanguage\":\"en-US\"},{\"@type\":\"Organization\",\"@id\":\"https:\/\/dunapro.hu\/en\/#organization\",\"name\":\"Dunapro disztrib\u00faci\u00f3\",\"url\":\"https:\/\/dunapro.hu\/en\/\",\"logo\":{\"@type\":\"ImageObject\",\"inLanguage\":\"en-US\",\"@id\":\"https:\/\/dunapro.hu\/en\/#\/schema\/logo\/image\/\",\"url\":\"https:\/\/dunapro.hu\/wp-content\/uploads\/2020\/06\/dunapro_logo_2020_sw.png\",\"contentUrl\":\"https:\/\/dunapro.hu\/wp-content\/uploads\/2020\/06\/dunapro_logo_2020_sw.png\",\"width\":500,\"height\":216,\"caption\":\"Dunapro disztrib\u00faci\u00f3\"},\"image\":{\"@id\":\"https:\/\/dunapro.hu\/en\/#\/schema\/logo\/image\/\"}}]}<\/script>\n<!-- \/ Yoast SEO plugin. -->","yoast_head_json":{"title":"Tanduay Rum \u2013 Especia - DUNAPRO","description":"Savor the warmth, hints of spices and fragrant flavors of Especia Spiced Rum. Made from heirloom sugarcanes, our award-winning Philippine gold rum is infused with the taste of exotic spices and tropical fruits.","robots":{"index":"index","follow":"follow","max-snippet":"max-snippet:-1","max-image-preview":"max-image-preview:large","max-video-preview":"max-video-preview:-1"},"canonical":"https:\/\/dunapro.hu\/en\/product\/tanduay-rum-especia\/","og_locale":"en_US","og_type":"article","og_title":"Tanduay Rum \u2013 Especia - DUNAPRO","og_description":"Savor the warmth, hints of spices and fragrant flavors of Especia Spiced Rum. Made from heirloom sugarcanes, our award-winning Philippine gold rum is infused with the taste of exotic spices and tropical fruits.","og_url":"https:\/\/dunapro.hu\/en\/product\/tanduay-rum-especia\/","og_site_name":"DUNAPRO","article_modified_time":"2023-10-25T08:50:59+00:00","og_image":[{"width":800,"height":800,"url":"https:\/\/dunapro.hu\/wp-content\/uploads\/2023\/10\/Tanduay-Asian-Rum-Especia.jpg","type":"image\/jpeg"}],"twitter_card":"summary_large_image","schema":{"@context":"https:\/\/schema.org","@graph":[{"@type":"WebPage","@id":"https:\/\/dunapro.hu\/en\/product\/tanduay-rum-especia\/","url":"https:\/\/dunapro.hu\/en\/product\/tanduay-rum-especia\/","name":"Tanduay Rum \u2013 Especia - DUNAPRO","isPartOf":{"@id":"https:\/\/dunapro.hu\/en\/#website"},"datePublished":"2023-10-25T08:45:22+00:00","dateModified":"2023-10-25T08:50:59+00:00","description":"Savor the warmth, hints of spices and fragrant flavors of Especia Spiced Rum. Made from heirloom sugarcanes, our award-winning Philippine gold rum is infused with the taste of exotic spices and tropical fruits.","breadcrumb":{"@id":"https:\/\/dunapro.hu\/en\/product\/tanduay-rum-especia\/#breadcrumb"},"inLanguage":"en-US","potentialAction":[{"@type":"ReadAction","target":["https:\/\/dunapro.hu\/en\/product\/tanduay-rum-especia\/"]}]},{"@type":"BreadcrumbList","@id":"https:\/\/dunapro.hu\/en\/product\/tanduay-rum-especia\/#breadcrumb","itemListElement":[{"@type":"ListItem","position":1,"name":"Home","item":"https:\/\/dunapro.hu\/en\/"},{"@type":"ListItem","position":2,"name":"Term\u00e9keink1","item":"https:\/\/dunapro.hu\/?page_id=955"},{"@type":"ListItem","position":3,"name":"Tanduay Rum \u2013 Especia"}]},{"@type":"WebSite","@id":"https:\/\/dunapro.hu\/en\/#website","url":"https:\/\/dunapro.hu\/en\/","name":"DUNAPRO","description":"FULL SERVICE TERM\u00c9KDISZTRIB\u00daCI\u00d3","publisher":{"@id":"https:\/\/dunapro.hu\/en\/#organization"},"potentialAction":[{"@type":"SearchAction","target":{"@type":"EntryPoint","urlTemplate":"https:\/\/dunapro.hu\/en\/?s={search_term_string}"},"query-input":"required name=search_term_string"}],"inLanguage":"en-US"},{"@type":"Organization","@id":"https:\/\/dunapro.hu\/en\/#organization","name":"Dunapro disztrib\u00faci\u00f3","url":"https:\/\/dunapro.hu\/en\/","logo":{"@type":"ImageObject","inLanguage":"en-US","@id":"https:\/\/dunapro.hu\/en\/#\/schema\/logo\/image\/","url":"https:\/\/dunapro.hu\/wp-content\/uploads\/2020\/06\/dunapro_logo_2020_sw.png","contentUrl":"https:\/\/dunapro.hu\/wp-content\/uploads\/2020\/06\/dunapro_logo_2020_sw.png","width":500,"height":216,"caption":"Dunapro disztrib\u00faci\u00f3"},"image":{"@id":"https:\/\/dunapro.hu\/en\/#\/schema\/logo\/image\/"}}]}},"_links":{"self":[{"href":"https:\/\/dunapro.hu\/en\/wp-json\/wp\/v2\/product\/3691"}],"collection":[{"href":"https:\/\/dunapro.hu\/en\/wp-json\/wp\/v2\/product"}],"about":[{"href":"https:\/\/dunapro.hu\/en\/wp-json\/wp\/v2\/types\/product"}],"wp:featuredmedia":[{"embeddable":true,"href":"https:\/\/dunapro.hu\/en\/wp-json\/wp\/v2\/media\/3693"}],"wp:attachment":[{"href":"https:\/\/dunapro.hu\/en\/wp-json\/wp\/v2\/media?parent=3691"}],"wp:term":[{"taxonomy":"product_cat","embeddable":true,"href":"https:\/\/dunapro.hu\/en\/wp-json\/wp\/v2\/product_cat?post=3691"},{"taxonomy":"product_tag","embeddable":true,"href":"https:\/\/dunapro.hu\/en\/wp-json\/wp\/v2\/product_tag?post=3691"}],"curies":[{"name":"wp","href":"https:\/\/api.w.org\/{rel}","templated":true}]}}