{"id":3685,"date":"2023-10-25T10:24:01","date_gmt":"2023-10-25T08:24:01","guid":{"rendered":"https:\/\/dunapro.hu\/?post_type=product&#038;p=3685"},"modified":"2023-10-25T10:34:15","modified_gmt":"2023-10-25T08:34:15","slug":"tanduay-asian-rum-silver","status":"publish","type":"product","link":"https:\/\/dunapro.hu\/en\/product\/tanduay-asian-rum-silver\/","title":{"rendered":"Tanduay Asian Rum \u2013 Silver"},"content":{"rendered":"","protected":false},"excerpt":{"rendered":"<div>This silky smooth Silver rum, from our own heritage Asian sugarcane, is only moderately filtered giving it a light straw appearance. With its pure and distinctive taste, Tanduay Asian Rum is for those seeking greater complexity and sophistication. Aged up to 5 years in bourbon barrels, with a taste profile of green ripe fruits with hints of burnt sugar, mandarin and vanilla. Perfect for sipping straight yet well balanced for mixing.<\/div>\n<div><\/div>\n<div style=\"padding-bottom: 2vh;\">[us_btn label=\"INTEREST\" link=\"url:\/en\/contact|title:Contact||\" style=\"3\"]<\/div>\n<div class=\"inlinesocials\" style=\"display: inline-flex !important;\"><strong>Share:<\/strong> [addtoany]<\/div>\n","protected":false},"featured_media":3689,"template":"","meta":[],"product_cat":[92],"product_tag":[151],"yoast_head":"<!-- This site is optimized with the Yoast SEO plugin v22.0 - https:\/\/yoast.com\/wordpress\/plugins\/seo\/ -->\n<title>Tanduay Asian Rum \u2013 Silver - DUNAPRO<\/title>\n<meta name=\"description\" content=\"With its pure and distinctive taste, Tanduay Asian Rum is for those seeking greater complexity and sophistication.\" \/>\n<meta name=\"robots\" content=\"index, follow, max-snippet:-1, max-image-preview:large, max-video-preview:-1\" \/>\n<link rel=\"canonical\" href=\"https:\/\/dunapro.hu\/en\/product\/tanduay-asian-rum-silver\/\" \/>\n<meta property=\"og:locale\" content=\"en_US\" \/>\n<meta property=\"og:type\" content=\"article\" \/>\n<meta property=\"og:title\" content=\"Tanduay Asian Rum \u2013 Silver - DUNAPRO\" \/>\n<meta property=\"og:description\" content=\"With its pure and distinctive taste, Tanduay Asian Rum is for those seeking greater complexity and sophistication.\" \/>\n<meta property=\"og:url\" content=\"https:\/\/dunapro.hu\/en\/product\/tanduay-asian-rum-silver\/\" \/>\n<meta property=\"og:site_name\" content=\"DUNAPRO\" \/>\n<meta property=\"article:modified_time\" content=\"2023-10-25T08:34:15+00:00\" \/>\n<meta property=\"og:image\" content=\"https:\/\/dunapro.hu\/wp-content\/uploads\/2023\/10\/Tanduay-Asian-Rum-Silver.jpg\" \/>\n\t<meta property=\"og:image:width\" content=\"800\" \/>\n\t<meta property=\"og:image:height\" content=\"800\" \/>\n\t<meta property=\"og:image:type\" content=\"image\/jpeg\" \/>\n<meta name=\"twitter:card\" content=\"summary_large_image\" \/>\n<script type=\"application\/ld+json\" class=\"yoast-schema-graph\">{\"@context\":\"https:\/\/schema.org\",\"@graph\":[{\"@type\":\"WebPage\",\"@id\":\"https:\/\/dunapro.hu\/en\/product\/tanduay-asian-rum-silver\/\",\"url\":\"https:\/\/dunapro.hu\/en\/product\/tanduay-asian-rum-silver\/\",\"name\":\"Tanduay Asian Rum \u2013 Silver - DUNAPRO\",\"isPartOf\":{\"@id\":\"https:\/\/dunapro.hu\/en\/#website\"},\"datePublished\":\"2023-10-25T08:24:01+00:00\",\"dateModified\":\"2023-10-25T08:34:15+00:00\",\"description\":\"With its pure and distinctive taste, Tanduay Asian Rum is for those seeking greater complexity and sophistication.\",\"breadcrumb\":{\"@id\":\"https:\/\/dunapro.hu\/en\/product\/tanduay-asian-rum-silver\/#breadcrumb\"},\"inLanguage\":\"en-US\",\"potentialAction\":[{\"@type\":\"ReadAction\",\"target\":[\"https:\/\/dunapro.hu\/en\/product\/tanduay-asian-rum-silver\/\"]}]},{\"@type\":\"BreadcrumbList\",\"@id\":\"https:\/\/dunapro.hu\/en\/product\/tanduay-asian-rum-silver\/#breadcrumb\",\"itemListElement\":[{\"@type\":\"ListItem\",\"position\":1,\"name\":\"Home\",\"item\":\"https:\/\/dunapro.hu\/en\/\"},{\"@type\":\"ListItem\",\"position\":2,\"name\":\"Term\u00e9keink1\",\"item\":\"https:\/\/dunapro.hu\/?page_id=955\"},{\"@type\":\"ListItem\",\"position\":3,\"name\":\"Tanduay Asian Rum \u2013 Silver\"}]},{\"@type\":\"WebSite\",\"@id\":\"https:\/\/dunapro.hu\/en\/#website\",\"url\":\"https:\/\/dunapro.hu\/en\/\",\"name\":\"DUNAPRO\",\"description\":\"FULL SERVICE TERM\u00c9KDISZTRIB\u00daCI\u00d3\",\"publisher\":{\"@id\":\"https:\/\/dunapro.hu\/en\/#organization\"},\"potentialAction\":[{\"@type\":\"SearchAction\",\"target\":{\"@type\":\"EntryPoint\",\"urlTemplate\":\"https:\/\/dunapro.hu\/en\/?s={search_term_string}\"},\"query-input\":\"required name=search_term_string\"}],\"inLanguage\":\"en-US\"},{\"@type\":\"Organization\",\"@id\":\"https:\/\/dunapro.hu\/en\/#organization\",\"name\":\"Dunapro disztrib\u00faci\u00f3\",\"url\":\"https:\/\/dunapro.hu\/en\/\",\"logo\":{\"@type\":\"ImageObject\",\"inLanguage\":\"en-US\",\"@id\":\"https:\/\/dunapro.hu\/en\/#\/schema\/logo\/image\/\",\"url\":\"https:\/\/dunapro.hu\/wp-content\/uploads\/2020\/06\/dunapro_logo_2020_sw.png\",\"contentUrl\":\"https:\/\/dunapro.hu\/wp-content\/uploads\/2020\/06\/dunapro_logo_2020_sw.png\",\"width\":500,\"height\":216,\"caption\":\"Dunapro disztrib\u00faci\u00f3\"},\"image\":{\"@id\":\"https:\/\/dunapro.hu\/en\/#\/schema\/logo\/image\/\"}}]}<\/script>\n<!-- \/ Yoast SEO plugin. -->","yoast_head_json":{"title":"Tanduay Asian Rum \u2013 Silver - DUNAPRO","description":"With its pure and distinctive taste, Tanduay Asian Rum is for those seeking greater complexity and sophistication.","robots":{"index":"index","follow":"follow","max-snippet":"max-snippet:-1","max-image-preview":"max-image-preview:large","max-video-preview":"max-video-preview:-1"},"canonical":"https:\/\/dunapro.hu\/en\/product\/tanduay-asian-rum-silver\/","og_locale":"en_US","og_type":"article","og_title":"Tanduay Asian Rum \u2013 Silver - DUNAPRO","og_description":"With its pure and distinctive taste, Tanduay Asian Rum is for those seeking greater complexity and sophistication.","og_url":"https:\/\/dunapro.hu\/en\/product\/tanduay-asian-rum-silver\/","og_site_name":"DUNAPRO","article_modified_time":"2023-10-25T08:34:15+00:00","og_image":[{"width":800,"height":800,"url":"https:\/\/dunapro.hu\/wp-content\/uploads\/2023\/10\/Tanduay-Asian-Rum-Silver.jpg","type":"image\/jpeg"}],"twitter_card":"summary_large_image","schema":{"@context":"https:\/\/schema.org","@graph":[{"@type":"WebPage","@id":"https:\/\/dunapro.hu\/en\/product\/tanduay-asian-rum-silver\/","url":"https:\/\/dunapro.hu\/en\/product\/tanduay-asian-rum-silver\/","name":"Tanduay Asian Rum \u2013 Silver - DUNAPRO","isPartOf":{"@id":"https:\/\/dunapro.hu\/en\/#website"},"datePublished":"2023-10-25T08:24:01+00:00","dateModified":"2023-10-25T08:34:15+00:00","description":"With its pure and distinctive taste, Tanduay Asian Rum is for those seeking greater complexity and sophistication.","breadcrumb":{"@id":"https:\/\/dunapro.hu\/en\/product\/tanduay-asian-rum-silver\/#breadcrumb"},"inLanguage":"en-US","potentialAction":[{"@type":"ReadAction","target":["https:\/\/dunapro.hu\/en\/product\/tanduay-asian-rum-silver\/"]}]},{"@type":"BreadcrumbList","@id":"https:\/\/dunapro.hu\/en\/product\/tanduay-asian-rum-silver\/#breadcrumb","itemListElement":[{"@type":"ListItem","position":1,"name":"Home","item":"https:\/\/dunapro.hu\/en\/"},{"@type":"ListItem","position":2,"name":"Term\u00e9keink1","item":"https:\/\/dunapro.hu\/?page_id=955"},{"@type":"ListItem","position":3,"name":"Tanduay Asian Rum \u2013 Silver"}]},{"@type":"WebSite","@id":"https:\/\/dunapro.hu\/en\/#website","url":"https:\/\/dunapro.hu\/en\/","name":"DUNAPRO","description":"FULL SERVICE TERM\u00c9KDISZTRIB\u00daCI\u00d3","publisher":{"@id":"https:\/\/dunapro.hu\/en\/#organization"},"potentialAction":[{"@type":"SearchAction","target":{"@type":"EntryPoint","urlTemplate":"https:\/\/dunapro.hu\/en\/?s={search_term_string}"},"query-input":"required name=search_term_string"}],"inLanguage":"en-US"},{"@type":"Organization","@id":"https:\/\/dunapro.hu\/en\/#organization","name":"Dunapro disztrib\u00faci\u00f3","url":"https:\/\/dunapro.hu\/en\/","logo":{"@type":"ImageObject","inLanguage":"en-US","@id":"https:\/\/dunapro.hu\/en\/#\/schema\/logo\/image\/","url":"https:\/\/dunapro.hu\/wp-content\/uploads\/2020\/06\/dunapro_logo_2020_sw.png","contentUrl":"https:\/\/dunapro.hu\/wp-content\/uploads\/2020\/06\/dunapro_logo_2020_sw.png","width":500,"height":216,"caption":"Dunapro disztrib\u00faci\u00f3"},"image":{"@id":"https:\/\/dunapro.hu\/en\/#\/schema\/logo\/image\/"}}]}},"_links":{"self":[{"href":"https:\/\/dunapro.hu\/en\/wp-json\/wp\/v2\/product\/3685"}],"collection":[{"href":"https:\/\/dunapro.hu\/en\/wp-json\/wp\/v2\/product"}],"about":[{"href":"https:\/\/dunapro.hu\/en\/wp-json\/wp\/v2\/types\/product"}],"wp:featuredmedia":[{"embeddable":true,"href":"https:\/\/dunapro.hu\/en\/wp-json\/wp\/v2\/media\/3689"}],"wp:attachment":[{"href":"https:\/\/dunapro.hu\/en\/wp-json\/wp\/v2\/media?parent=3685"}],"wp:term":[{"taxonomy":"product_cat","embeddable":true,"href":"https:\/\/dunapro.hu\/en\/wp-json\/wp\/v2\/product_cat?post=3685"},{"taxonomy":"product_tag","embeddable":true,"href":"https:\/\/dunapro.hu\/en\/wp-json\/wp\/v2\/product_tag?post=3685"}],"curies":[{"name":"wp","href":"https:\/\/api.w.org\/{rel}","templated":true}]}}