{"id":3681,"date":"2023-10-25T10:07:32","date_gmt":"2023-10-25T08:07:33","guid":{"rendered":"https:\/\/dunapro.hu\/?post_type=product&#038;p=3681"},"modified":"2023-10-25T10:37:53","modified_gmt":"2023-10-25T08:37:53","slug":"tanduay-asian-rum-gold","status":"publish","type":"product","link":"https:\/\/dunapro.hu\/en\/product\/tanduay-asian-rum-gold\/","title":{"rendered":"Tanduay Asian Rum \u2013 Gold"},"content":{"rendered":"","protected":false},"excerpt":{"rendered":"<div>The silky smooth Gold rum from our own heritage sugarcane, reveals how Tanduay became the global leader in dark rum. With its pure and distinctive taste, Tanduay Asian Rum is for those seeking greater complexity and sophistication. Aged up to 7 years in bourbon barrels, with a taste profile of mature honey with hints of toasted oak, almond and vanilla. Appreciate neat or combined with your preferred mixer.<\/div>\n<div><\/div>\n<div style=\"padding-bottom: 2vh;\">[us_btn label=\"INTEREST\" link=\"url:\/en\/contact|title:Contact||\" style=\"3\"]<\/div>\n<div class=\"inlinesocials\" style=\"display: inline-flex !important;\"><strong>Share:<\/strong> [addtoany]<\/div>\n","protected":false},"featured_media":3683,"template":"","meta":[],"product_cat":[92],"product_tag":[151],"yoast_head":"<!-- This site is optimized with the Yoast SEO plugin v22.0 - https:\/\/yoast.com\/wordpress\/plugins\/seo\/ -->\n<title>Tanduay Asian Rum \u2013 Gold - DUNAPRO<\/title>\n<meta name=\"description\" content=\"The silky smooth Gold rum from our own heritage sugarcane, reveals how Tanduay became the global leader in dark rum.\" \/>\n<meta name=\"robots\" content=\"index, follow, max-snippet:-1, max-image-preview:large, max-video-preview:-1\" \/>\n<link rel=\"canonical\" href=\"https:\/\/dunapro.hu\/en\/product\/tanduay-asian-rum-gold\/\" \/>\n<meta property=\"og:locale\" content=\"en_US\" \/>\n<meta property=\"og:type\" content=\"article\" \/>\n<meta property=\"og:title\" content=\"Tanduay Asian Rum \u2013 Gold - DUNAPRO\" \/>\n<meta property=\"og:description\" content=\"The silky smooth Gold rum from our own heritage sugarcane, reveals how Tanduay became the global leader in dark rum.\" \/>\n<meta property=\"og:url\" content=\"https:\/\/dunapro.hu\/en\/product\/tanduay-asian-rum-gold\/\" \/>\n<meta property=\"og:site_name\" content=\"DUNAPRO\" \/>\n<meta property=\"article:modified_time\" content=\"2023-10-25T08:37:53+00:00\" \/>\n<meta property=\"og:image\" content=\"https:\/\/dunapro.hu\/wp-content\/uploads\/2023\/10\/Tanduay-Asian-Rum-\u2013-Gold.jpg\" \/>\n\t<meta property=\"og:image:width\" content=\"800\" \/>\n\t<meta property=\"og:image:height\" content=\"800\" \/>\n\t<meta property=\"og:image:type\" content=\"image\/jpeg\" \/>\n<meta name=\"twitter:card\" content=\"summary_large_image\" \/>\n<script type=\"application\/ld+json\" class=\"yoast-schema-graph\">{\"@context\":\"https:\/\/schema.org\",\"@graph\":[{\"@type\":\"WebPage\",\"@id\":\"https:\/\/dunapro.hu\/en\/product\/tanduay-asian-rum-gold\/\",\"url\":\"https:\/\/dunapro.hu\/en\/product\/tanduay-asian-rum-gold\/\",\"name\":\"Tanduay Asian Rum \u2013 Gold - DUNAPRO\",\"isPartOf\":{\"@id\":\"https:\/\/dunapro.hu\/en\/#website\"},\"datePublished\":\"2023-10-25T08:07:33+00:00\",\"dateModified\":\"2023-10-25T08:37:53+00:00\",\"description\":\"The silky smooth Gold rum from our own heritage sugarcane, reveals how Tanduay became the global leader in dark rum.\",\"breadcrumb\":{\"@id\":\"https:\/\/dunapro.hu\/en\/product\/tanduay-asian-rum-gold\/#breadcrumb\"},\"inLanguage\":\"en-US\",\"potentialAction\":[{\"@type\":\"ReadAction\",\"target\":[\"https:\/\/dunapro.hu\/en\/product\/tanduay-asian-rum-gold\/\"]}]},{\"@type\":\"BreadcrumbList\",\"@id\":\"https:\/\/dunapro.hu\/en\/product\/tanduay-asian-rum-gold\/#breadcrumb\",\"itemListElement\":[{\"@type\":\"ListItem\",\"position\":1,\"name\":\"Home\",\"item\":\"https:\/\/dunapro.hu\/en\/\"},{\"@type\":\"ListItem\",\"position\":2,\"name\":\"Term\u00e9keink1\",\"item\":\"https:\/\/dunapro.hu\/?page_id=955\"},{\"@type\":\"ListItem\",\"position\":3,\"name\":\"Tanduay Asian Rum \u2013 Gold\"}]},{\"@type\":\"WebSite\",\"@id\":\"https:\/\/dunapro.hu\/en\/#website\",\"url\":\"https:\/\/dunapro.hu\/en\/\",\"name\":\"DUNAPRO\",\"description\":\"FULL SERVICE TERM\u00c9KDISZTRIB\u00daCI\u00d3\",\"publisher\":{\"@id\":\"https:\/\/dunapro.hu\/en\/#organization\"},\"potentialAction\":[{\"@type\":\"SearchAction\",\"target\":{\"@type\":\"EntryPoint\",\"urlTemplate\":\"https:\/\/dunapro.hu\/en\/?s={search_term_string}\"},\"query-input\":\"required name=search_term_string\"}],\"inLanguage\":\"en-US\"},{\"@type\":\"Organization\",\"@id\":\"https:\/\/dunapro.hu\/en\/#organization\",\"name\":\"Dunapro disztrib\u00faci\u00f3\",\"url\":\"https:\/\/dunapro.hu\/en\/\",\"logo\":{\"@type\":\"ImageObject\",\"inLanguage\":\"en-US\",\"@id\":\"https:\/\/dunapro.hu\/en\/#\/schema\/logo\/image\/\",\"url\":\"https:\/\/dunapro.hu\/wp-content\/uploads\/2020\/06\/dunapro_logo_2020_sw.png\",\"contentUrl\":\"https:\/\/dunapro.hu\/wp-content\/uploads\/2020\/06\/dunapro_logo_2020_sw.png\",\"width\":500,\"height\":216,\"caption\":\"Dunapro disztrib\u00faci\u00f3\"},\"image\":{\"@id\":\"https:\/\/dunapro.hu\/en\/#\/schema\/logo\/image\/\"}}]}<\/script>\n<!-- \/ Yoast SEO plugin. -->","yoast_head_json":{"title":"Tanduay Asian Rum \u2013 Gold - DUNAPRO","description":"The silky smooth Gold rum from our own heritage sugarcane, reveals how Tanduay became the global leader in dark rum.","robots":{"index":"index","follow":"follow","max-snippet":"max-snippet:-1","max-image-preview":"max-image-preview:large","max-video-preview":"max-video-preview:-1"},"canonical":"https:\/\/dunapro.hu\/en\/product\/tanduay-asian-rum-gold\/","og_locale":"en_US","og_type":"article","og_title":"Tanduay Asian Rum \u2013 Gold - DUNAPRO","og_description":"The silky smooth Gold rum from our own heritage sugarcane, reveals how Tanduay became the global leader in dark rum.","og_url":"https:\/\/dunapro.hu\/en\/product\/tanduay-asian-rum-gold\/","og_site_name":"DUNAPRO","article_modified_time":"2023-10-25T08:37:53+00:00","og_image":[{"width":800,"height":800,"url":"https:\/\/dunapro.hu\/wp-content\/uploads\/2023\/10\/Tanduay-Asian-Rum-\u2013-Gold.jpg","type":"image\/jpeg"}],"twitter_card":"summary_large_image","schema":{"@context":"https:\/\/schema.org","@graph":[{"@type":"WebPage","@id":"https:\/\/dunapro.hu\/en\/product\/tanduay-asian-rum-gold\/","url":"https:\/\/dunapro.hu\/en\/product\/tanduay-asian-rum-gold\/","name":"Tanduay Asian Rum \u2013 Gold - DUNAPRO","isPartOf":{"@id":"https:\/\/dunapro.hu\/en\/#website"},"datePublished":"2023-10-25T08:07:33+00:00","dateModified":"2023-10-25T08:37:53+00:00","description":"The silky smooth Gold rum from our own heritage sugarcane, reveals how Tanduay became the global leader in dark rum.","breadcrumb":{"@id":"https:\/\/dunapro.hu\/en\/product\/tanduay-asian-rum-gold\/#breadcrumb"},"inLanguage":"en-US","potentialAction":[{"@type":"ReadAction","target":["https:\/\/dunapro.hu\/en\/product\/tanduay-asian-rum-gold\/"]}]},{"@type":"BreadcrumbList","@id":"https:\/\/dunapro.hu\/en\/product\/tanduay-asian-rum-gold\/#breadcrumb","itemListElement":[{"@type":"ListItem","position":1,"name":"Home","item":"https:\/\/dunapro.hu\/en\/"},{"@type":"ListItem","position":2,"name":"Term\u00e9keink1","item":"https:\/\/dunapro.hu\/?page_id=955"},{"@type":"ListItem","position":3,"name":"Tanduay Asian Rum \u2013 Gold"}]},{"@type":"WebSite","@id":"https:\/\/dunapro.hu\/en\/#website","url":"https:\/\/dunapro.hu\/en\/","name":"DUNAPRO","description":"FULL SERVICE TERM\u00c9KDISZTRIB\u00daCI\u00d3","publisher":{"@id":"https:\/\/dunapro.hu\/en\/#organization"},"potentialAction":[{"@type":"SearchAction","target":{"@type":"EntryPoint","urlTemplate":"https:\/\/dunapro.hu\/en\/?s={search_term_string}"},"query-input":"required name=search_term_string"}],"inLanguage":"en-US"},{"@type":"Organization","@id":"https:\/\/dunapro.hu\/en\/#organization","name":"Dunapro disztrib\u00faci\u00f3","url":"https:\/\/dunapro.hu\/en\/","logo":{"@type":"ImageObject","inLanguage":"en-US","@id":"https:\/\/dunapro.hu\/en\/#\/schema\/logo\/image\/","url":"https:\/\/dunapro.hu\/wp-content\/uploads\/2020\/06\/dunapro_logo_2020_sw.png","contentUrl":"https:\/\/dunapro.hu\/wp-content\/uploads\/2020\/06\/dunapro_logo_2020_sw.png","width":500,"height":216,"caption":"Dunapro disztrib\u00faci\u00f3"},"image":{"@id":"https:\/\/dunapro.hu\/en\/#\/schema\/logo\/image\/"}}]}},"_links":{"self":[{"href":"https:\/\/dunapro.hu\/en\/wp-json\/wp\/v2\/product\/3681"}],"collection":[{"href":"https:\/\/dunapro.hu\/en\/wp-json\/wp\/v2\/product"}],"about":[{"href":"https:\/\/dunapro.hu\/en\/wp-json\/wp\/v2\/types\/product"}],"wp:featuredmedia":[{"embeddable":true,"href":"https:\/\/dunapro.hu\/en\/wp-json\/wp\/v2\/media\/3683"}],"wp:attachment":[{"href":"https:\/\/dunapro.hu\/en\/wp-json\/wp\/v2\/media?parent=3681"}],"wp:term":[{"taxonomy":"product_cat","embeddable":true,"href":"https:\/\/dunapro.hu\/en\/wp-json\/wp\/v2\/product_cat?post=3681"},{"taxonomy":"product_tag","embeddable":true,"href":"https:\/\/dunapro.hu\/en\/wp-json\/wp\/v2\/product_tag?post=3681"}],"curies":[{"name":"wp","href":"https:\/\/api.w.org\/{rel}","templated":true}]}}