{"id":3514,"date":"2023-05-25T07:14:26","date_gmt":"2023-05-25T05:14:26","guid":{"rendered":"https:\/\/dunapro.hu\/?post_type=product&#038;p=3514"},"modified":"2023-05-25T07:39:28","modified_gmt":"2023-05-25T05:39:28","slug":"ouzo12","status":"publish","type":"product","link":"https:\/\/dunapro.hu\/en\/product\/ouzo12\/","title":{"rendered":"Ouzo12"},"content":{"rendered":"","protected":false},"excerpt":{"rendered":"<div class=\"termekoldal_leiras\">\n<div class=\"biztonsagi_adatlapok\">Ouzo12 is the Ouzo with the extraordinary aroma of history and tradition. Every single bottle is representative of the soul of Greece. It took its name in 1880 at the Kaloyannis Distillery from &#8220;Barrel No12&#8221;. This extract was preferred for its rich taste and its delicate aroma. Today, it still keeps the same taste that makes Ouzo12 one ofthe most consumed varieties of this aniseed-flavoured spirit of Greek tradition worldwide. Ouzo 12 originated in Constantinople, now known as Istanbul, in 1880. With the passing of the years is has affirmed itself as the most popular ouzo brand in the world, always remaining faithful to its original recipe. Ouzo 12 is part of the Gruppo Campari since 1999.<\/div>\n<\/div>\n<div style=\"padding-bottom: 2vh;\">[us_btn label=\"INTEREST\" link=\"url:\/en\/contact|title:Contact||\" style=\"3\"]<\/div>\n<div class=\"inlinesocials\" style=\"display: inline-flex !important;\"><strong>Share:<\/strong> [addtoany]<\/div>\n","protected":false},"featured_media":3516,"template":"","meta":[],"product_cat":[92],"product_tag":[145],"yoast_head":"<!-- This site is optimized with the Yoast SEO plugin v22.0 - https:\/\/yoast.com\/wordpress\/plugins\/seo\/ -->\n<title>Ouzo12 - DUNAPRO Fogyasszunk m\u00e9rt\u00e9kkel \u00e9rt\u00e9ket!<\/title>\n<meta name=\"description\" content=\"Ouzo12 is the Ouzo with the extraordinary aroma of history and tradition.\" \/>\n<meta name=\"robots\" content=\"index, follow, max-snippet:-1, max-image-preview:large, max-video-preview:-1\" \/>\n<link rel=\"canonical\" href=\"https:\/\/dunapro.hu\/en\/product\/ouzo12\/\" \/>\n<meta property=\"og:locale\" content=\"en_US\" \/>\n<meta property=\"og:type\" content=\"article\" \/>\n<meta property=\"og:title\" content=\"Ouzo12 - DUNAPRO Fogyasszunk m\u00e9rt\u00e9kkel \u00e9rt\u00e9ket!\" \/>\n<meta property=\"og:description\" content=\"Ouzo12 is the Ouzo with the extraordinary aroma of history and tradition.\" \/>\n<meta property=\"og:url\" content=\"https:\/\/dunapro.hu\/en\/product\/ouzo12\/\" \/>\n<meta property=\"og:site_name\" content=\"DUNAPRO\" \/>\n<meta property=\"article:modified_time\" content=\"2023-05-25T05:39:28+00:00\" \/>\n<meta property=\"og:image\" content=\"https:\/\/dunapro.hu\/wp-content\/uploads\/2023\/05\/Ouzo-12_dunapro_web_termekek_800x800px.jpg\" \/>\n\t<meta property=\"og:image:width\" content=\"800\" \/>\n\t<meta property=\"og:image:height\" content=\"800\" \/>\n\t<meta property=\"og:image:type\" content=\"image\/jpeg\" \/>\n<meta name=\"twitter:card\" content=\"summary_large_image\" \/>\n<script type=\"application\/ld+json\" class=\"yoast-schema-graph\">{\"@context\":\"https:\/\/schema.org\",\"@graph\":[{\"@type\":\"WebPage\",\"@id\":\"https:\/\/dunapro.hu\/en\/product\/ouzo12\/\",\"url\":\"https:\/\/dunapro.hu\/en\/product\/ouzo12\/\",\"name\":\"Ouzo12 - DUNAPRO Fogyasszunk m\u00e9rt\u00e9kkel \u00e9rt\u00e9ket!\",\"isPartOf\":{\"@id\":\"https:\/\/dunapro.hu\/en\/#website\"},\"datePublished\":\"2023-05-25T05:14:26+00:00\",\"dateModified\":\"2023-05-25T05:39:28+00:00\",\"description\":\"Ouzo12 is the Ouzo with the extraordinary aroma of history and tradition.\",\"breadcrumb\":{\"@id\":\"https:\/\/dunapro.hu\/en\/product\/ouzo12\/#breadcrumb\"},\"inLanguage\":\"en-US\",\"potentialAction\":[{\"@type\":\"ReadAction\",\"target\":[\"https:\/\/dunapro.hu\/en\/product\/ouzo12\/\"]}]},{\"@type\":\"BreadcrumbList\",\"@id\":\"https:\/\/dunapro.hu\/en\/product\/ouzo12\/#breadcrumb\",\"itemListElement\":[{\"@type\":\"ListItem\",\"position\":1,\"name\":\"Home\",\"item\":\"https:\/\/dunapro.hu\/en\/\"},{\"@type\":\"ListItem\",\"position\":2,\"name\":\"Term\u00e9keink1\",\"item\":\"https:\/\/dunapro.hu\/?page_id=955\"},{\"@type\":\"ListItem\",\"position\":3,\"name\":\"Ouzo12\"}]},{\"@type\":\"WebSite\",\"@id\":\"https:\/\/dunapro.hu\/en\/#website\",\"url\":\"https:\/\/dunapro.hu\/en\/\",\"name\":\"DUNAPRO\",\"description\":\"FULL SERVICE TERM\u00c9KDISZTRIB\u00daCI\u00d3\",\"publisher\":{\"@id\":\"https:\/\/dunapro.hu\/en\/#organization\"},\"potentialAction\":[{\"@type\":\"SearchAction\",\"target\":{\"@type\":\"EntryPoint\",\"urlTemplate\":\"https:\/\/dunapro.hu\/en\/?s={search_term_string}\"},\"query-input\":\"required name=search_term_string\"}],\"inLanguage\":\"en-US\"},{\"@type\":\"Organization\",\"@id\":\"https:\/\/dunapro.hu\/en\/#organization\",\"name\":\"Dunapro disztrib\u00faci\u00f3\",\"url\":\"https:\/\/dunapro.hu\/en\/\",\"logo\":{\"@type\":\"ImageObject\",\"inLanguage\":\"en-US\",\"@id\":\"https:\/\/dunapro.hu\/en\/#\/schema\/logo\/image\/\",\"url\":\"https:\/\/dunapro.hu\/wp-content\/uploads\/2020\/06\/dunapro_logo_2020_sw.png\",\"contentUrl\":\"https:\/\/dunapro.hu\/wp-content\/uploads\/2020\/06\/dunapro_logo_2020_sw.png\",\"width\":500,\"height\":216,\"caption\":\"Dunapro disztrib\u00faci\u00f3\"},\"image\":{\"@id\":\"https:\/\/dunapro.hu\/en\/#\/schema\/logo\/image\/\"}}]}<\/script>\n<!-- \/ Yoast SEO plugin. -->","yoast_head_json":{"title":"Ouzo12 - DUNAPRO Fogyasszunk m\u00e9rt\u00e9kkel \u00e9rt\u00e9ket!","description":"Ouzo12 is the Ouzo with the extraordinary aroma of history and tradition.","robots":{"index":"index","follow":"follow","max-snippet":"max-snippet:-1","max-image-preview":"max-image-preview:large","max-video-preview":"max-video-preview:-1"},"canonical":"https:\/\/dunapro.hu\/en\/product\/ouzo12\/","og_locale":"en_US","og_type":"article","og_title":"Ouzo12 - DUNAPRO Fogyasszunk m\u00e9rt\u00e9kkel \u00e9rt\u00e9ket!","og_description":"Ouzo12 is the Ouzo with the extraordinary aroma of history and tradition.","og_url":"https:\/\/dunapro.hu\/en\/product\/ouzo12\/","og_site_name":"DUNAPRO","article_modified_time":"2023-05-25T05:39:28+00:00","og_image":[{"width":800,"height":800,"url":"https:\/\/dunapro.hu\/wp-content\/uploads\/2023\/05\/Ouzo-12_dunapro_web_termekek_800x800px.jpg","type":"image\/jpeg"}],"twitter_card":"summary_large_image","schema":{"@context":"https:\/\/schema.org","@graph":[{"@type":"WebPage","@id":"https:\/\/dunapro.hu\/en\/product\/ouzo12\/","url":"https:\/\/dunapro.hu\/en\/product\/ouzo12\/","name":"Ouzo12 - DUNAPRO Fogyasszunk m\u00e9rt\u00e9kkel \u00e9rt\u00e9ket!","isPartOf":{"@id":"https:\/\/dunapro.hu\/en\/#website"},"datePublished":"2023-05-25T05:14:26+00:00","dateModified":"2023-05-25T05:39:28+00:00","description":"Ouzo12 is the Ouzo with the extraordinary aroma of history and tradition.","breadcrumb":{"@id":"https:\/\/dunapro.hu\/en\/product\/ouzo12\/#breadcrumb"},"inLanguage":"en-US","potentialAction":[{"@type":"ReadAction","target":["https:\/\/dunapro.hu\/en\/product\/ouzo12\/"]}]},{"@type":"BreadcrumbList","@id":"https:\/\/dunapro.hu\/en\/product\/ouzo12\/#breadcrumb","itemListElement":[{"@type":"ListItem","position":1,"name":"Home","item":"https:\/\/dunapro.hu\/en\/"},{"@type":"ListItem","position":2,"name":"Term\u00e9keink1","item":"https:\/\/dunapro.hu\/?page_id=955"},{"@type":"ListItem","position":3,"name":"Ouzo12"}]},{"@type":"WebSite","@id":"https:\/\/dunapro.hu\/en\/#website","url":"https:\/\/dunapro.hu\/en\/","name":"DUNAPRO","description":"FULL SERVICE TERM\u00c9KDISZTRIB\u00daCI\u00d3","publisher":{"@id":"https:\/\/dunapro.hu\/en\/#organization"},"potentialAction":[{"@type":"SearchAction","target":{"@type":"EntryPoint","urlTemplate":"https:\/\/dunapro.hu\/en\/?s={search_term_string}"},"query-input":"required name=search_term_string"}],"inLanguage":"en-US"},{"@type":"Organization","@id":"https:\/\/dunapro.hu\/en\/#organization","name":"Dunapro disztrib\u00faci\u00f3","url":"https:\/\/dunapro.hu\/en\/","logo":{"@type":"ImageObject","inLanguage":"en-US","@id":"https:\/\/dunapro.hu\/en\/#\/schema\/logo\/image\/","url":"https:\/\/dunapro.hu\/wp-content\/uploads\/2020\/06\/dunapro_logo_2020_sw.png","contentUrl":"https:\/\/dunapro.hu\/wp-content\/uploads\/2020\/06\/dunapro_logo_2020_sw.png","width":500,"height":216,"caption":"Dunapro disztrib\u00faci\u00f3"},"image":{"@id":"https:\/\/dunapro.hu\/en\/#\/schema\/logo\/image\/"}}]}},"_links":{"self":[{"href":"https:\/\/dunapro.hu\/en\/wp-json\/wp\/v2\/product\/3514"}],"collection":[{"href":"https:\/\/dunapro.hu\/en\/wp-json\/wp\/v2\/product"}],"about":[{"href":"https:\/\/dunapro.hu\/en\/wp-json\/wp\/v2\/types\/product"}],"wp:featuredmedia":[{"embeddable":true,"href":"https:\/\/dunapro.hu\/en\/wp-json\/wp\/v2\/media\/3516"}],"wp:attachment":[{"href":"https:\/\/dunapro.hu\/en\/wp-json\/wp\/v2\/media?parent=3514"}],"wp:term":[{"taxonomy":"product_cat","embeddable":true,"href":"https:\/\/dunapro.hu\/en\/wp-json\/wp\/v2\/product_cat?post=3514"},{"taxonomy":"product_tag","embeddable":true,"href":"https:\/\/dunapro.hu\/en\/wp-json\/wp\/v2\/product_tag?post=3514"}],"curies":[{"name":"wp","href":"https:\/\/api.w.org\/{rel}","templated":true}]}}