{"id":3167,"date":"2022-09-15T18:57:07","date_gmt":"2022-09-15T16:57:08","guid":{"rendered":"https:\/\/dunapro.hu\/?post_type=product&#038;p=3167"},"modified":"2022-09-16T03:40:13","modified_gmt":"2022-09-16T01:40:13","slug":"huggies-elite-soft-overnite-pants","status":"publish","type":"product","link":"https:\/\/dunapro.hu\/en\/product\/huggies-elite-soft-overnite-pants\/","title":{"rendered":"HUGGIES Elite Soft Overnite pants"},"content":{"rendered":"","protected":false},"excerpt":{"rendered":"<div>In Huggies Elite Soft Overnights Pants, the soft, gentle design of Elite soft is combined with the practicality of overnight pant diapers. The diaper is easily put on the baby just like underwear, and the diaper fits the baby&#8217;s body perfectly. The soft elastic 2-zones waistband and the flexible and soft legband result in a comfortable and excellent fit. Elite Soft overnight pants have enchanced absorbent layer and a highly absorbent core that safely locks in the liquid during the entire night. The moisture indicator strip changes color when the innre core is saturated.<\/div>\n<div><\/div>\n<div>\n<p>The diaper can be easily opened and removed from our little one along the perforation on the sides. Tested by dermatologists. Does not contain fragrance or parabens. With the help of the fixing tape, it can be hygienically packed after use. Huggies is our most popular premium-quality diaper brand.<\/p>\n<\/div>\n<div style=\"padding-bottom: 2vh;\">[us_btn label=\"INTEREST\" link=\"url:\/en\/contact|title:Contact||\" style=\"3\"]<\/div>\n<div class=\"inlinesocials\" style=\"display: inline-flex !important;\"><strong>Share:<\/strong> [addtoany]<\/div>\n","protected":false},"featured_media":3404,"template":"","meta":[],"product_cat":[94],"product_tag":[102],"yoast_head":"<!-- This site is optimized with the Yoast SEO plugin v22.0 - https:\/\/yoast.com\/wordpress\/plugins\/seo\/ -->\n<title>HUGGIES Elite Soft Overnite pants - DUNAPRO Designed for active babies.<\/title>\n<meta name=\"description\" content=\"In Huggies Elite Soft Overnights Pants, the soft, gentle design of Elite soft is combined with the practicality of overnight pant diapers.\" \/>\n<meta name=\"robots\" content=\"index, follow, max-snippet:-1, max-image-preview:large, max-video-preview:-1\" \/>\n<link rel=\"canonical\" href=\"https:\/\/dunapro.hu\/en\/product\/huggies-elite-soft-overnite-pants\/\" \/>\n<meta property=\"og:locale\" content=\"en_US\" \/>\n<meta property=\"og:type\" content=\"article\" \/>\n<meta property=\"og:title\" content=\"HUGGIES Elite Soft Overnite pants - DUNAPRO Designed for active babies.\" \/>\n<meta property=\"og:description\" content=\"In Huggies Elite Soft Overnights Pants, the soft, gentle design of Elite soft is combined with the practicality of overnight pant diapers.\" \/>\n<meta property=\"og:url\" content=\"https:\/\/dunapro.hu\/en\/product\/huggies-elite-soft-overnite-pants\/\" \/>\n<meta property=\"og:site_name\" content=\"DUNAPRO\" \/>\n<meta property=\"article:modified_time\" content=\"2022-09-16T01:40:13+00:00\" \/>\n<meta property=\"og:image\" content=\"https:\/\/dunapro.hu\/wp-content\/uploads\/2022\/09\/Huggies-Elite-Soft-Overnite-pants-3-6-11-Kg.jpg\" \/>\n\t<meta property=\"og:image:width\" content=\"800\" \/>\n\t<meta property=\"og:image:height\" content=\"800\" \/>\n\t<meta property=\"og:image:type\" content=\"image\/jpeg\" \/>\n<meta name=\"twitter:card\" content=\"summary_large_image\" \/>\n<script type=\"application\/ld+json\" class=\"yoast-schema-graph\">{\"@context\":\"https:\/\/schema.org\",\"@graph\":[{\"@type\":\"WebPage\",\"@id\":\"https:\/\/dunapro.hu\/en\/product\/huggies-elite-soft-overnite-pants\/\",\"url\":\"https:\/\/dunapro.hu\/en\/product\/huggies-elite-soft-overnite-pants\/\",\"name\":\"HUGGIES Elite Soft Overnite pants - DUNAPRO Designed for active babies.\",\"isPartOf\":{\"@id\":\"https:\/\/dunapro.hu\/en\/#website\"},\"datePublished\":\"2022-09-15T16:57:08+00:00\",\"dateModified\":\"2022-09-16T01:40:13+00:00\",\"description\":\"In Huggies Elite Soft Overnights Pants, the soft, gentle design of Elite soft is combined with the practicality of overnight pant diapers.\",\"breadcrumb\":{\"@id\":\"https:\/\/dunapro.hu\/en\/product\/huggies-elite-soft-overnite-pants\/#breadcrumb\"},\"inLanguage\":\"en-US\",\"potentialAction\":[{\"@type\":\"ReadAction\",\"target\":[\"https:\/\/dunapro.hu\/en\/product\/huggies-elite-soft-overnite-pants\/\"]}]},{\"@type\":\"BreadcrumbList\",\"@id\":\"https:\/\/dunapro.hu\/en\/product\/huggies-elite-soft-overnite-pants\/#breadcrumb\",\"itemListElement\":[{\"@type\":\"ListItem\",\"position\":1,\"name\":\"Home\",\"item\":\"https:\/\/dunapro.hu\/en\/\"},{\"@type\":\"ListItem\",\"position\":2,\"name\":\"Term\u00e9keink1\",\"item\":\"https:\/\/dunapro.hu\/?page_id=955\"},{\"@type\":\"ListItem\",\"position\":3,\"name\":\"HUGGIES Elite Soft Overnite pants\"}]},{\"@type\":\"WebSite\",\"@id\":\"https:\/\/dunapro.hu\/en\/#website\",\"url\":\"https:\/\/dunapro.hu\/en\/\",\"name\":\"DUNAPRO\",\"description\":\"FULL SERVICE TERM\u00c9KDISZTRIB\u00daCI\u00d3\",\"publisher\":{\"@id\":\"https:\/\/dunapro.hu\/en\/#organization\"},\"potentialAction\":[{\"@type\":\"SearchAction\",\"target\":{\"@type\":\"EntryPoint\",\"urlTemplate\":\"https:\/\/dunapro.hu\/en\/?s={search_term_string}\"},\"query-input\":\"required name=search_term_string\"}],\"inLanguage\":\"en-US\"},{\"@type\":\"Organization\",\"@id\":\"https:\/\/dunapro.hu\/en\/#organization\",\"name\":\"Dunapro disztrib\u00faci\u00f3\",\"url\":\"https:\/\/dunapro.hu\/en\/\",\"logo\":{\"@type\":\"ImageObject\",\"inLanguage\":\"en-US\",\"@id\":\"https:\/\/dunapro.hu\/en\/#\/schema\/logo\/image\/\",\"url\":\"https:\/\/dunapro.hu\/wp-content\/uploads\/2020\/06\/dunapro_logo_2020_sw.png\",\"contentUrl\":\"https:\/\/dunapro.hu\/wp-content\/uploads\/2020\/06\/dunapro_logo_2020_sw.png\",\"width\":500,\"height\":216,\"caption\":\"Dunapro disztrib\u00faci\u00f3\"},\"image\":{\"@id\":\"https:\/\/dunapro.hu\/en\/#\/schema\/logo\/image\/\"}}]}<\/script>\n<!-- \/ Yoast SEO plugin. -->","yoast_head_json":{"title":"HUGGIES Elite Soft Overnite pants - DUNAPRO Designed for active babies.","description":"In Huggies Elite Soft Overnights Pants, the soft, gentle design of Elite soft is combined with the practicality of overnight pant diapers.","robots":{"index":"index","follow":"follow","max-snippet":"max-snippet:-1","max-image-preview":"max-image-preview:large","max-video-preview":"max-video-preview:-1"},"canonical":"https:\/\/dunapro.hu\/en\/product\/huggies-elite-soft-overnite-pants\/","og_locale":"en_US","og_type":"article","og_title":"HUGGIES Elite Soft Overnite pants - DUNAPRO Designed for active babies.","og_description":"In Huggies Elite Soft Overnights Pants, the soft, gentle design of Elite soft is combined with the practicality of overnight pant diapers.","og_url":"https:\/\/dunapro.hu\/en\/product\/huggies-elite-soft-overnite-pants\/","og_site_name":"DUNAPRO","article_modified_time":"2022-09-16T01:40:13+00:00","og_image":[{"width":800,"height":800,"url":"https:\/\/dunapro.hu\/wp-content\/uploads\/2022\/09\/Huggies-Elite-Soft-Overnite-pants-3-6-11-Kg.jpg","type":"image\/jpeg"}],"twitter_card":"summary_large_image","schema":{"@context":"https:\/\/schema.org","@graph":[{"@type":"WebPage","@id":"https:\/\/dunapro.hu\/en\/product\/huggies-elite-soft-overnite-pants\/","url":"https:\/\/dunapro.hu\/en\/product\/huggies-elite-soft-overnite-pants\/","name":"HUGGIES Elite Soft Overnite pants - DUNAPRO Designed for active babies.","isPartOf":{"@id":"https:\/\/dunapro.hu\/en\/#website"},"datePublished":"2022-09-15T16:57:08+00:00","dateModified":"2022-09-16T01:40:13+00:00","description":"In Huggies Elite Soft Overnights Pants, the soft, gentle design of Elite soft is combined with the practicality of overnight pant diapers.","breadcrumb":{"@id":"https:\/\/dunapro.hu\/en\/product\/huggies-elite-soft-overnite-pants\/#breadcrumb"},"inLanguage":"en-US","potentialAction":[{"@type":"ReadAction","target":["https:\/\/dunapro.hu\/en\/product\/huggies-elite-soft-overnite-pants\/"]}]},{"@type":"BreadcrumbList","@id":"https:\/\/dunapro.hu\/en\/product\/huggies-elite-soft-overnite-pants\/#breadcrumb","itemListElement":[{"@type":"ListItem","position":1,"name":"Home","item":"https:\/\/dunapro.hu\/en\/"},{"@type":"ListItem","position":2,"name":"Term\u00e9keink1","item":"https:\/\/dunapro.hu\/?page_id=955"},{"@type":"ListItem","position":3,"name":"HUGGIES Elite Soft Overnite pants"}]},{"@type":"WebSite","@id":"https:\/\/dunapro.hu\/en\/#website","url":"https:\/\/dunapro.hu\/en\/","name":"DUNAPRO","description":"FULL SERVICE TERM\u00c9KDISZTRIB\u00daCI\u00d3","publisher":{"@id":"https:\/\/dunapro.hu\/en\/#organization"},"potentialAction":[{"@type":"SearchAction","target":{"@type":"EntryPoint","urlTemplate":"https:\/\/dunapro.hu\/en\/?s={search_term_string}"},"query-input":"required name=search_term_string"}],"inLanguage":"en-US"},{"@type":"Organization","@id":"https:\/\/dunapro.hu\/en\/#organization","name":"Dunapro disztrib\u00faci\u00f3","url":"https:\/\/dunapro.hu\/en\/","logo":{"@type":"ImageObject","inLanguage":"en-US","@id":"https:\/\/dunapro.hu\/en\/#\/schema\/logo\/image\/","url":"https:\/\/dunapro.hu\/wp-content\/uploads\/2020\/06\/dunapro_logo_2020_sw.png","contentUrl":"https:\/\/dunapro.hu\/wp-content\/uploads\/2020\/06\/dunapro_logo_2020_sw.png","width":500,"height":216,"caption":"Dunapro disztrib\u00faci\u00f3"},"image":{"@id":"https:\/\/dunapro.hu\/en\/#\/schema\/logo\/image\/"}}]}},"_links":{"self":[{"href":"https:\/\/dunapro.hu\/en\/wp-json\/wp\/v2\/product\/3167"}],"collection":[{"href":"https:\/\/dunapro.hu\/en\/wp-json\/wp\/v2\/product"}],"about":[{"href":"https:\/\/dunapro.hu\/en\/wp-json\/wp\/v2\/types\/product"}],"wp:featuredmedia":[{"embeddable":true,"href":"https:\/\/dunapro.hu\/en\/wp-json\/wp\/v2\/media\/3404"}],"wp:attachment":[{"href":"https:\/\/dunapro.hu\/en\/wp-json\/wp\/v2\/media?parent=3167"}],"wp:term":[{"taxonomy":"product_cat","embeddable":true,"href":"https:\/\/dunapro.hu\/en\/wp-json\/wp\/v2\/product_cat?post=3167"},{"taxonomy":"product_tag","embeddable":true,"href":"https:\/\/dunapro.hu\/en\/wp-json\/wp\/v2\/product_tag?post=3167"}],"curies":[{"name":"wp","href":"https:\/\/api.w.org\/{rel}","templated":true}]}}