{"id":3163,"date":"2022-09-15T18:57:04","date_gmt":"2022-09-15T16:57:05","guid":{"rendered":"https:\/\/dunapro.hu\/?post_type=product&#038;p=3163"},"modified":"2023-10-12T12:22:17","modified_gmt":"2023-10-12T10:22:17","slug":"huggies-extra-care","status":"publish","type":"product","link":"https:\/\/dunapro.hu\/en\/product\/huggies-extra-care\/","title":{"rendered":"HUGGIES Extra Care"},"content":{"rendered":"","protected":false},"excerpt":{"rendered":"<div>\n<p>The Huggies\u00ae Extra Care range provides our very best skin care and protection. With a unique runny poo pocket at the back of the nappy for extra leakage protection, and soft pillows that absorb runny poo in seconds, Huggies Extra Care helps keep newborn skin clean and protected. It also has fasten-anywhere outer tabs and a stretchy waistband to help provide the perfect fit. The wetness indicator lets mom know when it\u2019s time to change, and our size 0 product features an umbilical cord cut-out to allow for easier cleaning of this delicate area.<\/p>\n<p>Additional product features:<br \/>\nIn Active Sizes: Channels to prevent sag and bulk<br \/>\nIn POME: Waistband pocket for runny poo leakage protection<br \/>\nIn Size 0: Umbilical cord cut out<\/p>\n<\/div>\n<p>&nbsp;<\/p>\n<div><\/div>\n<div style=\"padding-bottom: 2vh;\">[us_btn label=\"INTEREST\" link=\"url:\/en\/contact|title:Contact||\" style=\"3\"]<\/div>\n<div class=\"inlinesocials\" style=\"display: inline-flex !important;\"><strong>Share:<\/strong> [addtoany]<\/div>\n","protected":false},"featured_media":3622,"template":"","meta":[],"product_cat":[94],"product_tag":[102],"yoast_head":"<!-- This site is optimized with the Yoast SEO plugin v22.0 - https:\/\/yoast.com\/wordpress\/plugins\/seo\/ -->\n<title>HUGGIES Extra Care - DUNAPRO Designed for active babies.<\/title>\n<meta name=\"description\" content=\"Huggies Extra Care diapers bring the highest quality to the little ones, right from the newborn age. This product line makes everyday life easier for both babies and parents with many innovations.\" \/>\n<meta name=\"robots\" content=\"index, follow, max-snippet:-1, max-image-preview:large, max-video-preview:-1\" \/>\n<link rel=\"canonical\" href=\"https:\/\/dunapro.hu\/en\/product\/huggies-extra-care\/\" \/>\n<meta property=\"og:locale\" content=\"en_US\" \/>\n<meta property=\"og:type\" content=\"article\" \/>\n<meta property=\"og:title\" content=\"HUGGIES Extra Care - DUNAPRO Designed for active babies.\" \/>\n<meta property=\"og:description\" content=\"Huggies Extra Care diapers bring the highest quality to the little ones, right from the newborn age. This product line makes everyday life easier for both babies and parents with many innovations.\" \/>\n<meta property=\"og:url\" content=\"https:\/\/dunapro.hu\/en\/product\/huggies-extra-care\/\" \/>\n<meta property=\"og:site_name\" content=\"DUNAPRO\" \/>\n<meta property=\"article:modified_time\" content=\"2023-10-12T10:22:17+00:00\" \/>\n<meta property=\"og:image\" content=\"https:\/\/dunapro.hu\/wp-content\/uploads\/2022\/09\/Huggies-Extra-Care-0-ujszulott-nadragpelenka-25db.jpg\" \/>\n\t<meta property=\"og:image:width\" content=\"800\" \/>\n\t<meta property=\"og:image:height\" content=\"800\" \/>\n\t<meta property=\"og:image:type\" content=\"image\/jpeg\" \/>\n<meta name=\"twitter:card\" content=\"summary_large_image\" \/>\n<script type=\"application\/ld+json\" class=\"yoast-schema-graph\">{\"@context\":\"https:\/\/schema.org\",\"@graph\":[{\"@type\":\"WebPage\",\"@id\":\"https:\/\/dunapro.hu\/en\/product\/huggies-extra-care\/\",\"url\":\"https:\/\/dunapro.hu\/en\/product\/huggies-extra-care\/\",\"name\":\"HUGGIES Extra Care - DUNAPRO Designed for active babies.\",\"isPartOf\":{\"@id\":\"https:\/\/dunapro.hu\/en\/#website\"},\"datePublished\":\"2022-09-15T16:57:05+00:00\",\"dateModified\":\"2023-10-12T10:22:17+00:00\",\"description\":\"Huggies Extra Care diapers bring the highest quality to the little ones, right from the newborn age. This product line makes everyday life easier for both babies and parents with many innovations.\",\"breadcrumb\":{\"@id\":\"https:\/\/dunapro.hu\/en\/product\/huggies-extra-care\/#breadcrumb\"},\"inLanguage\":\"en-US\",\"potentialAction\":[{\"@type\":\"ReadAction\",\"target\":[\"https:\/\/dunapro.hu\/en\/product\/huggies-extra-care\/\"]}]},{\"@type\":\"BreadcrumbList\",\"@id\":\"https:\/\/dunapro.hu\/en\/product\/huggies-extra-care\/#breadcrumb\",\"itemListElement\":[{\"@type\":\"ListItem\",\"position\":1,\"name\":\"Home\",\"item\":\"https:\/\/dunapro.hu\/en\/\"},{\"@type\":\"ListItem\",\"position\":2,\"name\":\"Term\u00e9keink1\",\"item\":\"https:\/\/dunapro.hu\/?page_id=955\"},{\"@type\":\"ListItem\",\"position\":3,\"name\":\"HUGGIES Extra Care\"}]},{\"@type\":\"WebSite\",\"@id\":\"https:\/\/dunapro.hu\/en\/#website\",\"url\":\"https:\/\/dunapro.hu\/en\/\",\"name\":\"DUNAPRO\",\"description\":\"FULL SERVICE TERM\u00c9KDISZTRIB\u00daCI\u00d3\",\"publisher\":{\"@id\":\"https:\/\/dunapro.hu\/en\/#organization\"},\"potentialAction\":[{\"@type\":\"SearchAction\",\"target\":{\"@type\":\"EntryPoint\",\"urlTemplate\":\"https:\/\/dunapro.hu\/en\/?s={search_term_string}\"},\"query-input\":\"required name=search_term_string\"}],\"inLanguage\":\"en-US\"},{\"@type\":\"Organization\",\"@id\":\"https:\/\/dunapro.hu\/en\/#organization\",\"name\":\"Dunapro disztrib\u00faci\u00f3\",\"url\":\"https:\/\/dunapro.hu\/en\/\",\"logo\":{\"@type\":\"ImageObject\",\"inLanguage\":\"en-US\",\"@id\":\"https:\/\/dunapro.hu\/en\/#\/schema\/logo\/image\/\",\"url\":\"https:\/\/dunapro.hu\/wp-content\/uploads\/2020\/06\/dunapro_logo_2020_sw.png\",\"contentUrl\":\"https:\/\/dunapro.hu\/wp-content\/uploads\/2020\/06\/dunapro_logo_2020_sw.png\",\"width\":500,\"height\":216,\"caption\":\"Dunapro disztrib\u00faci\u00f3\"},\"image\":{\"@id\":\"https:\/\/dunapro.hu\/en\/#\/schema\/logo\/image\/\"}}]}<\/script>\n<!-- \/ Yoast SEO plugin. -->","yoast_head_json":{"title":"HUGGIES Extra Care - DUNAPRO Designed for active babies.","description":"Huggies Extra Care diapers bring the highest quality to the little ones, right from the newborn age. This product line makes everyday life easier for both babies and parents with many innovations.","robots":{"index":"index","follow":"follow","max-snippet":"max-snippet:-1","max-image-preview":"max-image-preview:large","max-video-preview":"max-video-preview:-1"},"canonical":"https:\/\/dunapro.hu\/en\/product\/huggies-extra-care\/","og_locale":"en_US","og_type":"article","og_title":"HUGGIES Extra Care - DUNAPRO Designed for active babies.","og_description":"Huggies Extra Care diapers bring the highest quality to the little ones, right from the newborn age. This product line makes everyday life easier for both babies and parents with many innovations.","og_url":"https:\/\/dunapro.hu\/en\/product\/huggies-extra-care\/","og_site_name":"DUNAPRO","article_modified_time":"2023-10-12T10:22:17+00:00","og_image":[{"width":800,"height":800,"url":"https:\/\/dunapro.hu\/wp-content\/uploads\/2022\/09\/Huggies-Extra-Care-0-ujszulott-nadragpelenka-25db.jpg","type":"image\/jpeg"}],"twitter_card":"summary_large_image","schema":{"@context":"https:\/\/schema.org","@graph":[{"@type":"WebPage","@id":"https:\/\/dunapro.hu\/en\/product\/huggies-extra-care\/","url":"https:\/\/dunapro.hu\/en\/product\/huggies-extra-care\/","name":"HUGGIES Extra Care - DUNAPRO Designed for active babies.","isPartOf":{"@id":"https:\/\/dunapro.hu\/en\/#website"},"datePublished":"2022-09-15T16:57:05+00:00","dateModified":"2023-10-12T10:22:17+00:00","description":"Huggies Extra Care diapers bring the highest quality to the little ones, right from the newborn age. This product line makes everyday life easier for both babies and parents with many innovations.","breadcrumb":{"@id":"https:\/\/dunapro.hu\/en\/product\/huggies-extra-care\/#breadcrumb"},"inLanguage":"en-US","potentialAction":[{"@type":"ReadAction","target":["https:\/\/dunapro.hu\/en\/product\/huggies-extra-care\/"]}]},{"@type":"BreadcrumbList","@id":"https:\/\/dunapro.hu\/en\/product\/huggies-extra-care\/#breadcrumb","itemListElement":[{"@type":"ListItem","position":1,"name":"Home","item":"https:\/\/dunapro.hu\/en\/"},{"@type":"ListItem","position":2,"name":"Term\u00e9keink1","item":"https:\/\/dunapro.hu\/?page_id=955"},{"@type":"ListItem","position":3,"name":"HUGGIES Extra Care"}]},{"@type":"WebSite","@id":"https:\/\/dunapro.hu\/en\/#website","url":"https:\/\/dunapro.hu\/en\/","name":"DUNAPRO","description":"FULL SERVICE TERM\u00c9KDISZTRIB\u00daCI\u00d3","publisher":{"@id":"https:\/\/dunapro.hu\/en\/#organization"},"potentialAction":[{"@type":"SearchAction","target":{"@type":"EntryPoint","urlTemplate":"https:\/\/dunapro.hu\/en\/?s={search_term_string}"},"query-input":"required name=search_term_string"}],"inLanguage":"en-US"},{"@type":"Organization","@id":"https:\/\/dunapro.hu\/en\/#organization","name":"Dunapro disztrib\u00faci\u00f3","url":"https:\/\/dunapro.hu\/en\/","logo":{"@type":"ImageObject","inLanguage":"en-US","@id":"https:\/\/dunapro.hu\/en\/#\/schema\/logo\/image\/","url":"https:\/\/dunapro.hu\/wp-content\/uploads\/2020\/06\/dunapro_logo_2020_sw.png","contentUrl":"https:\/\/dunapro.hu\/wp-content\/uploads\/2020\/06\/dunapro_logo_2020_sw.png","width":500,"height":216,"caption":"Dunapro disztrib\u00faci\u00f3"},"image":{"@id":"https:\/\/dunapro.hu\/en\/#\/schema\/logo\/image\/"}}]}},"_links":{"self":[{"href":"https:\/\/dunapro.hu\/en\/wp-json\/wp\/v2\/product\/3163"}],"collection":[{"href":"https:\/\/dunapro.hu\/en\/wp-json\/wp\/v2\/product"}],"about":[{"href":"https:\/\/dunapro.hu\/en\/wp-json\/wp\/v2\/types\/product"}],"wp:featuredmedia":[{"embeddable":true,"href":"https:\/\/dunapro.hu\/en\/wp-json\/wp\/v2\/media\/3622"}],"wp:attachment":[{"href":"https:\/\/dunapro.hu\/en\/wp-json\/wp\/v2\/media?parent=3163"}],"wp:term":[{"taxonomy":"product_cat","embeddable":true,"href":"https:\/\/dunapro.hu\/en\/wp-json\/wp\/v2\/product_cat?post=3163"},{"taxonomy":"product_tag","embeddable":true,"href":"https:\/\/dunapro.hu\/en\/wp-json\/wp\/v2\/product_tag?post=3163"}],"curies":[{"name":"wp","href":"https:\/\/api.w.org\/{rel}","templated":true}]}}