{"id":2996,"date":"2022-09-11T04:08:17","date_gmt":"2022-09-11T02:08:17","guid":{"rendered":"https:\/\/dunapro.hu\/?post_type=product&#038;p=2996"},"modified":"2022-09-11T04:13:42","modified_gmt":"2022-09-11T02:13:42","slug":"cinzano-asti","status":"publish","type":"product","link":"https:\/\/dunapro.hu\/en\/product\/cinzano-asti\/","title":{"rendered":"Cinzano Asti"},"content":{"rendered":"","protected":false},"excerpt":{"rendered":"<div class=\"termekoldal_leiras\">Sweet and low in alcohol, this fresh, sparkling pearl is the expression of a territory. Made from 100% white Moscato grapes, its elegant and rich bouquet tells of moments spent together, such as afternoons enjoyed with friends and family. Floral, fruity and herbaceous with notes of sage, white peach, acacia and delicate honey.<\/div>\n<div><\/div>\n<div style=\"padding-bottom: 2vh;\">[us_btn label=\"INTEREST\" link=\"url:\/en\/contact|title:Contact||\" style=\"3\"]<\/div>\n<div class=\"inlinesocials\" style=\"display: inline-flex !important;\"><strong>Share:<\/strong> [addtoany]<\/div>\n","protected":false},"featured_media":3004,"template":"","meta":[],"product_cat":[92],"product_tag":[136],"yoast_head":"<!-- This site is optimized with the Yoast SEO plugin v22.0 - https:\/\/yoast.com\/wordpress\/plugins\/seo\/ -->\n<title>Cinzano Asti - DUNAPRO Fogyasszunk m\u00e9rt\u00e9kkel \u00e9rt\u00e9ket!<\/title>\n<meta name=\"description\" content=\"Sweet and low in alcohol, this fresh, sparkling pearl is the expression of a territory. Made from 100% white Moscato grapes, its elegant and rich bouquet tells of moments spent together, such as afternoons enjoyed with friends and family.\" \/>\n<meta name=\"robots\" content=\"index, follow, max-snippet:-1, max-image-preview:large, max-video-preview:-1\" \/>\n<link rel=\"canonical\" href=\"https:\/\/dunapro.hu\/en\/product\/cinzano-asti\/\" \/>\n<meta property=\"og:locale\" content=\"en_US\" \/>\n<meta property=\"og:type\" content=\"article\" \/>\n<meta property=\"og:title\" content=\"Cinzano Asti - DUNAPRO Fogyasszunk m\u00e9rt\u00e9kkel \u00e9rt\u00e9ket!\" \/>\n<meta property=\"og:description\" content=\"Sweet and low in alcohol, this fresh, sparkling pearl is the expression of a territory. Made from 100% white Moscato grapes, its elegant and rich bouquet tells of moments spent together, such as afternoons enjoyed with friends and family.\" \/>\n<meta property=\"og:url\" content=\"https:\/\/dunapro.hu\/en\/product\/cinzano-asti\/\" \/>\n<meta property=\"og:site_name\" content=\"DUNAPRO\" \/>\n<meta property=\"article:modified_time\" content=\"2022-09-11T02:13:42+00:00\" \/>\n<meta property=\"og:image\" content=\"https:\/\/dunapro.hu\/wp-content\/uploads\/2022\/09\/159Asti_FB_LR_800x800.jpg\" \/>\n\t<meta property=\"og:image:width\" content=\"800\" \/>\n\t<meta property=\"og:image:height\" content=\"800\" \/>\n\t<meta property=\"og:image:type\" content=\"image\/jpeg\" \/>\n<meta name=\"twitter:card\" content=\"summary_large_image\" \/>\n<meta name=\"twitter:label1\" content=\"Est. reading time\" \/>\n\t<meta name=\"twitter:data1\" content=\"1 minute\" \/>\n<script type=\"application\/ld+json\" class=\"yoast-schema-graph\">{\"@context\":\"https:\/\/schema.org\",\"@graph\":[{\"@type\":\"WebPage\",\"@id\":\"https:\/\/dunapro.hu\/en\/product\/cinzano-asti\/\",\"url\":\"https:\/\/dunapro.hu\/en\/product\/cinzano-asti\/\",\"name\":\"Cinzano Asti - DUNAPRO Fogyasszunk m\u00e9rt\u00e9kkel \u00e9rt\u00e9ket!\",\"isPartOf\":{\"@id\":\"https:\/\/dunapro.hu\/en\/#website\"},\"datePublished\":\"2022-09-11T02:08:17+00:00\",\"dateModified\":\"2022-09-11T02:13:42+00:00\",\"description\":\"Sweet and low in alcohol, this fresh, sparkling pearl is the expression of a territory. Made from 100% white Moscato grapes, its elegant and rich bouquet tells of moments spent together, such as afternoons enjoyed with friends and family.\",\"breadcrumb\":{\"@id\":\"https:\/\/dunapro.hu\/en\/product\/cinzano-asti\/#breadcrumb\"},\"inLanguage\":\"en-US\",\"potentialAction\":[{\"@type\":\"ReadAction\",\"target\":[\"https:\/\/dunapro.hu\/en\/product\/cinzano-asti\/\"]}]},{\"@type\":\"BreadcrumbList\",\"@id\":\"https:\/\/dunapro.hu\/en\/product\/cinzano-asti\/#breadcrumb\",\"itemListElement\":[{\"@type\":\"ListItem\",\"position\":1,\"name\":\"Home\",\"item\":\"https:\/\/dunapro.hu\/en\/\"},{\"@type\":\"ListItem\",\"position\":2,\"name\":\"Term\u00e9keink1\",\"item\":\"https:\/\/dunapro.hu\/?page_id=955\"},{\"@type\":\"ListItem\",\"position\":3,\"name\":\"Cinzano Asti\"}]},{\"@type\":\"WebSite\",\"@id\":\"https:\/\/dunapro.hu\/en\/#website\",\"url\":\"https:\/\/dunapro.hu\/en\/\",\"name\":\"DUNAPRO\",\"description\":\"FULL SERVICE TERM\u00c9KDISZTRIB\u00daCI\u00d3\",\"publisher\":{\"@id\":\"https:\/\/dunapro.hu\/en\/#organization\"},\"potentialAction\":[{\"@type\":\"SearchAction\",\"target\":{\"@type\":\"EntryPoint\",\"urlTemplate\":\"https:\/\/dunapro.hu\/en\/?s={search_term_string}\"},\"query-input\":\"required name=search_term_string\"}],\"inLanguage\":\"en-US\"},{\"@type\":\"Organization\",\"@id\":\"https:\/\/dunapro.hu\/en\/#organization\",\"name\":\"Dunapro disztrib\u00faci\u00f3\",\"url\":\"https:\/\/dunapro.hu\/en\/\",\"logo\":{\"@type\":\"ImageObject\",\"inLanguage\":\"en-US\",\"@id\":\"https:\/\/dunapro.hu\/en\/#\/schema\/logo\/image\/\",\"url\":\"https:\/\/dunapro.hu\/wp-content\/uploads\/2020\/06\/dunapro_logo_2020_sw.png\",\"contentUrl\":\"https:\/\/dunapro.hu\/wp-content\/uploads\/2020\/06\/dunapro_logo_2020_sw.png\",\"width\":500,\"height\":216,\"caption\":\"Dunapro disztrib\u00faci\u00f3\"},\"image\":{\"@id\":\"https:\/\/dunapro.hu\/en\/#\/schema\/logo\/image\/\"}}]}<\/script>\n<!-- \/ Yoast SEO plugin. -->","yoast_head_json":{"title":"Cinzano Asti - DUNAPRO Fogyasszunk m\u00e9rt\u00e9kkel \u00e9rt\u00e9ket!","description":"Sweet and low in alcohol, this fresh, sparkling pearl is the expression of a territory. Made from 100% white Moscato grapes, its elegant and rich bouquet tells of moments spent together, such as afternoons enjoyed with friends and family.","robots":{"index":"index","follow":"follow","max-snippet":"max-snippet:-1","max-image-preview":"max-image-preview:large","max-video-preview":"max-video-preview:-1"},"canonical":"https:\/\/dunapro.hu\/en\/product\/cinzano-asti\/","og_locale":"en_US","og_type":"article","og_title":"Cinzano Asti - DUNAPRO Fogyasszunk m\u00e9rt\u00e9kkel \u00e9rt\u00e9ket!","og_description":"Sweet and low in alcohol, this fresh, sparkling pearl is the expression of a territory. Made from 100% white Moscato grapes, its elegant and rich bouquet tells of moments spent together, such as afternoons enjoyed with friends and family.","og_url":"https:\/\/dunapro.hu\/en\/product\/cinzano-asti\/","og_site_name":"DUNAPRO","article_modified_time":"2022-09-11T02:13:42+00:00","og_image":[{"width":800,"height":800,"url":"https:\/\/dunapro.hu\/wp-content\/uploads\/2022\/09\/159Asti_FB_LR_800x800.jpg","type":"image\/jpeg"}],"twitter_card":"summary_large_image","twitter_misc":{"Est. reading time":"1 minute"},"schema":{"@context":"https:\/\/schema.org","@graph":[{"@type":"WebPage","@id":"https:\/\/dunapro.hu\/en\/product\/cinzano-asti\/","url":"https:\/\/dunapro.hu\/en\/product\/cinzano-asti\/","name":"Cinzano Asti - DUNAPRO Fogyasszunk m\u00e9rt\u00e9kkel \u00e9rt\u00e9ket!","isPartOf":{"@id":"https:\/\/dunapro.hu\/en\/#website"},"datePublished":"2022-09-11T02:08:17+00:00","dateModified":"2022-09-11T02:13:42+00:00","description":"Sweet and low in alcohol, this fresh, sparkling pearl is the expression of a territory. Made from 100% white Moscato grapes, its elegant and rich bouquet tells of moments spent together, such as afternoons enjoyed with friends and family.","breadcrumb":{"@id":"https:\/\/dunapro.hu\/en\/product\/cinzano-asti\/#breadcrumb"},"inLanguage":"en-US","potentialAction":[{"@type":"ReadAction","target":["https:\/\/dunapro.hu\/en\/product\/cinzano-asti\/"]}]},{"@type":"BreadcrumbList","@id":"https:\/\/dunapro.hu\/en\/product\/cinzano-asti\/#breadcrumb","itemListElement":[{"@type":"ListItem","position":1,"name":"Home","item":"https:\/\/dunapro.hu\/en\/"},{"@type":"ListItem","position":2,"name":"Term\u00e9keink1","item":"https:\/\/dunapro.hu\/?page_id=955"},{"@type":"ListItem","position":3,"name":"Cinzano Asti"}]},{"@type":"WebSite","@id":"https:\/\/dunapro.hu\/en\/#website","url":"https:\/\/dunapro.hu\/en\/","name":"DUNAPRO","description":"FULL SERVICE TERM\u00c9KDISZTRIB\u00daCI\u00d3","publisher":{"@id":"https:\/\/dunapro.hu\/en\/#organization"},"potentialAction":[{"@type":"SearchAction","target":{"@type":"EntryPoint","urlTemplate":"https:\/\/dunapro.hu\/en\/?s={search_term_string}"},"query-input":"required name=search_term_string"}],"inLanguage":"en-US"},{"@type":"Organization","@id":"https:\/\/dunapro.hu\/en\/#organization","name":"Dunapro disztrib\u00faci\u00f3","url":"https:\/\/dunapro.hu\/en\/","logo":{"@type":"ImageObject","inLanguage":"en-US","@id":"https:\/\/dunapro.hu\/en\/#\/schema\/logo\/image\/","url":"https:\/\/dunapro.hu\/wp-content\/uploads\/2020\/06\/dunapro_logo_2020_sw.png","contentUrl":"https:\/\/dunapro.hu\/wp-content\/uploads\/2020\/06\/dunapro_logo_2020_sw.png","width":500,"height":216,"caption":"Dunapro disztrib\u00faci\u00f3"},"image":{"@id":"https:\/\/dunapro.hu\/en\/#\/schema\/logo\/image\/"}}]}},"_links":{"self":[{"href":"https:\/\/dunapro.hu\/en\/wp-json\/wp\/v2\/product\/2996"}],"collection":[{"href":"https:\/\/dunapro.hu\/en\/wp-json\/wp\/v2\/product"}],"about":[{"href":"https:\/\/dunapro.hu\/en\/wp-json\/wp\/v2\/types\/product"}],"wp:featuredmedia":[{"embeddable":true,"href":"https:\/\/dunapro.hu\/en\/wp-json\/wp\/v2\/media\/3004"}],"wp:attachment":[{"href":"https:\/\/dunapro.hu\/en\/wp-json\/wp\/v2\/media?parent=2996"}],"wp:term":[{"taxonomy":"product_cat","embeddable":true,"href":"https:\/\/dunapro.hu\/en\/wp-json\/wp\/v2\/product_cat?post=2996"},{"taxonomy":"product_tag","embeddable":true,"href":"https:\/\/dunapro.hu\/en\/wp-json\/wp\/v2\/product_tag?post=2996"}],"curies":[{"name":"wp","href":"https:\/\/api.w.org\/{rel}","templated":true}]}}