{"id":2988,"date":"2022-09-11T03:51:47","date_gmt":"2022-09-11T01:51:47","guid":{"rendered":"https:\/\/dunapro.hu\/?post_type=product&#038;p=2988"},"modified":"2022-09-11T04:01:14","modified_gmt":"2022-09-11T02:01:14","slug":"bulldog-gin","status":"publish","type":"product","link":"https:\/\/dunapro.hu\/en\/product\/bulldog-gin\/","title":{"rendered":"Bulldog Gin"},"content":{"rendered":"","protected":false},"excerpt":{"rendered":"<div class=\"termekoldal_leiras\">BULLDOG is a modern premium quality gin which reinterprets the classic London Dry Gin distinctively blending 12 botanicals creating a smooth and balanced finish. BULLDOG was founded in 2007 and became part of Campari Group in 2017 and is now available in over 70 countries.<\/p>\n<p>Matching the contemporary flavour inside the bottle with an equally unique exterior, BULLDOG gin is housed in a bottle with darker hues or black and purple \u2013 continuing to push the boundaries of traditional norms. Bold on the outside, yet perfectly smooth in its liquid, BULLDOG delivers a refined taste with each serve, never wavering in its charisma, confidence and sophistication. Outgoing, bold and magnetically courageous, BULLDOG naturally shines in its own light.<\/p><\/div>\n<div><\/div>\n<div style=\"padding-bottom: 2vh;\">[us_btn label=\"INTEREST\" link=\"url:\/en\/contact|title:Contact||\" style=\"3\"]<\/div>\n<div class=\"inlinesocials\" style=\"display: inline-flex !important;\"><strong>Share:<\/strong> [addtoany]<\/div>\n","protected":false},"featured_media":2990,"template":"","meta":[],"product_cat":[92],"product_tag":[138],"yoast_head":"<!-- This site is optimized with the Yoast SEO plugin v22.0 - https:\/\/yoast.com\/wordpress\/plugins\/seo\/ -->\n<title>Bulldog Gin - DUNAPRO Fogyasszunk m\u00e9rt\u00e9kkel \u00e9rt\u00e9ket!<\/title>\n<meta name=\"description\" content=\"BULLDOG is a modern premium quality gin which reinterprets the classic London Dry Gin distinctively blending 12 botanicals creating a smooth and balanced finish.\" \/>\n<meta name=\"robots\" content=\"index, follow, max-snippet:-1, max-image-preview:large, max-video-preview:-1\" \/>\n<link rel=\"canonical\" href=\"https:\/\/dunapro.hu\/en\/product\/bulldog-gin\/\" \/>\n<meta property=\"og:locale\" content=\"en_US\" \/>\n<meta property=\"og:type\" content=\"article\" \/>\n<meta property=\"og:title\" content=\"Bulldog Gin - DUNAPRO Fogyasszunk m\u00e9rt\u00e9kkel \u00e9rt\u00e9ket!\" \/>\n<meta property=\"og:description\" content=\"BULLDOG is a modern premium quality gin which reinterprets the classic London Dry Gin distinctively blending 12 botanicals creating a smooth and balanced finish.\" \/>\n<meta property=\"og:url\" content=\"https:\/\/dunapro.hu\/en\/product\/bulldog-gin\/\" \/>\n<meta property=\"og:site_name\" content=\"DUNAPRO\" \/>\n<meta property=\"article:modified_time\" content=\"2022-09-11T02:01:14+00:00\" \/>\n<meta property=\"og:image\" content=\"https:\/\/dunapro.hu\/wp-content\/uploads\/2022\/09\/236Bulldog_bottle_800x800.jpg\" \/>\n\t<meta property=\"og:image:width\" content=\"800\" \/>\n\t<meta property=\"og:image:height\" content=\"800\" \/>\n\t<meta property=\"og:image:type\" content=\"image\/jpeg\" \/>\n<meta name=\"twitter:card\" content=\"summary_large_image\" \/>\n<meta name=\"twitter:label1\" content=\"Est. reading time\" \/>\n\t<meta name=\"twitter:data1\" content=\"1 minute\" \/>\n<script type=\"application\/ld+json\" class=\"yoast-schema-graph\">{\"@context\":\"https:\/\/schema.org\",\"@graph\":[{\"@type\":\"WebPage\",\"@id\":\"https:\/\/dunapro.hu\/en\/product\/bulldog-gin\/\",\"url\":\"https:\/\/dunapro.hu\/en\/product\/bulldog-gin\/\",\"name\":\"Bulldog Gin - DUNAPRO Fogyasszunk m\u00e9rt\u00e9kkel \u00e9rt\u00e9ket!\",\"isPartOf\":{\"@id\":\"https:\/\/dunapro.hu\/en\/#website\"},\"datePublished\":\"2022-09-11T01:51:47+00:00\",\"dateModified\":\"2022-09-11T02:01:14+00:00\",\"description\":\"BULLDOG is a modern premium quality gin which reinterprets the classic London Dry Gin distinctively blending 12 botanicals creating a smooth and balanced finish.\",\"breadcrumb\":{\"@id\":\"https:\/\/dunapro.hu\/en\/product\/bulldog-gin\/#breadcrumb\"},\"inLanguage\":\"en-US\",\"potentialAction\":[{\"@type\":\"ReadAction\",\"target\":[\"https:\/\/dunapro.hu\/en\/product\/bulldog-gin\/\"]}]},{\"@type\":\"BreadcrumbList\",\"@id\":\"https:\/\/dunapro.hu\/en\/product\/bulldog-gin\/#breadcrumb\",\"itemListElement\":[{\"@type\":\"ListItem\",\"position\":1,\"name\":\"Home\",\"item\":\"https:\/\/dunapro.hu\/en\/\"},{\"@type\":\"ListItem\",\"position\":2,\"name\":\"Term\u00e9keink1\",\"item\":\"https:\/\/dunapro.hu\/?page_id=955\"},{\"@type\":\"ListItem\",\"position\":3,\"name\":\"Bulldog Gin\"}]},{\"@type\":\"WebSite\",\"@id\":\"https:\/\/dunapro.hu\/en\/#website\",\"url\":\"https:\/\/dunapro.hu\/en\/\",\"name\":\"DUNAPRO\",\"description\":\"FULL SERVICE TERM\u00c9KDISZTRIB\u00daCI\u00d3\",\"publisher\":{\"@id\":\"https:\/\/dunapro.hu\/en\/#organization\"},\"potentialAction\":[{\"@type\":\"SearchAction\",\"target\":{\"@type\":\"EntryPoint\",\"urlTemplate\":\"https:\/\/dunapro.hu\/en\/?s={search_term_string}\"},\"query-input\":\"required name=search_term_string\"}],\"inLanguage\":\"en-US\"},{\"@type\":\"Organization\",\"@id\":\"https:\/\/dunapro.hu\/en\/#organization\",\"name\":\"Dunapro disztrib\u00faci\u00f3\",\"url\":\"https:\/\/dunapro.hu\/en\/\",\"logo\":{\"@type\":\"ImageObject\",\"inLanguage\":\"en-US\",\"@id\":\"https:\/\/dunapro.hu\/en\/#\/schema\/logo\/image\/\",\"url\":\"https:\/\/dunapro.hu\/wp-content\/uploads\/2020\/06\/dunapro_logo_2020_sw.png\",\"contentUrl\":\"https:\/\/dunapro.hu\/wp-content\/uploads\/2020\/06\/dunapro_logo_2020_sw.png\",\"width\":500,\"height\":216,\"caption\":\"Dunapro disztrib\u00faci\u00f3\"},\"image\":{\"@id\":\"https:\/\/dunapro.hu\/en\/#\/schema\/logo\/image\/\"}}]}<\/script>\n<!-- \/ Yoast SEO plugin. -->","yoast_head_json":{"title":"Bulldog Gin - DUNAPRO Fogyasszunk m\u00e9rt\u00e9kkel \u00e9rt\u00e9ket!","description":"BULLDOG is a modern premium quality gin which reinterprets the classic London Dry Gin distinctively blending 12 botanicals creating a smooth and balanced finish.","robots":{"index":"index","follow":"follow","max-snippet":"max-snippet:-1","max-image-preview":"max-image-preview:large","max-video-preview":"max-video-preview:-1"},"canonical":"https:\/\/dunapro.hu\/en\/product\/bulldog-gin\/","og_locale":"en_US","og_type":"article","og_title":"Bulldog Gin - DUNAPRO Fogyasszunk m\u00e9rt\u00e9kkel \u00e9rt\u00e9ket!","og_description":"BULLDOG is a modern premium quality gin which reinterprets the classic London Dry Gin distinctively blending 12 botanicals creating a smooth and balanced finish.","og_url":"https:\/\/dunapro.hu\/en\/product\/bulldog-gin\/","og_site_name":"DUNAPRO","article_modified_time":"2022-09-11T02:01:14+00:00","og_image":[{"width":800,"height":800,"url":"https:\/\/dunapro.hu\/wp-content\/uploads\/2022\/09\/236Bulldog_bottle_800x800.jpg","type":"image\/jpeg"}],"twitter_card":"summary_large_image","twitter_misc":{"Est. reading time":"1 minute"},"schema":{"@context":"https:\/\/schema.org","@graph":[{"@type":"WebPage","@id":"https:\/\/dunapro.hu\/en\/product\/bulldog-gin\/","url":"https:\/\/dunapro.hu\/en\/product\/bulldog-gin\/","name":"Bulldog Gin - DUNAPRO Fogyasszunk m\u00e9rt\u00e9kkel \u00e9rt\u00e9ket!","isPartOf":{"@id":"https:\/\/dunapro.hu\/en\/#website"},"datePublished":"2022-09-11T01:51:47+00:00","dateModified":"2022-09-11T02:01:14+00:00","description":"BULLDOG is a modern premium quality gin which reinterprets the classic London Dry Gin distinctively blending 12 botanicals creating a smooth and balanced finish.","breadcrumb":{"@id":"https:\/\/dunapro.hu\/en\/product\/bulldog-gin\/#breadcrumb"},"inLanguage":"en-US","potentialAction":[{"@type":"ReadAction","target":["https:\/\/dunapro.hu\/en\/product\/bulldog-gin\/"]}]},{"@type":"BreadcrumbList","@id":"https:\/\/dunapro.hu\/en\/product\/bulldog-gin\/#breadcrumb","itemListElement":[{"@type":"ListItem","position":1,"name":"Home","item":"https:\/\/dunapro.hu\/en\/"},{"@type":"ListItem","position":2,"name":"Term\u00e9keink1","item":"https:\/\/dunapro.hu\/?page_id=955"},{"@type":"ListItem","position":3,"name":"Bulldog Gin"}]},{"@type":"WebSite","@id":"https:\/\/dunapro.hu\/en\/#website","url":"https:\/\/dunapro.hu\/en\/","name":"DUNAPRO","description":"FULL SERVICE TERM\u00c9KDISZTRIB\u00daCI\u00d3","publisher":{"@id":"https:\/\/dunapro.hu\/en\/#organization"},"potentialAction":[{"@type":"SearchAction","target":{"@type":"EntryPoint","urlTemplate":"https:\/\/dunapro.hu\/en\/?s={search_term_string}"},"query-input":"required name=search_term_string"}],"inLanguage":"en-US"},{"@type":"Organization","@id":"https:\/\/dunapro.hu\/en\/#organization","name":"Dunapro disztrib\u00faci\u00f3","url":"https:\/\/dunapro.hu\/en\/","logo":{"@type":"ImageObject","inLanguage":"en-US","@id":"https:\/\/dunapro.hu\/en\/#\/schema\/logo\/image\/","url":"https:\/\/dunapro.hu\/wp-content\/uploads\/2020\/06\/dunapro_logo_2020_sw.png","contentUrl":"https:\/\/dunapro.hu\/wp-content\/uploads\/2020\/06\/dunapro_logo_2020_sw.png","width":500,"height":216,"caption":"Dunapro disztrib\u00faci\u00f3"},"image":{"@id":"https:\/\/dunapro.hu\/en\/#\/schema\/logo\/image\/"}}]}},"_links":{"self":[{"href":"https:\/\/dunapro.hu\/en\/wp-json\/wp\/v2\/product\/2988"}],"collection":[{"href":"https:\/\/dunapro.hu\/en\/wp-json\/wp\/v2\/product"}],"about":[{"href":"https:\/\/dunapro.hu\/en\/wp-json\/wp\/v2\/types\/product"}],"wp:featuredmedia":[{"embeddable":true,"href":"https:\/\/dunapro.hu\/en\/wp-json\/wp\/v2\/media\/2990"}],"wp:attachment":[{"href":"https:\/\/dunapro.hu\/en\/wp-json\/wp\/v2\/media?parent=2988"}],"wp:term":[{"taxonomy":"product_cat","embeddable":true,"href":"https:\/\/dunapro.hu\/en\/wp-json\/wp\/v2\/product_cat?post=2988"},{"taxonomy":"product_tag","embeddable":true,"href":"https:\/\/dunapro.hu\/en\/wp-json\/wp\/v2\/product_tag?post=2988"}],"curies":[{"name":"wp","href":"https:\/\/api.w.org\/{rel}","templated":true}]}}