{"id":2696,"date":"2020-09-22T09:33:13","date_gmt":"2020-09-22T07:33:14","guid":{"rendered":"https:\/\/dunapro.hu\/?post_type=product&#038;p=2696"},"modified":"2022-09-15T06:42:10","modified_gmt":"2022-09-15T04:42:10","slug":"napoleon","status":"publish","type":"product","link":"https:\/\/dunapro.hu\/en\/product\/napoleon\/","title":{"rendered":"Napoleon"},"content":{"rendered":"<section class=\"l-section wpb_row height_custom\"><div class=\"l-section-h i-cf\"><div class=\"g-cols vc_row via_flex valign_top type_default stacking_default\"><div class=\"vc_col-sm-12 wpb_column vc_column_container\"><div class=\"vc_column-inner\"><div class=\"wpb_wrapper\"><div class=\"g-cols wpb_row via_flex valign_top type_default stacking_default\"><div class=\"vc_col-sm-12 wpb_column vc_column_container\"><div class=\"vc_column-inner\"><div class=\"wpb_wrapper\"><div class=\"w-grid type_carousel layout_gallery_with_titles_below cols_4\" id=\"us_grid_1\" style=\"--gap:1.5rem;\"><style>.layout_gallery_with_titles_below .w-grid-item-h{}.layout_gallery_with_titles_below .usg_vwrapper_1{padding:0.5rem 1rem 1rem 1rem!important}.layout_gallery_with_titles_below .usg_post_title_1{font-size:0.8rem!important;line-height:1.6!important;margin-bottom:0!important}.layout_gallery_with_titles_below .usg_post_custom_field_1{font-size:0.8rem!important;line-height:1.6!important;margin-bottom:0!important}.layout_gallery_with_titles_below .usg_post_content_1{font-size:0.8rem!important;line-height:1.6!important;margin-bottom:0!important}.layout_gallery_with_titles_below .usg_post_content_2{color:var(--color-content-faded)!important;font-size:0.8rem!important;line-height:1.6!important;margin-top:0.2rem!important;margin-bottom:0.2rem!important}@media (min-width:1025px) and (max-width:1280px){.layout_gallery_with_titles_below .usg_vwrapper_1{padding:0.5rem 1rem 1rem 1rem!important}.layout_gallery_with_titles_below .usg_post_title_1{font-size:0.8rem!important;line-height:1.6!important;margin-bottom:0!important}.layout_gallery_with_titles_below .usg_post_custom_field_1{font-size:0.8rem!important;line-height:1.6!important;margin-bottom:0!important}.layout_gallery_with_titles_below .usg_post_content_1{font-size:0.8rem!important;line-height:1.6!important;margin-bottom:0!important}.layout_gallery_with_titles_below .usg_post_content_2{color:var(--color-content-faded)!important;font-size:0.8rem!important;line-height:1.6!important;margin-top:0.2rem!important;margin-bottom:0.2rem!important}}@media (min-width:601px) and (max-width:1024px){.layout_gallery_with_titles_below .usg_vwrapper_1{padding:0.5rem 1rem 1rem 1rem!important}.layout_gallery_with_titles_below .usg_post_title_1{font-size:0.8rem!important;line-height:1.6!important;margin-bottom:0!important}.layout_gallery_with_titles_below .usg_post_custom_field_1{font-size:0.8rem!important;line-height:1.6!important;margin-bottom:0!important}.layout_gallery_with_titles_below .usg_post_content_1{font-size:0.8rem!important;line-height:1.6!important;margin-bottom:0!important}.layout_gallery_with_titles_below .usg_post_content_2{color:var(--color-content-faded)!important;font-size:0.8rem!important;line-height:1.6!important;margin-top:0.2rem!important;margin-bottom:0.2rem!important}}@media (max-width:600px){.layout_gallery_with_titles_below .usg_vwrapper_1{padding:0.5rem 1rem 1rem 1rem!important}.layout_gallery_with_titles_below .usg_post_title_1{font-size:0.8rem!important;line-height:1.6!important;margin-bottom:0!important}.layout_gallery_with_titles_below .usg_post_custom_field_1{font-size:0.8rem!important;line-height:1.6!important;margin-bottom:0!important}.layout_gallery_with_titles_below .usg_post_content_1{font-size:0.8rem!important;line-height:1.6!important;margin-bottom:0!important}.layout_gallery_with_titles_below .usg_post_content_2{color:var(--color-content-faded)!important;font-size:0.8rem!important;line-height:1.6!important;margin-top:0.2rem!important;margin-bottom:0.2rem!important}}<\/style><div class=\"w-grid-list owl-carousel navstyle_circle navpos_outside\" style=\"--arrows-size:1.8rem;\">\t<article class=\"w-grid-item post-3148 attachment type-attachment status-inherit hentry\" data-id=\"3148\">\r\n\t\t<div class=\"w-grid-item-h\">\r\n\t\t\t\t\t\t<div class=\"w-post-elm post_image usg_post_image_1 has_ratio\"><div style=\"padding-bottom:100%\"><\/div><img loading=\"lazy\" decoding=\"async\" width=\"800\" height=\"800\" src=\"https:\/\/dunapro.hu\/wp-content\/uploads\/2020\/09\/dunapro-napoleon-img-800x800-1.jpg\" class=\"attachment-large size-large\" alt=\"\" srcset=\"https:\/\/dunapro.hu\/wp-content\/uploads\/2020\/09\/dunapro-napoleon-img-800x800-1.jpg 800w, https:\/\/dunapro.hu\/wp-content\/uploads\/2020\/09\/dunapro-napoleon-img-800x800-1-300x300.jpg 300w, https:\/\/dunapro.hu\/wp-content\/uploads\/2020\/09\/dunapro-napoleon-img-800x800-1-150x150.jpg 150w, https:\/\/dunapro.hu\/wp-content\/uploads\/2020\/09\/dunapro-napoleon-img-800x800-1-400x400.jpg 400w, https:\/\/dunapro.hu\/wp-content\/uploads\/2020\/09\/dunapro-napoleon-img-800x800-1-600x600.jpg 600w\" sizes=\"(max-width: 800px) 100vw, 800px\" \/><\/div><div class=\"w-vwrapper usg_vwrapper_1 align_center valign_top\"><div class=\"w-post-elm post_title usg_post_title_1 hide_if_not_first entry-title color_link_inherit\">Napoleon<\/div><\/div>\t\t<\/div>\r\n\t<\/article>\r\n<\/div>\t<div class=\"g-preloader type_1\">\r\n\t\t<div><\/div>\r\n\t<\/div>\r\n\t\t<div class=\"w-grid-json hidden\" onclick='return {&quot;action&quot;:&quot;us_ajax_grid&quot;,&quot;ajax_url&quot;:&quot;https:\\\/\\\/dunapro.hu\\\/wp-admin\\\/admin-ajax.php&quot;,&quot;infinite_scroll&quot;:0,&quot;max_num_pages&quot;:1,&quot;pagination&quot;:&quot;none&quot;,&quot;template_vars&quot;:{&quot;columns&quot;:&quot;4&quot;,&quot;exclude_items&quot;:&quot;none&quot;,&quot;img_size&quot;:&quot;default&quot;,&quot;ignore_items_size&quot;:0,&quot;items_layout&quot;:&quot;gallery_with_titles_below&quot;,&quot;items_offset&quot;:&quot;1&quot;,&quot;load_animation&quot;:&quot;none&quot;,&quot;overriding_link&quot;:&quot;{\\&quot;url\\&quot;:\\&quot;\\&quot;}&quot;,&quot;post_id&quot;:0,&quot;query_args&quot;:{&quot;post_type&quot;:[&quot;attachment&quot;],&quot;post__in&quot;:[&quot;3147&quot;],&quot;post_status&quot;:&quot;inherit&quot;,&quot;post_mime_type&quot;:&quot;image&quot;,&quot;posts_per_page&quot;:&quot;10&quot;},&quot;orderby_query_args&quot;:{&quot;orderby&quot;:{&quot;date&quot;:&quot;DESC&quot;}},&quot;type&quot;:&quot;carousel&quot;,&quot;us_grid_ajax_index&quot;:1,&quot;us_grid_filter_params&quot;:[],&quot;us_grid_index&quot;:1,&quot;_us_grid_post_type&quot;:&quot;attachment&quot;,&quot;page_args&quot;:[],&quot;lang&quot;:&quot;en&quot;},&quot;carousel_settings&quot;:{&quot;autoHeight&quot;:0,&quot;autoplay&quot;:0,&quot;carousel_fade&quot;:0,&quot;center&quot;:0,&quot;dots&quot;:0,&quot;items&quot;:&quot;4&quot;,&quot;loop&quot;:false,&quot;nav&quot;:1,&quot;slideby&quot;:&quot;1&quot;,&quot;smooth_play&quot;:0,&quot;speed&quot;:250,&quot;timeout&quot;:3000,&quot;transition&quot;:&quot;&quot;,&quot;aria_labels&quot;:{&quot;prev&quot;:&quot;Previous&quot;,&quot;next&quot;:&quot;Next&quot;}},&quot;carousel_breakpoints&quot;:{&quot;0&quot;:{&quot;autoHeight&quot;:0,&quot;autoplay&quot;:1,&quot;autoplayHoverPause&quot;:1,&quot;items&quot;:2,&quot;loop&quot;:false,&quot;stagePadding&quot;:0},&quot;601&quot;:{&quot;autoHeight&quot;:0,&quot;autoplay&quot;:1,&quot;autoplayHoverPause&quot;:1,&quot;items&quot;:4,&quot;loop&quot;:false,&quot;stagePadding&quot;:0},&quot;1025&quot;:{&quot;autoHeight&quot;:0,&quot;autoplay&quot;:1,&quot;autoplayHoverPause&quot;:1,&quot;items&quot;:4,&quot;loop&quot;:false,&quot;stagePadding&quot;:0},&quot;1281&quot;:{&quot;items&quot;:4,&quot;stagePadding&quot;:0}}}'><\/div>\r\n\t<\/div><\/div><\/div><\/div><\/div><\/div><\/div><\/div><\/div><\/div><\/section>\n","protected":false},"excerpt":{"rendered":"<p>In 1903 Antonio Magnano set out from Italy with a dream to bring the finest ingredients from his homeland and across to the globe to his new home in America. Four generations and 117 years later, We continue his dream today.<\/p>\n<div style=\"padding-bottom: 2vh;\">[us_btn label=\"INTEREST\" link=\"url:\/en\/contact|title:Contact||\" style=\"3\"]<\/div>\n<div class=\"inlinesocials\" style=\"display: inline-flex !important;\"><strong>Share:<\/strong> [addtoany]<\/div>\n","protected":false},"featured_media":3148,"template":"","meta":[],"product_cat":[93],"product_tag":[131],"yoast_head":"<!-- This site is optimized with the Yoast SEO plugin v22.0 - https:\/\/yoast.com\/wordpress\/plugins\/seo\/ -->\n<title>Napoleon - DUNAPRO With new appearance<\/title>\n<meta name=\"description\" content=\"n 1903 Antonio Magnano set out from Italy with a dream to bring the finest ingredients from his homeland and across to the globe to his new home in America. Four generations and 117 years later, We continue his dream today.\" \/>\n<meta name=\"robots\" content=\"noindex, nofollow\" \/>\n<meta property=\"og:locale\" content=\"en_US\" \/>\n<meta property=\"og:type\" content=\"article\" \/>\n<meta property=\"og:title\" content=\"Napoleon - DUNAPRO With new appearance\" \/>\n<meta property=\"og:description\" content=\"n 1903 Antonio Magnano set out from Italy with a dream to bring the finest ingredients from his homeland and across to the globe to his new home in America. Four generations and 117 years later, We continue his dream today.\" \/>\n<meta property=\"og:url\" content=\"https:\/\/dunapro.hu\/en\/product\/napoleon\/\" \/>\n<meta property=\"og:site_name\" content=\"DUNAPRO\" \/>\n<meta property=\"article:modified_time\" content=\"2022-09-15T04:42:10+00:00\" \/>\n<meta property=\"og:image\" content=\"https:\/\/dunapro.hu\/wp-content\/uploads\/2020\/09\/dunapro-napoleon-img-800x800-1.jpg\" \/>\n\t<meta property=\"og:image:width\" content=\"800\" \/>\n\t<meta property=\"og:image:height\" content=\"800\" \/>\n\t<meta property=\"og:image:type\" content=\"image\/jpeg\" \/>\n<meta name=\"twitter:card\" content=\"summary_large_image\" \/>\n<script type=\"application\/ld+json\" class=\"yoast-schema-graph\">{\"@context\":\"https:\/\/schema.org\",\"@graph\":[{\"@type\":\"WebPage\",\"@id\":\"https:\/\/dunapro.hu\/en\/product\/napoleon\/\",\"url\":\"https:\/\/dunapro.hu\/en\/product\/napoleon\/\",\"name\":\"Napoleon - DUNAPRO With new appearance\",\"isPartOf\":{\"@id\":\"https:\/\/dunapro.hu\/en\/#website\"},\"datePublished\":\"2020-09-22T07:33:14+00:00\",\"dateModified\":\"2022-09-15T04:42:10+00:00\",\"description\":\"n 1903 Antonio Magnano set out from Italy with a dream to bring the finest ingredients from his homeland and across to the globe to his new home in America. Four generations and 117 years later, We continue his dream today.\",\"breadcrumb\":{\"@id\":\"https:\/\/dunapro.hu\/en\/product\/napoleon\/#breadcrumb\"},\"inLanguage\":\"en-US\",\"potentialAction\":[{\"@type\":\"ReadAction\",\"target\":[\"https:\/\/dunapro.hu\/en\/product\/napoleon\/\"]}]},{\"@type\":\"BreadcrumbList\",\"@id\":\"https:\/\/dunapro.hu\/en\/product\/napoleon\/#breadcrumb\",\"itemListElement\":[{\"@type\":\"ListItem\",\"position\":1,\"name\":\"Home\",\"item\":\"https:\/\/dunapro.hu\/en\/\"},{\"@type\":\"ListItem\",\"position\":2,\"name\":\"Term\u00e9keink1\",\"item\":\"https:\/\/dunapro.hu\/?page_id=955\"},{\"@type\":\"ListItem\",\"position\":3,\"name\":\"Napoleon\"}]},{\"@type\":\"WebSite\",\"@id\":\"https:\/\/dunapro.hu\/en\/#website\",\"url\":\"https:\/\/dunapro.hu\/en\/\",\"name\":\"DUNAPRO\",\"description\":\"FULL SERVICE TERM\u00c9KDISZTRIB\u00daCI\u00d3\",\"publisher\":{\"@id\":\"https:\/\/dunapro.hu\/en\/#organization\"},\"potentialAction\":[{\"@type\":\"SearchAction\",\"target\":{\"@type\":\"EntryPoint\",\"urlTemplate\":\"https:\/\/dunapro.hu\/en\/?s={search_term_string}\"},\"query-input\":\"required name=search_term_string\"}],\"inLanguage\":\"en-US\"},{\"@type\":\"Organization\",\"@id\":\"https:\/\/dunapro.hu\/en\/#organization\",\"name\":\"Dunapro disztrib\u00faci\u00f3\",\"url\":\"https:\/\/dunapro.hu\/en\/\",\"logo\":{\"@type\":\"ImageObject\",\"inLanguage\":\"en-US\",\"@id\":\"https:\/\/dunapro.hu\/en\/#\/schema\/logo\/image\/\",\"url\":\"https:\/\/dunapro.hu\/wp-content\/uploads\/2020\/06\/dunapro_logo_2020_sw.png\",\"contentUrl\":\"https:\/\/dunapro.hu\/wp-content\/uploads\/2020\/06\/dunapro_logo_2020_sw.png\",\"width\":500,\"height\":216,\"caption\":\"Dunapro disztrib\u00faci\u00f3\"},\"image\":{\"@id\":\"https:\/\/dunapro.hu\/en\/#\/schema\/logo\/image\/\"}}]}<\/script>\n<!-- \/ Yoast SEO plugin. -->","yoast_head_json":{"title":"Napoleon - DUNAPRO With new appearance","description":"n 1903 Antonio Magnano set out from Italy with a dream to bring the finest ingredients from his homeland and across to the globe to his new home in America. Four generations and 117 years later, We continue his dream today.","robots":{"index":"noindex","follow":"nofollow"},"og_locale":"en_US","og_type":"article","og_title":"Napoleon - DUNAPRO With new appearance","og_description":"n 1903 Antonio Magnano set out from Italy with a dream to bring the finest ingredients from his homeland and across to the globe to his new home in America. Four generations and 117 years later, We continue his dream today.","og_url":"https:\/\/dunapro.hu\/en\/product\/napoleon\/","og_site_name":"DUNAPRO","article_modified_time":"2022-09-15T04:42:10+00:00","og_image":[{"width":800,"height":800,"url":"https:\/\/dunapro.hu\/wp-content\/uploads\/2020\/09\/dunapro-napoleon-img-800x800-1.jpg","type":"image\/jpeg"}],"twitter_card":"summary_large_image","schema":{"@context":"https:\/\/schema.org","@graph":[{"@type":"WebPage","@id":"https:\/\/dunapro.hu\/en\/product\/napoleon\/","url":"https:\/\/dunapro.hu\/en\/product\/napoleon\/","name":"Napoleon - DUNAPRO With new appearance","isPartOf":{"@id":"https:\/\/dunapro.hu\/en\/#website"},"datePublished":"2020-09-22T07:33:14+00:00","dateModified":"2022-09-15T04:42:10+00:00","description":"n 1903 Antonio Magnano set out from Italy with a dream to bring the finest ingredients from his homeland and across to the globe to his new home in America. Four generations and 117 years later, We continue his dream today.","breadcrumb":{"@id":"https:\/\/dunapro.hu\/en\/product\/napoleon\/#breadcrumb"},"inLanguage":"en-US","potentialAction":[{"@type":"ReadAction","target":["https:\/\/dunapro.hu\/en\/product\/napoleon\/"]}]},{"@type":"BreadcrumbList","@id":"https:\/\/dunapro.hu\/en\/product\/napoleon\/#breadcrumb","itemListElement":[{"@type":"ListItem","position":1,"name":"Home","item":"https:\/\/dunapro.hu\/en\/"},{"@type":"ListItem","position":2,"name":"Term\u00e9keink1","item":"https:\/\/dunapro.hu\/?page_id=955"},{"@type":"ListItem","position":3,"name":"Napoleon"}]},{"@type":"WebSite","@id":"https:\/\/dunapro.hu\/en\/#website","url":"https:\/\/dunapro.hu\/en\/","name":"DUNAPRO","description":"FULL SERVICE TERM\u00c9KDISZTRIB\u00daCI\u00d3","publisher":{"@id":"https:\/\/dunapro.hu\/en\/#organization"},"potentialAction":[{"@type":"SearchAction","target":{"@type":"EntryPoint","urlTemplate":"https:\/\/dunapro.hu\/en\/?s={search_term_string}"},"query-input":"required name=search_term_string"}],"inLanguage":"en-US"},{"@type":"Organization","@id":"https:\/\/dunapro.hu\/en\/#organization","name":"Dunapro disztrib\u00faci\u00f3","url":"https:\/\/dunapro.hu\/en\/","logo":{"@type":"ImageObject","inLanguage":"en-US","@id":"https:\/\/dunapro.hu\/en\/#\/schema\/logo\/image\/","url":"https:\/\/dunapro.hu\/wp-content\/uploads\/2020\/06\/dunapro_logo_2020_sw.png","contentUrl":"https:\/\/dunapro.hu\/wp-content\/uploads\/2020\/06\/dunapro_logo_2020_sw.png","width":500,"height":216,"caption":"Dunapro disztrib\u00faci\u00f3"},"image":{"@id":"https:\/\/dunapro.hu\/en\/#\/schema\/logo\/image\/"}}]}},"_links":{"self":[{"href":"https:\/\/dunapro.hu\/en\/wp-json\/wp\/v2\/product\/2696"}],"collection":[{"href":"https:\/\/dunapro.hu\/en\/wp-json\/wp\/v2\/product"}],"about":[{"href":"https:\/\/dunapro.hu\/en\/wp-json\/wp\/v2\/types\/product"}],"wp:featuredmedia":[{"embeddable":true,"href":"https:\/\/dunapro.hu\/en\/wp-json\/wp\/v2\/media\/3148"}],"wp:attachment":[{"href":"https:\/\/dunapro.hu\/en\/wp-json\/wp\/v2\/media?parent=2696"}],"wp:term":[{"taxonomy":"product_cat","embeddable":true,"href":"https:\/\/dunapro.hu\/en\/wp-json\/wp\/v2\/product_cat?post=2696"},{"taxonomy":"product_tag","embeddable":true,"href":"https:\/\/dunapro.hu\/en\/wp-json\/wp\/v2\/product_tag?post=2696"}],"curies":[{"name":"wp","href":"https:\/\/api.w.org\/{rel}","templated":true}]}}