{"id":2640,"date":"2020-07-02T03:34:00","date_gmt":"2020-07-02T01:34:00","guid":{"rendered":"https:\/\/dunapro.hu\/termek\/markhazi-palinka\/"},"modified":"2022-11-08T06:33:31","modified_gmt":"2022-11-08T05:33:31","slug":"markhazi-palinka","status":"publish","type":"product","link":"https:\/\/dunapro.hu\/en\/product\/markhazi-palinka\/","title":{"rendered":"M\u00e1rkh\u00e1zi p\u00e1linka"},"content":{"rendered":"","protected":false},"excerpt":{"rendered":"<div class=\"termekoldal_leiras\">\n<div class=\"biztonsagi_adatlapok\">M\u00e1rkh\u00e1zi p\u00e1linka is made to honor the traditions of Hungarikum. The spirits are made in the Northern Mountains. All flavors have 40% alcohol content which make them really smooth, meanwhile you have a fresh, sweet and fruity scent. You can taste the pure fruit while swallowing.<\/div>\n<div><\/div>\n<\/div>\n<div style=\"padding-bottom: 2vh;\">[us_btn label=\"INTEREST\" link=\"url:\/en\/contact|title:Contact||\" style=\"3\"]<\/div>\n<div class=\"inlinesocials\" style=\"display: inline-flex !important;\"><strong>Share:<\/strong> [addtoany]<\/div>\n","protected":false},"featured_media":3255,"template":"","meta":[],"product_cat":[92],"product_tag":[106],"yoast_head":"<!-- This site is optimized with the Yoast SEO plugin v22.0 - https:\/\/yoast.com\/wordpress\/plugins\/seo\/ -->\n<title>M\u00e1rkh\u00e1zi p\u00e1linka - DUNAPRO Fogyasszunk m\u00e9rt\u00e9kkel \u00e9rt\u00e9ket!<\/title>\n<meta name=\"description\" content=\"M\u00e1rkh\u00e1zi p\u00e1linka: A M\u00e1rkh\u00e1zi P\u00e1link\u00e1k olyan ned\u0171k, melyek a Hungarikum hagyom\u00e1nyainak tisztelegve k\u00e9sz\u00fclnek, m\u00e9gis a l\u00e9p\u00e9st tartanak a fejl\u0151d\u00e9ssel.\" \/>\n<meta name=\"robots\" content=\"index, follow, max-snippet:-1, max-image-preview:large, max-video-preview:-1\" \/>\n<link rel=\"canonical\" href=\"https:\/\/dunapro.hu\/en\/product\/markhazi-palinka\/\" \/>\n<meta property=\"og:locale\" content=\"en_US\" \/>\n<meta property=\"og:type\" content=\"article\" \/>\n<meta property=\"og:title\" content=\"M\u00e1rkh\u00e1zi p\u00e1linka - DUNAPRO Fogyasszunk m\u00e9rt\u00e9kkel \u00e9rt\u00e9ket!\" \/>\n<meta property=\"og:description\" content=\"M\u00e1rkh\u00e1zi p\u00e1linka: A M\u00e1rkh\u00e1zi P\u00e1link\u00e1k olyan ned\u0171k, melyek a Hungarikum hagyom\u00e1nyainak tisztelegve k\u00e9sz\u00fclnek, m\u00e9gis a l\u00e9p\u00e9st tartanak a fejl\u0151d\u00e9ssel.\" \/>\n<meta property=\"og:url\" content=\"https:\/\/dunapro.hu\/en\/product\/markhazi-palinka\/\" \/>\n<meta property=\"og:site_name\" content=\"DUNAPRO\" \/>\n<meta property=\"article:modified_time\" content=\"2022-11-08T05:33:31+00:00\" \/>\n<meta property=\"og:image\" content=\"https:\/\/dunapro.hu\/wp-content\/uploads\/2020\/07\/dunapro-markhazi-barack-800x800-1.jpg\" \/>\n\t<meta property=\"og:image:width\" content=\"800\" \/>\n\t<meta property=\"og:image:height\" content=\"800\" \/>\n\t<meta property=\"og:image:type\" content=\"image\/jpeg\" \/>\n<meta name=\"twitter:card\" content=\"summary_large_image\" \/>\n<meta name=\"twitter:label1\" content=\"Est. reading time\" \/>\n\t<meta name=\"twitter:data1\" content=\"1 minute\" \/>\n<script type=\"application\/ld+json\" class=\"yoast-schema-graph\">{\"@context\":\"https:\/\/schema.org\",\"@graph\":[{\"@type\":\"WebPage\",\"@id\":\"https:\/\/dunapro.hu\/en\/product\/markhazi-palinka\/\",\"url\":\"https:\/\/dunapro.hu\/en\/product\/markhazi-palinka\/\",\"name\":\"M\u00e1rkh\u00e1zi p\u00e1linka - DUNAPRO Fogyasszunk m\u00e9rt\u00e9kkel \u00e9rt\u00e9ket!\",\"isPartOf\":{\"@id\":\"https:\/\/dunapro.hu\/en\/#website\"},\"datePublished\":\"2020-07-02T01:34:00+00:00\",\"dateModified\":\"2022-11-08T05:33:31+00:00\",\"description\":\"M\u00e1rkh\u00e1zi p\u00e1linka: A M\u00e1rkh\u00e1zi P\u00e1link\u00e1k olyan ned\u0171k, melyek a Hungarikum hagyom\u00e1nyainak tisztelegve k\u00e9sz\u00fclnek, m\u00e9gis a l\u00e9p\u00e9st tartanak a fejl\u0151d\u00e9ssel.\",\"breadcrumb\":{\"@id\":\"https:\/\/dunapro.hu\/en\/product\/markhazi-palinka\/#breadcrumb\"},\"inLanguage\":\"en-US\",\"potentialAction\":[{\"@type\":\"ReadAction\",\"target\":[\"https:\/\/dunapro.hu\/en\/product\/markhazi-palinka\/\"]}]},{\"@type\":\"BreadcrumbList\",\"@id\":\"https:\/\/dunapro.hu\/en\/product\/markhazi-palinka\/#breadcrumb\",\"itemListElement\":[{\"@type\":\"ListItem\",\"position\":1,\"name\":\"Home\",\"item\":\"https:\/\/dunapro.hu\/en\/\"},{\"@type\":\"ListItem\",\"position\":2,\"name\":\"Term\u00e9keink1\",\"item\":\"https:\/\/dunapro.hu\/?page_id=955\"},{\"@type\":\"ListItem\",\"position\":3,\"name\":\"M\u00e1rkh\u00e1zi p\u00e1linka\"}]},{\"@type\":\"WebSite\",\"@id\":\"https:\/\/dunapro.hu\/en\/#website\",\"url\":\"https:\/\/dunapro.hu\/en\/\",\"name\":\"DUNAPRO\",\"description\":\"FULL SERVICE TERM\u00c9KDISZTRIB\u00daCI\u00d3\",\"publisher\":{\"@id\":\"https:\/\/dunapro.hu\/en\/#organization\"},\"potentialAction\":[{\"@type\":\"SearchAction\",\"target\":{\"@type\":\"EntryPoint\",\"urlTemplate\":\"https:\/\/dunapro.hu\/en\/?s={search_term_string}\"},\"query-input\":\"required name=search_term_string\"}],\"inLanguage\":\"en-US\"},{\"@type\":\"Organization\",\"@id\":\"https:\/\/dunapro.hu\/en\/#organization\",\"name\":\"Dunapro disztrib\u00faci\u00f3\",\"url\":\"https:\/\/dunapro.hu\/en\/\",\"logo\":{\"@type\":\"ImageObject\",\"inLanguage\":\"en-US\",\"@id\":\"https:\/\/dunapro.hu\/en\/#\/schema\/logo\/image\/\",\"url\":\"https:\/\/dunapro.hu\/wp-content\/uploads\/2020\/06\/dunapro_logo_2020_sw.png\",\"contentUrl\":\"https:\/\/dunapro.hu\/wp-content\/uploads\/2020\/06\/dunapro_logo_2020_sw.png\",\"width\":500,\"height\":216,\"caption\":\"Dunapro disztrib\u00faci\u00f3\"},\"image\":{\"@id\":\"https:\/\/dunapro.hu\/en\/#\/schema\/logo\/image\/\"}}]}<\/script>\n<!-- \/ Yoast SEO plugin. -->","yoast_head_json":{"title":"M\u00e1rkh\u00e1zi p\u00e1linka - DUNAPRO Fogyasszunk m\u00e9rt\u00e9kkel \u00e9rt\u00e9ket!","description":"M\u00e1rkh\u00e1zi p\u00e1linka: A M\u00e1rkh\u00e1zi P\u00e1link\u00e1k olyan ned\u0171k, melyek a Hungarikum hagyom\u00e1nyainak tisztelegve k\u00e9sz\u00fclnek, m\u00e9gis a l\u00e9p\u00e9st tartanak a fejl\u0151d\u00e9ssel.","robots":{"index":"index","follow":"follow","max-snippet":"max-snippet:-1","max-image-preview":"max-image-preview:large","max-video-preview":"max-video-preview:-1"},"canonical":"https:\/\/dunapro.hu\/en\/product\/markhazi-palinka\/","og_locale":"en_US","og_type":"article","og_title":"M\u00e1rkh\u00e1zi p\u00e1linka - DUNAPRO Fogyasszunk m\u00e9rt\u00e9kkel \u00e9rt\u00e9ket!","og_description":"M\u00e1rkh\u00e1zi p\u00e1linka: A M\u00e1rkh\u00e1zi P\u00e1link\u00e1k olyan ned\u0171k, melyek a Hungarikum hagyom\u00e1nyainak tisztelegve k\u00e9sz\u00fclnek, m\u00e9gis a l\u00e9p\u00e9st tartanak a fejl\u0151d\u00e9ssel.","og_url":"https:\/\/dunapro.hu\/en\/product\/markhazi-palinka\/","og_site_name":"DUNAPRO","article_modified_time":"2022-11-08T05:33:31+00:00","og_image":[{"width":800,"height":800,"url":"https:\/\/dunapro.hu\/wp-content\/uploads\/2020\/07\/dunapro-markhazi-barack-800x800-1.jpg","type":"image\/jpeg"}],"twitter_card":"summary_large_image","twitter_misc":{"Est. reading time":"1 minute"},"schema":{"@context":"https:\/\/schema.org","@graph":[{"@type":"WebPage","@id":"https:\/\/dunapro.hu\/en\/product\/markhazi-palinka\/","url":"https:\/\/dunapro.hu\/en\/product\/markhazi-palinka\/","name":"M\u00e1rkh\u00e1zi p\u00e1linka - DUNAPRO Fogyasszunk m\u00e9rt\u00e9kkel \u00e9rt\u00e9ket!","isPartOf":{"@id":"https:\/\/dunapro.hu\/en\/#website"},"datePublished":"2020-07-02T01:34:00+00:00","dateModified":"2022-11-08T05:33:31+00:00","description":"M\u00e1rkh\u00e1zi p\u00e1linka: A M\u00e1rkh\u00e1zi P\u00e1link\u00e1k olyan ned\u0171k, melyek a Hungarikum hagyom\u00e1nyainak tisztelegve k\u00e9sz\u00fclnek, m\u00e9gis a l\u00e9p\u00e9st tartanak a fejl\u0151d\u00e9ssel.","breadcrumb":{"@id":"https:\/\/dunapro.hu\/en\/product\/markhazi-palinka\/#breadcrumb"},"inLanguage":"en-US","potentialAction":[{"@type":"ReadAction","target":["https:\/\/dunapro.hu\/en\/product\/markhazi-palinka\/"]}]},{"@type":"BreadcrumbList","@id":"https:\/\/dunapro.hu\/en\/product\/markhazi-palinka\/#breadcrumb","itemListElement":[{"@type":"ListItem","position":1,"name":"Home","item":"https:\/\/dunapro.hu\/en\/"},{"@type":"ListItem","position":2,"name":"Term\u00e9keink1","item":"https:\/\/dunapro.hu\/?page_id=955"},{"@type":"ListItem","position":3,"name":"M\u00e1rkh\u00e1zi p\u00e1linka"}]},{"@type":"WebSite","@id":"https:\/\/dunapro.hu\/en\/#website","url":"https:\/\/dunapro.hu\/en\/","name":"DUNAPRO","description":"FULL SERVICE TERM\u00c9KDISZTRIB\u00daCI\u00d3","publisher":{"@id":"https:\/\/dunapro.hu\/en\/#organization"},"potentialAction":[{"@type":"SearchAction","target":{"@type":"EntryPoint","urlTemplate":"https:\/\/dunapro.hu\/en\/?s={search_term_string}"},"query-input":"required name=search_term_string"}],"inLanguage":"en-US"},{"@type":"Organization","@id":"https:\/\/dunapro.hu\/en\/#organization","name":"Dunapro disztrib\u00faci\u00f3","url":"https:\/\/dunapro.hu\/en\/","logo":{"@type":"ImageObject","inLanguage":"en-US","@id":"https:\/\/dunapro.hu\/en\/#\/schema\/logo\/image\/","url":"https:\/\/dunapro.hu\/wp-content\/uploads\/2020\/06\/dunapro_logo_2020_sw.png","contentUrl":"https:\/\/dunapro.hu\/wp-content\/uploads\/2020\/06\/dunapro_logo_2020_sw.png","width":500,"height":216,"caption":"Dunapro disztrib\u00faci\u00f3"},"image":{"@id":"https:\/\/dunapro.hu\/en\/#\/schema\/logo\/image\/"}}]}},"_links":{"self":[{"href":"https:\/\/dunapro.hu\/en\/wp-json\/wp\/v2\/product\/2640"}],"collection":[{"href":"https:\/\/dunapro.hu\/en\/wp-json\/wp\/v2\/product"}],"about":[{"href":"https:\/\/dunapro.hu\/en\/wp-json\/wp\/v2\/types\/product"}],"wp:featuredmedia":[{"embeddable":true,"href":"https:\/\/dunapro.hu\/en\/wp-json\/wp\/v2\/media\/3255"}],"wp:attachment":[{"href":"https:\/\/dunapro.hu\/en\/wp-json\/wp\/v2\/media?parent=2640"}],"wp:term":[{"taxonomy":"product_cat","embeddable":true,"href":"https:\/\/dunapro.hu\/en\/wp-json\/wp\/v2\/product_cat?post=2640"},{"taxonomy":"product_tag","embeddable":true,"href":"https:\/\/dunapro.hu\/en\/wp-json\/wp\/v2\/product_tag?post=2640"}],"curies":[{"name":"wp","href":"https:\/\/api.w.org\/{rel}","templated":true}]}}