{"id":2581,"date":"2020-07-02T06:49:36","date_gmt":"2020-07-02T04:49:36","guid":{"rendered":"https:\/\/dunapro.hu\/termek\/huggies-drynites-ejszakai-pelenkak\/"},"modified":"2022-09-11T08:18:46","modified_gmt":"2022-09-11T06:18:46","slug":"huggies-drynites","status":"publish","type":"product","link":"https:\/\/dunapro.hu\/en\/product\/huggies-drynites\/","title":{"rendered":"HUGGIES DryNites pyjama pants"},"content":{"rendered":"","protected":false},"excerpt":{"rendered":"<p>DryNites\u00ae pyjama pants are absorbent nappy pants for boys and girls aged 4-7 and 8-15, designed with children affected by bedwetting in mind.<br \/>\nThe pants&#8217; absorbance level is tailored to their intended age group. DryNites\u00ae pyjama pants ensure a good night&#8217;s sleep for both your child and you!<\/p>\n<p><strong>Key features of DryNites\u00ae pyjama pants:<\/strong><br \/>\n\u2022 different design for girls\/boys<br \/>\n\u2022 absorbent part of pants tailored according to age of child<br \/>\n\u2022 waterproof outer layer<br \/>\n\u2022 elasticated sides<br \/>\n\u2022 shape and colour resembles normal underwear<br \/>\n\u2022 made from light and comfortable materials<br \/>\n\u2022 nappy pants are inconspicuous under clothing<\/p>\n<div><\/div>\n<div style=\"padding-bottom: 2vh;\">[us_btn label=\"INTEREST\" link=\"url:\/en\/contact|title:Contact||\" style=\"3\"]<\/div>\n<div class=\"inlinesocials\" style=\"display: inline-flex !important;\"><strong>Share:<\/strong> [addtoany]<\/div>\n","protected":false},"featured_media":2189,"template":"","meta":[],"product_cat":[94],"product_tag":[102],"yoast_head":"<!-- This site is optimized with the Yoast SEO plugin v22.0 - https:\/\/yoast.com\/wordpress\/plugins\/seo\/ -->\n<title>HUGGIES DryNites pyjama pants - DUNAPRO For a good night&#039;s sleep<\/title>\n<meta name=\"description\" content=\"HUGGIES DryNites pyjama pants: absorbent nappy pants for boys and girls aged 4-7 and 8-15, designed with children affected by bedwetting in mind.\" \/>\n<meta name=\"robots\" content=\"index, follow, max-snippet:-1, max-image-preview:large, max-video-preview:-1\" \/>\n<link rel=\"canonical\" href=\"https:\/\/dunapro.hu\/en\/product\/huggies-drynites\/\" \/>\n<meta property=\"og:locale\" content=\"en_US\" \/>\n<meta property=\"og:type\" content=\"article\" \/>\n<meta property=\"og:title\" content=\"HUGGIES DryNites pyjama pants - DUNAPRO For a good night&#039;s sleep\" \/>\n<meta property=\"og:description\" content=\"HUGGIES DryNites pyjama pants: absorbent nappy pants for boys and girls aged 4-7 and 8-15, designed with children affected by bedwetting in mind.\" \/>\n<meta property=\"og:url\" content=\"https:\/\/dunapro.hu\/en\/product\/huggies-drynites\/\" \/>\n<meta property=\"og:site_name\" content=\"DUNAPRO\" \/>\n<meta property=\"article:modified_time\" content=\"2022-09-11T06:18:46+00:00\" \/>\n<meta property=\"og:image\" content=\"https:\/\/dunapro.hu\/wp-content\/uploads\/2020\/07\/HUGGIESDryNites3-5Girl10x3_800x800.jpg\" \/>\n\t<meta property=\"og:image:width\" content=\"800\" \/>\n\t<meta property=\"og:image:height\" content=\"800\" \/>\n\t<meta property=\"og:image:type\" content=\"image\/jpeg\" \/>\n<meta name=\"twitter:card\" content=\"summary_large_image\" \/>\n<script type=\"application\/ld+json\" class=\"yoast-schema-graph\">{\"@context\":\"https:\/\/schema.org\",\"@graph\":[{\"@type\":\"WebPage\",\"@id\":\"https:\/\/dunapro.hu\/en\/product\/huggies-drynites\/\",\"url\":\"https:\/\/dunapro.hu\/en\/product\/huggies-drynites\/\",\"name\":\"HUGGIES DryNites pyjama pants - DUNAPRO For a good night's sleep\",\"isPartOf\":{\"@id\":\"https:\/\/dunapro.hu\/en\/#website\"},\"datePublished\":\"2020-07-02T04:49:36+00:00\",\"dateModified\":\"2022-09-11T06:18:46+00:00\",\"description\":\"HUGGIES DryNites pyjama pants: absorbent nappy pants for boys and girls aged 4-7 and 8-15, designed with children affected by bedwetting in mind.\",\"breadcrumb\":{\"@id\":\"https:\/\/dunapro.hu\/en\/product\/huggies-drynites\/#breadcrumb\"},\"inLanguage\":\"en-US\",\"potentialAction\":[{\"@type\":\"ReadAction\",\"target\":[\"https:\/\/dunapro.hu\/en\/product\/huggies-drynites\/\"]}]},{\"@type\":\"BreadcrumbList\",\"@id\":\"https:\/\/dunapro.hu\/en\/product\/huggies-drynites\/#breadcrumb\",\"itemListElement\":[{\"@type\":\"ListItem\",\"position\":1,\"name\":\"Home\",\"item\":\"https:\/\/dunapro.hu\/en\/\"},{\"@type\":\"ListItem\",\"position\":2,\"name\":\"Term\u00e9keink1\",\"item\":\"https:\/\/dunapro.hu\/?page_id=955\"},{\"@type\":\"ListItem\",\"position\":3,\"name\":\"HUGGIES DryNites pyjama pants\"}]},{\"@type\":\"WebSite\",\"@id\":\"https:\/\/dunapro.hu\/en\/#website\",\"url\":\"https:\/\/dunapro.hu\/en\/\",\"name\":\"DUNAPRO\",\"description\":\"FULL SERVICE TERM\u00c9KDISZTRIB\u00daCI\u00d3\",\"publisher\":{\"@id\":\"https:\/\/dunapro.hu\/en\/#organization\"},\"potentialAction\":[{\"@type\":\"SearchAction\",\"target\":{\"@type\":\"EntryPoint\",\"urlTemplate\":\"https:\/\/dunapro.hu\/en\/?s={search_term_string}\"},\"query-input\":\"required name=search_term_string\"}],\"inLanguage\":\"en-US\"},{\"@type\":\"Organization\",\"@id\":\"https:\/\/dunapro.hu\/en\/#organization\",\"name\":\"Dunapro disztrib\u00faci\u00f3\",\"url\":\"https:\/\/dunapro.hu\/en\/\",\"logo\":{\"@type\":\"ImageObject\",\"inLanguage\":\"en-US\",\"@id\":\"https:\/\/dunapro.hu\/en\/#\/schema\/logo\/image\/\",\"url\":\"https:\/\/dunapro.hu\/wp-content\/uploads\/2020\/06\/dunapro_logo_2020_sw.png\",\"contentUrl\":\"https:\/\/dunapro.hu\/wp-content\/uploads\/2020\/06\/dunapro_logo_2020_sw.png\",\"width\":500,\"height\":216,\"caption\":\"Dunapro disztrib\u00faci\u00f3\"},\"image\":{\"@id\":\"https:\/\/dunapro.hu\/en\/#\/schema\/logo\/image\/\"}}]}<\/script>\n<!-- \/ Yoast SEO plugin. -->","yoast_head_json":{"title":"HUGGIES DryNites pyjama pants - DUNAPRO For a good night's sleep","description":"HUGGIES DryNites pyjama pants: absorbent nappy pants for boys and girls aged 4-7 and 8-15, designed with children affected by bedwetting in mind.","robots":{"index":"index","follow":"follow","max-snippet":"max-snippet:-1","max-image-preview":"max-image-preview:large","max-video-preview":"max-video-preview:-1"},"canonical":"https:\/\/dunapro.hu\/en\/product\/huggies-drynites\/","og_locale":"en_US","og_type":"article","og_title":"HUGGIES DryNites pyjama pants - DUNAPRO For a good night's sleep","og_description":"HUGGIES DryNites pyjama pants: absorbent nappy pants for boys and girls aged 4-7 and 8-15, designed with children affected by bedwetting in mind.","og_url":"https:\/\/dunapro.hu\/en\/product\/huggies-drynites\/","og_site_name":"DUNAPRO","article_modified_time":"2022-09-11T06:18:46+00:00","og_image":[{"width":800,"height":800,"url":"https:\/\/dunapro.hu\/wp-content\/uploads\/2020\/07\/HUGGIESDryNites3-5Girl10x3_800x800.jpg","type":"image\/jpeg"}],"twitter_card":"summary_large_image","schema":{"@context":"https:\/\/schema.org","@graph":[{"@type":"WebPage","@id":"https:\/\/dunapro.hu\/en\/product\/huggies-drynites\/","url":"https:\/\/dunapro.hu\/en\/product\/huggies-drynites\/","name":"HUGGIES DryNites pyjama pants - DUNAPRO For a good night's sleep","isPartOf":{"@id":"https:\/\/dunapro.hu\/en\/#website"},"datePublished":"2020-07-02T04:49:36+00:00","dateModified":"2022-09-11T06:18:46+00:00","description":"HUGGIES DryNites pyjama pants: absorbent nappy pants for boys and girls aged 4-7 and 8-15, designed with children affected by bedwetting in mind.","breadcrumb":{"@id":"https:\/\/dunapro.hu\/en\/product\/huggies-drynites\/#breadcrumb"},"inLanguage":"en-US","potentialAction":[{"@type":"ReadAction","target":["https:\/\/dunapro.hu\/en\/product\/huggies-drynites\/"]}]},{"@type":"BreadcrumbList","@id":"https:\/\/dunapro.hu\/en\/product\/huggies-drynites\/#breadcrumb","itemListElement":[{"@type":"ListItem","position":1,"name":"Home","item":"https:\/\/dunapro.hu\/en\/"},{"@type":"ListItem","position":2,"name":"Term\u00e9keink1","item":"https:\/\/dunapro.hu\/?page_id=955"},{"@type":"ListItem","position":3,"name":"HUGGIES DryNites pyjama pants"}]},{"@type":"WebSite","@id":"https:\/\/dunapro.hu\/en\/#website","url":"https:\/\/dunapro.hu\/en\/","name":"DUNAPRO","description":"FULL SERVICE TERM\u00c9KDISZTRIB\u00daCI\u00d3","publisher":{"@id":"https:\/\/dunapro.hu\/en\/#organization"},"potentialAction":[{"@type":"SearchAction","target":{"@type":"EntryPoint","urlTemplate":"https:\/\/dunapro.hu\/en\/?s={search_term_string}"},"query-input":"required name=search_term_string"}],"inLanguage":"en-US"},{"@type":"Organization","@id":"https:\/\/dunapro.hu\/en\/#organization","name":"Dunapro disztrib\u00faci\u00f3","url":"https:\/\/dunapro.hu\/en\/","logo":{"@type":"ImageObject","inLanguage":"en-US","@id":"https:\/\/dunapro.hu\/en\/#\/schema\/logo\/image\/","url":"https:\/\/dunapro.hu\/wp-content\/uploads\/2020\/06\/dunapro_logo_2020_sw.png","contentUrl":"https:\/\/dunapro.hu\/wp-content\/uploads\/2020\/06\/dunapro_logo_2020_sw.png","width":500,"height":216,"caption":"Dunapro disztrib\u00faci\u00f3"},"image":{"@id":"https:\/\/dunapro.hu\/en\/#\/schema\/logo\/image\/"}}]}},"_links":{"self":[{"href":"https:\/\/dunapro.hu\/en\/wp-json\/wp\/v2\/product\/2581"}],"collection":[{"href":"https:\/\/dunapro.hu\/en\/wp-json\/wp\/v2\/product"}],"about":[{"href":"https:\/\/dunapro.hu\/en\/wp-json\/wp\/v2\/types\/product"}],"wp:featuredmedia":[{"embeddable":true,"href":"https:\/\/dunapro.hu\/en\/wp-json\/wp\/v2\/media\/2189"}],"wp:attachment":[{"href":"https:\/\/dunapro.hu\/en\/wp-json\/wp\/v2\/media?parent=2581"}],"wp:term":[{"taxonomy":"product_cat","embeddable":true,"href":"https:\/\/dunapro.hu\/en\/wp-json\/wp\/v2\/product_cat?post=2581"},{"taxonomy":"product_tag","embeddable":true,"href":"https:\/\/dunapro.hu\/en\/wp-json\/wp\/v2\/product_tag?post=2581"}],"curies":[{"name":"wp","href":"https:\/\/api.w.org\/{rel}","templated":true}]}}