{"id":2529,"date":"2020-07-02T04:47:21","date_gmt":"2020-07-02T02:47:21","guid":{"rendered":"https:\/\/dunapro.hu\/termek\/sano-maxima-mosoporok\/"},"modified":"2023-10-27T12:01:38","modified_gmt":"2023-10-27T10:01:38","slug":"sano-maxima-washing-powder","status":"publish","type":"product","link":"https:\/\/dunapro.hu\/en\/product\/sano-maxima-washing-powder\/","title":{"rendered":"Sano Maxima Washing Powder"},"content":{"rendered":"","protected":false},"excerpt":{"rendered":"<p><strong>Maxima Laundry Powder 2kg:<\/strong><br \/>\nMaximum Cleaning, Maximum Fragrance<br \/>\nSano Maxima\u2019s advanced technology- microcapsules lock in fragrance and release it slowly &#8211; combines powerful cleaning with intense fragrance. Unique combination of enzymes and detergents powerfully removes stains. For long-lasting, perfumed laundry.<br \/>\nAvailable: Baby, Mountain Fresh, Spring Flowers<\/p>\n<p><strong>Sano Maxima Washing Powder 1,25kg:<\/strong><br \/>\nSano Maxima laundry detergents are produced with the most advanced technologies to provide a diverse range of solutions for your laundry needs. All Maxima laundry powders include stain removal components, are designed to protect fibers and colors, are suitable for all types of fabrics and washing machines.<br \/>\nMaxima Javel Effect \u2013 antibacterial, excellent for stubborn stain removal<br \/>\nMaxima Bio \u2013 ideal for low temperature<br \/>\nMaxima Sensitive \u2013 designed for laundry of babies and those with sensitive skin<br \/>\nMaxima Advance \u2013 Concentrated washing powder with active oxygen for stubborn stains<\/div>\n<div><\/div>\n<div style=\"padding-bottom: 2vh;\">[us_btn label=\"INTEREST\" link=\"url:\/en\/contact|title:Contact||\" style=\"3\"]<\/div>\n<div class=\"inlinesocials\" style=\"display: inline-flex !important;\"><strong>Share:<\/strong> [addtoany]<\/div>\n","protected":false},"featured_media":3385,"template":"","meta":[],"product_cat":[94],"product_tag":[112],"yoast_head":"<!-- This site is optimized with the Yoast SEO plugin v22.0 - https:\/\/yoast.com\/wordpress\/plugins\/seo\/ -->\n<title>Sano Maxima Washing Powder - DUNAPRO<\/title>\n<meta name=\"description\" content=\"SANO Washing Powder: laundry detergents are produced with the most advanced technologies to provide a diverse range of solutions for your laundry needs.\" \/>\n<meta name=\"robots\" content=\"index, follow, max-snippet:-1, max-image-preview:large, max-video-preview:-1\" \/>\n<link rel=\"canonical\" href=\"https:\/\/dunapro.hu\/en\/product\/sano-maxima-washing-powder\/\" \/>\n<meta property=\"og:locale\" content=\"en_US\" \/>\n<meta property=\"og:type\" content=\"article\" \/>\n<meta property=\"og:title\" content=\"Sano Maxima Washing Powder - DUNAPRO\" \/>\n<meta property=\"og:description\" content=\"SANO Washing Powder: laundry detergents are produced with the most advanced technologies to provide a diverse range of solutions for your laundry needs.\" \/>\n<meta property=\"og:url\" content=\"https:\/\/dunapro.hu\/en\/product\/sano-maxima-washing-powder\/\" \/>\n<meta property=\"og:site_name\" content=\"DUNAPRO\" \/>\n<meta property=\"article:modified_time\" content=\"2023-10-27T10:01:38+00:00\" \/>\n<meta property=\"og:image\" content=\"https:\/\/dunapro.hu\/wp-content\/uploads\/2020\/07\/Sano-Maxima-Det-Pudra-Mountain-Fresh-2kg-1.jpg\" \/>\n\t<meta property=\"og:image:width\" content=\"1000\" \/>\n\t<meta property=\"og:image:height\" content=\"1000\" \/>\n\t<meta property=\"og:image:type\" content=\"image\/jpeg\" \/>\n<meta name=\"twitter:card\" content=\"summary_large_image\" \/>\n<script type=\"application\/ld+json\" class=\"yoast-schema-graph\">{\"@context\":\"https:\/\/schema.org\",\"@graph\":[{\"@type\":\"WebPage\",\"@id\":\"https:\/\/dunapro.hu\/en\/product\/sano-maxima-washing-powder\/\",\"url\":\"https:\/\/dunapro.hu\/en\/product\/sano-maxima-washing-powder\/\",\"name\":\"Sano Maxima Washing Powder - DUNAPRO\",\"isPartOf\":{\"@id\":\"https:\/\/dunapro.hu\/en\/#website\"},\"datePublished\":\"2020-07-02T02:47:21+00:00\",\"dateModified\":\"2023-10-27T10:01:38+00:00\",\"description\":\"SANO Washing Powder: laundry detergents are produced with the most advanced technologies to provide a diverse range of solutions for your laundry needs.\",\"breadcrumb\":{\"@id\":\"https:\/\/dunapro.hu\/en\/product\/sano-maxima-washing-powder\/#breadcrumb\"},\"inLanguage\":\"en-US\",\"potentialAction\":[{\"@type\":\"ReadAction\",\"target\":[\"https:\/\/dunapro.hu\/en\/product\/sano-maxima-washing-powder\/\"]}]},{\"@type\":\"BreadcrumbList\",\"@id\":\"https:\/\/dunapro.hu\/en\/product\/sano-maxima-washing-powder\/#breadcrumb\",\"itemListElement\":[{\"@type\":\"ListItem\",\"position\":1,\"name\":\"Home\",\"item\":\"https:\/\/dunapro.hu\/en\/\"},{\"@type\":\"ListItem\",\"position\":2,\"name\":\"Term\u00e9keink1\",\"item\":\"https:\/\/dunapro.hu\/?page_id=955\"},{\"@type\":\"ListItem\",\"position\":3,\"name\":\"Sano Maxima Washing Powder\"}]},{\"@type\":\"WebSite\",\"@id\":\"https:\/\/dunapro.hu\/en\/#website\",\"url\":\"https:\/\/dunapro.hu\/en\/\",\"name\":\"DUNAPRO\",\"description\":\"FULL SERVICE TERM\u00c9KDISZTRIB\u00daCI\u00d3\",\"publisher\":{\"@id\":\"https:\/\/dunapro.hu\/en\/#organization\"},\"potentialAction\":[{\"@type\":\"SearchAction\",\"target\":{\"@type\":\"EntryPoint\",\"urlTemplate\":\"https:\/\/dunapro.hu\/en\/?s={search_term_string}\"},\"query-input\":\"required name=search_term_string\"}],\"inLanguage\":\"en-US\"},{\"@type\":\"Organization\",\"@id\":\"https:\/\/dunapro.hu\/en\/#organization\",\"name\":\"Dunapro disztrib\u00faci\u00f3\",\"url\":\"https:\/\/dunapro.hu\/en\/\",\"logo\":{\"@type\":\"ImageObject\",\"inLanguage\":\"en-US\",\"@id\":\"https:\/\/dunapro.hu\/en\/#\/schema\/logo\/image\/\",\"url\":\"https:\/\/dunapro.hu\/wp-content\/uploads\/2020\/06\/dunapro_logo_2020_sw.png\",\"contentUrl\":\"https:\/\/dunapro.hu\/wp-content\/uploads\/2020\/06\/dunapro_logo_2020_sw.png\",\"width\":500,\"height\":216,\"caption\":\"Dunapro disztrib\u00faci\u00f3\"},\"image\":{\"@id\":\"https:\/\/dunapro.hu\/en\/#\/schema\/logo\/image\/\"}}]}<\/script>\n<!-- \/ Yoast SEO plugin. -->","yoast_head_json":{"title":"Sano Maxima Washing Powder - DUNAPRO","description":"SANO Washing Powder: laundry detergents are produced with the most advanced technologies to provide a diverse range of solutions for your laundry needs.","robots":{"index":"index","follow":"follow","max-snippet":"max-snippet:-1","max-image-preview":"max-image-preview:large","max-video-preview":"max-video-preview:-1"},"canonical":"https:\/\/dunapro.hu\/en\/product\/sano-maxima-washing-powder\/","og_locale":"en_US","og_type":"article","og_title":"Sano Maxima Washing Powder - DUNAPRO","og_description":"SANO Washing Powder: laundry detergents are produced with the most advanced technologies to provide a diverse range of solutions for your laundry needs.","og_url":"https:\/\/dunapro.hu\/en\/product\/sano-maxima-washing-powder\/","og_site_name":"DUNAPRO","article_modified_time":"2023-10-27T10:01:38+00:00","og_image":[{"width":1000,"height":1000,"url":"https:\/\/dunapro.hu\/wp-content\/uploads\/2020\/07\/Sano-Maxima-Det-Pudra-Mountain-Fresh-2kg-1.jpg","type":"image\/jpeg"}],"twitter_card":"summary_large_image","schema":{"@context":"https:\/\/schema.org","@graph":[{"@type":"WebPage","@id":"https:\/\/dunapro.hu\/en\/product\/sano-maxima-washing-powder\/","url":"https:\/\/dunapro.hu\/en\/product\/sano-maxima-washing-powder\/","name":"Sano Maxima Washing Powder - DUNAPRO","isPartOf":{"@id":"https:\/\/dunapro.hu\/en\/#website"},"datePublished":"2020-07-02T02:47:21+00:00","dateModified":"2023-10-27T10:01:38+00:00","description":"SANO Washing Powder: laundry detergents are produced with the most advanced technologies to provide a diverse range of solutions for your laundry needs.","breadcrumb":{"@id":"https:\/\/dunapro.hu\/en\/product\/sano-maxima-washing-powder\/#breadcrumb"},"inLanguage":"en-US","potentialAction":[{"@type":"ReadAction","target":["https:\/\/dunapro.hu\/en\/product\/sano-maxima-washing-powder\/"]}]},{"@type":"BreadcrumbList","@id":"https:\/\/dunapro.hu\/en\/product\/sano-maxima-washing-powder\/#breadcrumb","itemListElement":[{"@type":"ListItem","position":1,"name":"Home","item":"https:\/\/dunapro.hu\/en\/"},{"@type":"ListItem","position":2,"name":"Term\u00e9keink1","item":"https:\/\/dunapro.hu\/?page_id=955"},{"@type":"ListItem","position":3,"name":"Sano Maxima Washing Powder"}]},{"@type":"WebSite","@id":"https:\/\/dunapro.hu\/en\/#website","url":"https:\/\/dunapro.hu\/en\/","name":"DUNAPRO","description":"FULL SERVICE TERM\u00c9KDISZTRIB\u00daCI\u00d3","publisher":{"@id":"https:\/\/dunapro.hu\/en\/#organization"},"potentialAction":[{"@type":"SearchAction","target":{"@type":"EntryPoint","urlTemplate":"https:\/\/dunapro.hu\/en\/?s={search_term_string}"},"query-input":"required name=search_term_string"}],"inLanguage":"en-US"},{"@type":"Organization","@id":"https:\/\/dunapro.hu\/en\/#organization","name":"Dunapro disztrib\u00faci\u00f3","url":"https:\/\/dunapro.hu\/en\/","logo":{"@type":"ImageObject","inLanguage":"en-US","@id":"https:\/\/dunapro.hu\/en\/#\/schema\/logo\/image\/","url":"https:\/\/dunapro.hu\/wp-content\/uploads\/2020\/06\/dunapro_logo_2020_sw.png","contentUrl":"https:\/\/dunapro.hu\/wp-content\/uploads\/2020\/06\/dunapro_logo_2020_sw.png","width":500,"height":216,"caption":"Dunapro disztrib\u00faci\u00f3"},"image":{"@id":"https:\/\/dunapro.hu\/en\/#\/schema\/logo\/image\/"}}]}},"_links":{"self":[{"href":"https:\/\/dunapro.hu\/en\/wp-json\/wp\/v2\/product\/2529"}],"collection":[{"href":"https:\/\/dunapro.hu\/en\/wp-json\/wp\/v2\/product"}],"about":[{"href":"https:\/\/dunapro.hu\/en\/wp-json\/wp\/v2\/types\/product"}],"wp:featuredmedia":[{"embeddable":true,"href":"https:\/\/dunapro.hu\/en\/wp-json\/wp\/v2\/media\/3385"}],"wp:attachment":[{"href":"https:\/\/dunapro.hu\/en\/wp-json\/wp\/v2\/media?parent=2529"}],"wp:term":[{"taxonomy":"product_cat","embeddable":true,"href":"https:\/\/dunapro.hu\/en\/wp-json\/wp\/v2\/product_cat?post=2529"},{"taxonomy":"product_tag","embeddable":true,"href":"https:\/\/dunapro.hu\/en\/wp-json\/wp\/v2\/product_tag?post=2529"}],"curies":[{"name":"wp","href":"https:\/\/api.w.org\/{rel}","templated":true}]}}