{"id":2522,"date":"2020-07-02T04:36:02","date_gmt":"2020-07-02T02:36:02","guid":{"rendered":"https:\/\/dunapro.hu\/termek\/sano-ipari-termekcsalad\/"},"modified":"2020-08-09T00:01:31","modified_gmt":"2020-08-08T22:01:31","slug":"sano-industrial-products","status":"publish","type":"product","link":"https:\/\/dunapro.hu\/en\/product\/sano-industrial-products\/","title":{"rendered":"SANO Industrial products"},"content":{"rendered":"","protected":false},"excerpt":{"rendered":"<p class=\"termekoldal_leiras\">Sano cleaning products are real guarantee of quality. Their concentrated formula makes them more effective than other similar products.<br \/>\nSano brand has a solution for every problems that may arise in household cleaning.<\/p>\n<p class=\"termekoldal_leiras\">Our portfolio offered for Professional partners is being constantly expanded, according to our partners needs.<\/p>\n<p class=\"termekoldal_leiras\"><strong>Sano DG 18<\/strong><br \/>\nDish liquid<br \/>\nFoaming liquid, suitable for washing dishes and general cleaning as well. pH neutral: ideal for cleaning kitchen surfaces and utensils .<br \/>\nSize: 4 l<\/p>\n<p class=\"termekoldal_leiras\"><strong>Sano Clear<\/strong><br \/>\nWindor cleaner<br \/>\nMulti-purpose cleaning liquid for windows, windshields, mirrors, tiles, ceramics, plastic, laminated and other surfaces. Leaves clean and shiny surface.<br \/>\nSize: 10 l<\/p>\n<p class=\"termekoldal_leiras\"><strong>Sano S-255 Fresh<\/strong><br \/>\nFloor cleaner<br \/>\nScented floor cleaning concentrate suitable for regular cleaning of all types of surfaces. Cleans and deodorizes at the same time.<br \/>\nSize: 4 l, 10 l<\/p>\n<p class=\"termekoldal_leiras\"><strong>Sano CR-101<\/strong><br \/>\nCarpet cleaner<br \/>\nCarpet cleaner for manual cleaning and cleaning machines. Recommended for both natural and synthetic materials. It cleans, removes dirt and different types of spots. Has antistatic effect. Leaves pleasant scent and purity.<br \/>\nSize: 10 l<\/p>\n<p class=\"termekoldal_leiras\"><strong>Sano DG-1 Forte<\/strong><br \/>\nDegreaser<br \/>\nHot and cold degreasing concentrate. Removes burnt-on grease, grime and dirt. Suitable for ovens, pots, pans, grills, pans, stoves, industrial fryers, tile surfaces, etc. cleaning.<br \/>\nSize: 4 l<\/p>\n<p>&nbsp;<\/p>\n<div style=\"padding-bottom: 2vh;\">[us_btn label=\"INTEREST\" link=\"url:\/en\/contact|title:Contact||\" style=\"3\"]<\/div>\n<div class=\"inlinesocials\" style=\"display: inline-flex !important;\"><strong>Share:<\/strong> [addtoany]<\/div>\n","protected":false},"featured_media":2140,"template":"","meta":[],"product_cat":[94],"product_tag":[112],"yoast_head":"<!-- This site is optimized with the Yoast SEO plugin v22.0 - https:\/\/yoast.com\/wordpress\/plugins\/seo\/ -->\n<title>SANO Industrial products - DUNAPRO Industrial cleaning<\/title>\n<meta name=\"description\" content=\"SANO Industrial products: They are real guarantee of quality. Their concentrated formula makes them more effective than other similar products.\" \/>\n<meta name=\"robots\" content=\"index, follow, max-snippet:-1, max-image-preview:large, max-video-preview:-1\" \/>\n<link rel=\"canonical\" href=\"https:\/\/dunapro.hu\/en\/product\/sano-industrial-products\/\" \/>\n<meta property=\"og:locale\" content=\"en_US\" \/>\n<meta property=\"og:type\" content=\"article\" \/>\n<meta property=\"og:title\" content=\"SANO Industrial products - DUNAPRO Industrial cleaning\" \/>\n<meta property=\"og:description\" content=\"SANO Industrial products: They are real guarantee of quality. Their concentrated formula makes them more effective than other similar products.\" \/>\n<meta property=\"og:url\" content=\"https:\/\/dunapro.hu\/en\/product\/sano-industrial-products\/\" \/>\n<meta property=\"og:site_name\" content=\"DUNAPRO\" \/>\n<meta property=\"article:modified_time\" content=\"2020-08-08T22:01:31+00:00\" \/>\n<meta property=\"og:image\" content=\"https:\/\/dunapro.hu\/wp-content\/uploads\/2020\/07\/S-255-Ipari-padlo\u0301tiszti\u0301to\u0301-4-L.jpg\" \/>\n\t<meta property=\"og:image:width\" content=\"800\" \/>\n\t<meta property=\"og:image:height\" content=\"800\" \/>\n\t<meta property=\"og:image:type\" content=\"image\/jpeg\" \/>\n<meta name=\"twitter:card\" content=\"summary_large_image\" \/>\n<script type=\"application\/ld+json\" class=\"yoast-schema-graph\">{\"@context\":\"https:\/\/schema.org\",\"@graph\":[{\"@type\":\"WebPage\",\"@id\":\"https:\/\/dunapro.hu\/en\/product\/sano-industrial-products\/\",\"url\":\"https:\/\/dunapro.hu\/en\/product\/sano-industrial-products\/\",\"name\":\"SANO Industrial products - DUNAPRO Industrial cleaning\",\"isPartOf\":{\"@id\":\"https:\/\/dunapro.hu\/en\/#website\"},\"datePublished\":\"2020-07-02T02:36:02+00:00\",\"dateModified\":\"2020-08-08T22:01:31+00:00\",\"description\":\"SANO Industrial products: They are real guarantee of quality. Their concentrated formula makes them more effective than other similar products.\",\"breadcrumb\":{\"@id\":\"https:\/\/dunapro.hu\/en\/product\/sano-industrial-products\/#breadcrumb\"},\"inLanguage\":\"en-US\",\"potentialAction\":[{\"@type\":\"ReadAction\",\"target\":[\"https:\/\/dunapro.hu\/en\/product\/sano-industrial-products\/\"]}]},{\"@type\":\"BreadcrumbList\",\"@id\":\"https:\/\/dunapro.hu\/en\/product\/sano-industrial-products\/#breadcrumb\",\"itemListElement\":[{\"@type\":\"ListItem\",\"position\":1,\"name\":\"Home\",\"item\":\"https:\/\/dunapro.hu\/en\/\"},{\"@type\":\"ListItem\",\"position\":2,\"name\":\"Term\u00e9keink1\",\"item\":\"https:\/\/dunapro.hu\/?page_id=955\"},{\"@type\":\"ListItem\",\"position\":3,\"name\":\"SANO Industrial products\"}]},{\"@type\":\"WebSite\",\"@id\":\"https:\/\/dunapro.hu\/en\/#website\",\"url\":\"https:\/\/dunapro.hu\/en\/\",\"name\":\"DUNAPRO\",\"description\":\"FULL SERVICE TERM\u00c9KDISZTRIB\u00daCI\u00d3\",\"publisher\":{\"@id\":\"https:\/\/dunapro.hu\/en\/#organization\"},\"potentialAction\":[{\"@type\":\"SearchAction\",\"target\":{\"@type\":\"EntryPoint\",\"urlTemplate\":\"https:\/\/dunapro.hu\/en\/?s={search_term_string}\"},\"query-input\":\"required name=search_term_string\"}],\"inLanguage\":\"en-US\"},{\"@type\":\"Organization\",\"@id\":\"https:\/\/dunapro.hu\/en\/#organization\",\"name\":\"Dunapro disztrib\u00faci\u00f3\",\"url\":\"https:\/\/dunapro.hu\/en\/\",\"logo\":{\"@type\":\"ImageObject\",\"inLanguage\":\"en-US\",\"@id\":\"https:\/\/dunapro.hu\/en\/#\/schema\/logo\/image\/\",\"url\":\"https:\/\/dunapro.hu\/wp-content\/uploads\/2020\/06\/dunapro_logo_2020_sw.png\",\"contentUrl\":\"https:\/\/dunapro.hu\/wp-content\/uploads\/2020\/06\/dunapro_logo_2020_sw.png\",\"width\":500,\"height\":216,\"caption\":\"Dunapro disztrib\u00faci\u00f3\"},\"image\":{\"@id\":\"https:\/\/dunapro.hu\/en\/#\/schema\/logo\/image\/\"}}]}<\/script>\n<!-- \/ Yoast SEO plugin. -->","yoast_head_json":{"title":"SANO Industrial products - DUNAPRO Industrial cleaning","description":"SANO Industrial products: They are real guarantee of quality. Their concentrated formula makes them more effective than other similar products.","robots":{"index":"index","follow":"follow","max-snippet":"max-snippet:-1","max-image-preview":"max-image-preview:large","max-video-preview":"max-video-preview:-1"},"canonical":"https:\/\/dunapro.hu\/en\/product\/sano-industrial-products\/","og_locale":"en_US","og_type":"article","og_title":"SANO Industrial products - DUNAPRO Industrial cleaning","og_description":"SANO Industrial products: They are real guarantee of quality. Their concentrated formula makes them more effective than other similar products.","og_url":"https:\/\/dunapro.hu\/en\/product\/sano-industrial-products\/","og_site_name":"DUNAPRO","article_modified_time":"2020-08-08T22:01:31+00:00","og_image":[{"width":800,"height":800,"url":"https:\/\/dunapro.hu\/wp-content\/uploads\/2020\/07\/S-255-Ipari-padlo\u0301tiszti\u0301to\u0301-4-L.jpg","type":"image\/jpeg"}],"twitter_card":"summary_large_image","schema":{"@context":"https:\/\/schema.org","@graph":[{"@type":"WebPage","@id":"https:\/\/dunapro.hu\/en\/product\/sano-industrial-products\/","url":"https:\/\/dunapro.hu\/en\/product\/sano-industrial-products\/","name":"SANO Industrial products - DUNAPRO Industrial cleaning","isPartOf":{"@id":"https:\/\/dunapro.hu\/en\/#website"},"datePublished":"2020-07-02T02:36:02+00:00","dateModified":"2020-08-08T22:01:31+00:00","description":"SANO Industrial products: They are real guarantee of quality. Their concentrated formula makes them more effective than other similar products.","breadcrumb":{"@id":"https:\/\/dunapro.hu\/en\/product\/sano-industrial-products\/#breadcrumb"},"inLanguage":"en-US","potentialAction":[{"@type":"ReadAction","target":["https:\/\/dunapro.hu\/en\/product\/sano-industrial-products\/"]}]},{"@type":"BreadcrumbList","@id":"https:\/\/dunapro.hu\/en\/product\/sano-industrial-products\/#breadcrumb","itemListElement":[{"@type":"ListItem","position":1,"name":"Home","item":"https:\/\/dunapro.hu\/en\/"},{"@type":"ListItem","position":2,"name":"Term\u00e9keink1","item":"https:\/\/dunapro.hu\/?page_id=955"},{"@type":"ListItem","position":3,"name":"SANO Industrial products"}]},{"@type":"WebSite","@id":"https:\/\/dunapro.hu\/en\/#website","url":"https:\/\/dunapro.hu\/en\/","name":"DUNAPRO","description":"FULL SERVICE TERM\u00c9KDISZTRIB\u00daCI\u00d3","publisher":{"@id":"https:\/\/dunapro.hu\/en\/#organization"},"potentialAction":[{"@type":"SearchAction","target":{"@type":"EntryPoint","urlTemplate":"https:\/\/dunapro.hu\/en\/?s={search_term_string}"},"query-input":"required name=search_term_string"}],"inLanguage":"en-US"},{"@type":"Organization","@id":"https:\/\/dunapro.hu\/en\/#organization","name":"Dunapro disztrib\u00faci\u00f3","url":"https:\/\/dunapro.hu\/en\/","logo":{"@type":"ImageObject","inLanguage":"en-US","@id":"https:\/\/dunapro.hu\/en\/#\/schema\/logo\/image\/","url":"https:\/\/dunapro.hu\/wp-content\/uploads\/2020\/06\/dunapro_logo_2020_sw.png","contentUrl":"https:\/\/dunapro.hu\/wp-content\/uploads\/2020\/06\/dunapro_logo_2020_sw.png","width":500,"height":216,"caption":"Dunapro disztrib\u00faci\u00f3"},"image":{"@id":"https:\/\/dunapro.hu\/en\/#\/schema\/logo\/image\/"}}]}},"_links":{"self":[{"href":"https:\/\/dunapro.hu\/en\/wp-json\/wp\/v2\/product\/2522"}],"collection":[{"href":"https:\/\/dunapro.hu\/en\/wp-json\/wp\/v2\/product"}],"about":[{"href":"https:\/\/dunapro.hu\/en\/wp-json\/wp\/v2\/types\/product"}],"wp:featuredmedia":[{"embeddable":true,"href":"https:\/\/dunapro.hu\/en\/wp-json\/wp\/v2\/media\/2140"}],"wp:attachment":[{"href":"https:\/\/dunapro.hu\/en\/wp-json\/wp\/v2\/media?parent=2522"}],"wp:term":[{"taxonomy":"product_cat","embeddable":true,"href":"https:\/\/dunapro.hu\/en\/wp-json\/wp\/v2\/product_cat?post=2522"},{"taxonomy":"product_tag","embeddable":true,"href":"https:\/\/dunapro.hu\/en\/wp-json\/wp\/v2\/product_tag?post=2522"}],"curies":[{"name":"wp","href":"https:\/\/api.w.org\/{rel}","templated":true}]}}