{"id":2512,"date":"2020-07-02T05:44:58","date_gmt":"2020-07-02T03:44:58","guid":{"rendered":"https:\/\/dunapro.hu\/termek\/sano-wc-tisztitok\/"},"modified":"2023-10-25T12:11:13","modified_gmt":"2023-10-25T10:11:13","slug":"sano-toilet-cleaners","status":"publish","type":"product","link":"https:\/\/dunapro.hu\/en\/product\/sano-toilet-cleaners\/","title":{"rendered":"SANO Toilet Cleaners"},"content":{"rendered":"","protected":false},"excerpt":{"rendered":"<p><strong>Sano Toilet bowl cleaner for tanks<br \/>\n<\/strong>A new active and especially foamy formula, leaving toilet sparkling clean. Forms a protective layer against dirt and scale buildup. Neutralizes unpleasant odours and leaves a pleasant scent. Colors the water sparkling blue \/ green \/ purple. For more than 900 flushes.<br \/>\nRange: Blue, Green, Purple.<br \/>\nSize: 150 g<\/p>\n<div><\/div>\n<div style=\"padding-bottom: 2vh;\">[us_btn label=\"INTEREST\" link=\"url:\/en\/contact|title:Contact||\" style=\"3\"]<\/div>\n<div class=\"inlinesocials\" style=\"display: inline-flex !important;\"><strong>Share:<\/strong> [addtoany]<\/div>\n","protected":false},"featured_media":2157,"template":"","meta":[],"product_cat":[94],"product_tag":[112],"yoast_head":"<!-- This site is optimized with the Yoast SEO plugin v22.0 - https:\/\/yoast.com\/wordpress\/plugins\/seo\/ -->\n<title>SANO Toilet Cleaners - DUNAPRO Cleans, shines, perfumes, colors<\/title>\n<meta name=\"description\" content=\"A new active and especially foamy formula, leaving toilet sparkling clean.\" \/>\n<meta name=\"robots\" content=\"index, follow, max-snippet:-1, max-image-preview:large, max-video-preview:-1\" \/>\n<link rel=\"canonical\" href=\"https:\/\/dunapro.hu\/en\/product\/sano-toilet-cleaners\/\" \/>\n<meta property=\"og:locale\" content=\"en_US\" \/>\n<meta property=\"og:type\" content=\"article\" \/>\n<meta property=\"og:title\" content=\"SANO Toilet Cleaners - DUNAPRO Cleans, shines, perfumes, colors\" \/>\n<meta property=\"og:description\" content=\"A new active and especially foamy formula, leaving toilet sparkling clean.\" \/>\n<meta property=\"og:url\" content=\"https:\/\/dunapro.hu\/en\/product\/sano-toilet-cleaners\/\" \/>\n<meta property=\"og:site_name\" content=\"DUNAPRO\" \/>\n<meta property=\"article:modified_time\" content=\"2023-10-25T10:11:13+00:00\" \/>\n<meta property=\"og:image\" content=\"https:\/\/dunapro.hu\/wp-content\/uploads\/2020\/07\/Sanobon-wc-tarta\u0301ly-tiszti\u0301to\u0301-ke\u0301k.jpg\" \/>\n\t<meta property=\"og:image:width\" content=\"800\" \/>\n\t<meta property=\"og:image:height\" content=\"800\" \/>\n\t<meta property=\"og:image:type\" content=\"image\/jpeg\" \/>\n<meta name=\"twitter:card\" content=\"summary_large_image\" \/>\n<script type=\"application\/ld+json\" class=\"yoast-schema-graph\">{\"@context\":\"https:\/\/schema.org\",\"@graph\":[{\"@type\":\"WebPage\",\"@id\":\"https:\/\/dunapro.hu\/en\/product\/sano-toilet-cleaners\/\",\"url\":\"https:\/\/dunapro.hu\/en\/product\/sano-toilet-cleaners\/\",\"name\":\"SANO Toilet Cleaners - DUNAPRO Cleans, shines, perfumes, colors\",\"isPartOf\":{\"@id\":\"https:\/\/dunapro.hu\/en\/#website\"},\"datePublished\":\"2020-07-02T03:44:58+00:00\",\"dateModified\":\"2023-10-25T10:11:13+00:00\",\"description\":\"A new active and especially foamy formula, leaving toilet sparkling clean.\",\"breadcrumb\":{\"@id\":\"https:\/\/dunapro.hu\/en\/product\/sano-toilet-cleaners\/#breadcrumb\"},\"inLanguage\":\"en-US\",\"potentialAction\":[{\"@type\":\"ReadAction\",\"target\":[\"https:\/\/dunapro.hu\/en\/product\/sano-toilet-cleaners\/\"]}]},{\"@type\":\"BreadcrumbList\",\"@id\":\"https:\/\/dunapro.hu\/en\/product\/sano-toilet-cleaners\/#breadcrumb\",\"itemListElement\":[{\"@type\":\"ListItem\",\"position\":1,\"name\":\"Home\",\"item\":\"https:\/\/dunapro.hu\/en\/\"},{\"@type\":\"ListItem\",\"position\":2,\"name\":\"Term\u00e9keink1\",\"item\":\"https:\/\/dunapro.hu\/?page_id=955\"},{\"@type\":\"ListItem\",\"position\":3,\"name\":\"SANO Toilet Cleaners\"}]},{\"@type\":\"WebSite\",\"@id\":\"https:\/\/dunapro.hu\/en\/#website\",\"url\":\"https:\/\/dunapro.hu\/en\/\",\"name\":\"DUNAPRO\",\"description\":\"FULL SERVICE TERM\u00c9KDISZTRIB\u00daCI\u00d3\",\"publisher\":{\"@id\":\"https:\/\/dunapro.hu\/en\/#organization\"},\"potentialAction\":[{\"@type\":\"SearchAction\",\"target\":{\"@type\":\"EntryPoint\",\"urlTemplate\":\"https:\/\/dunapro.hu\/en\/?s={search_term_string}\"},\"query-input\":\"required name=search_term_string\"}],\"inLanguage\":\"en-US\"},{\"@type\":\"Organization\",\"@id\":\"https:\/\/dunapro.hu\/en\/#organization\",\"name\":\"Dunapro disztrib\u00faci\u00f3\",\"url\":\"https:\/\/dunapro.hu\/en\/\",\"logo\":{\"@type\":\"ImageObject\",\"inLanguage\":\"en-US\",\"@id\":\"https:\/\/dunapro.hu\/en\/#\/schema\/logo\/image\/\",\"url\":\"https:\/\/dunapro.hu\/wp-content\/uploads\/2020\/06\/dunapro_logo_2020_sw.png\",\"contentUrl\":\"https:\/\/dunapro.hu\/wp-content\/uploads\/2020\/06\/dunapro_logo_2020_sw.png\",\"width\":500,\"height\":216,\"caption\":\"Dunapro disztrib\u00faci\u00f3\"},\"image\":{\"@id\":\"https:\/\/dunapro.hu\/en\/#\/schema\/logo\/image\/\"}}]}<\/script>\n<!-- \/ Yoast SEO plugin. -->","yoast_head_json":{"title":"SANO Toilet Cleaners - DUNAPRO Cleans, shines, perfumes, colors","description":"A new active and especially foamy formula, leaving toilet sparkling clean.","robots":{"index":"index","follow":"follow","max-snippet":"max-snippet:-1","max-image-preview":"max-image-preview:large","max-video-preview":"max-video-preview:-1"},"canonical":"https:\/\/dunapro.hu\/en\/product\/sano-toilet-cleaners\/","og_locale":"en_US","og_type":"article","og_title":"SANO Toilet Cleaners - DUNAPRO Cleans, shines, perfumes, colors","og_description":"A new active and especially foamy formula, leaving toilet sparkling clean.","og_url":"https:\/\/dunapro.hu\/en\/product\/sano-toilet-cleaners\/","og_site_name":"DUNAPRO","article_modified_time":"2023-10-25T10:11:13+00:00","og_image":[{"width":800,"height":800,"url":"https:\/\/dunapro.hu\/wp-content\/uploads\/2020\/07\/Sanobon-wc-tarta\u0301ly-tiszti\u0301to\u0301-ke\u0301k.jpg","type":"image\/jpeg"}],"twitter_card":"summary_large_image","schema":{"@context":"https:\/\/schema.org","@graph":[{"@type":"WebPage","@id":"https:\/\/dunapro.hu\/en\/product\/sano-toilet-cleaners\/","url":"https:\/\/dunapro.hu\/en\/product\/sano-toilet-cleaners\/","name":"SANO Toilet Cleaners - DUNAPRO Cleans, shines, perfumes, colors","isPartOf":{"@id":"https:\/\/dunapro.hu\/en\/#website"},"datePublished":"2020-07-02T03:44:58+00:00","dateModified":"2023-10-25T10:11:13+00:00","description":"A new active and especially foamy formula, leaving toilet sparkling clean.","breadcrumb":{"@id":"https:\/\/dunapro.hu\/en\/product\/sano-toilet-cleaners\/#breadcrumb"},"inLanguage":"en-US","potentialAction":[{"@type":"ReadAction","target":["https:\/\/dunapro.hu\/en\/product\/sano-toilet-cleaners\/"]}]},{"@type":"BreadcrumbList","@id":"https:\/\/dunapro.hu\/en\/product\/sano-toilet-cleaners\/#breadcrumb","itemListElement":[{"@type":"ListItem","position":1,"name":"Home","item":"https:\/\/dunapro.hu\/en\/"},{"@type":"ListItem","position":2,"name":"Term\u00e9keink1","item":"https:\/\/dunapro.hu\/?page_id=955"},{"@type":"ListItem","position":3,"name":"SANO Toilet Cleaners"}]},{"@type":"WebSite","@id":"https:\/\/dunapro.hu\/en\/#website","url":"https:\/\/dunapro.hu\/en\/","name":"DUNAPRO","description":"FULL SERVICE TERM\u00c9KDISZTRIB\u00daCI\u00d3","publisher":{"@id":"https:\/\/dunapro.hu\/en\/#organization"},"potentialAction":[{"@type":"SearchAction","target":{"@type":"EntryPoint","urlTemplate":"https:\/\/dunapro.hu\/en\/?s={search_term_string}"},"query-input":"required name=search_term_string"}],"inLanguage":"en-US"},{"@type":"Organization","@id":"https:\/\/dunapro.hu\/en\/#organization","name":"Dunapro disztrib\u00faci\u00f3","url":"https:\/\/dunapro.hu\/en\/","logo":{"@type":"ImageObject","inLanguage":"en-US","@id":"https:\/\/dunapro.hu\/en\/#\/schema\/logo\/image\/","url":"https:\/\/dunapro.hu\/wp-content\/uploads\/2020\/06\/dunapro_logo_2020_sw.png","contentUrl":"https:\/\/dunapro.hu\/wp-content\/uploads\/2020\/06\/dunapro_logo_2020_sw.png","width":500,"height":216,"caption":"Dunapro disztrib\u00faci\u00f3"},"image":{"@id":"https:\/\/dunapro.hu\/en\/#\/schema\/logo\/image\/"}}]}},"_links":{"self":[{"href":"https:\/\/dunapro.hu\/en\/wp-json\/wp\/v2\/product\/2512"}],"collection":[{"href":"https:\/\/dunapro.hu\/en\/wp-json\/wp\/v2\/product"}],"about":[{"href":"https:\/\/dunapro.hu\/en\/wp-json\/wp\/v2\/types\/product"}],"wp:featuredmedia":[{"embeddable":true,"href":"https:\/\/dunapro.hu\/en\/wp-json\/wp\/v2\/media\/2157"}],"wp:attachment":[{"href":"https:\/\/dunapro.hu\/en\/wp-json\/wp\/v2\/media?parent=2512"}],"wp:term":[{"taxonomy":"product_cat","embeddable":true,"href":"https:\/\/dunapro.hu\/en\/wp-json\/wp\/v2\/product_cat?post=2512"},{"taxonomy":"product_tag","embeddable":true,"href":"https:\/\/dunapro.hu\/en\/wp-json\/wp\/v2\/product_tag?post=2512"}],"curies":[{"name":"wp","href":"https:\/\/api.w.org\/{rel}","templated":true}]}}