{"id":2491,"date":"2020-07-01T20:38:47","date_gmt":"2020-07-01T18:38:47","guid":{"rendered":"https:\/\/dunapro.hu\/termek\/ultra-extra-eros-termekcsalad\/"},"modified":"2024-01-05T12:12:38","modified_gmt":"2024-01-05T11:12:38","slug":"ultra-extra-strong-family","status":"publish","type":"product","link":"https:\/\/dunapro.hu\/en\/product\/ultra-extra-strong-family\/","title":{"rendered":"Ultra Extra Strong family"},"content":{"rendered":"<section class=\"l-section wpb_row height_custom\"><div class=\"l-section-h i-cf\"><div class=\"g-cols vc_row via_flex valign_top type_default stacking_default\"><div class=\"vc_col-sm-12 wpb_column vc_column_container\"><div class=\"vc_column-inner\"><div class=\"wpb_wrapper\"><div class=\"g-cols wpb_row via_flex valign_top type_default stacking_default\"><div class=\"vc_col-sm-12 wpb_column vc_column_container\"><div class=\"vc_column-inner\"><div class=\"wpb_wrapper\"><div class=\"w-grid type_carousel layout_gallery_with_titles_below cols_4\" id=\"us_grid_1\" style=\"--gap:1.5rem;\"><style>.layout_gallery_with_titles_below .w-grid-item-h{}.layout_gallery_with_titles_below .usg_vwrapper_1{padding:0.5rem 1rem 1rem 1rem!important}.layout_gallery_with_titles_below .usg_post_title_1{font-size:0.8rem!important;line-height:1.6!important;margin-bottom:0!important}.layout_gallery_with_titles_below .usg_post_custom_field_1{font-size:0.8rem!important;line-height:1.6!important;margin-bottom:0!important}.layout_gallery_with_titles_below .usg_post_content_1{font-size:0.8rem!important;line-height:1.6!important;margin-bottom:0!important}.layout_gallery_with_titles_below .usg_post_content_2{color:var(--color-content-faded)!important;font-size:0.8rem!important;line-height:1.6!important;margin-top:0.2rem!important;margin-bottom:0.2rem!important}@media (min-width:1025px) and (max-width:1280px){.layout_gallery_with_titles_below .usg_vwrapper_1{padding:0.5rem 1rem 1rem 1rem!important}.layout_gallery_with_titles_below .usg_post_title_1{font-size:0.8rem!important;line-height:1.6!important;margin-bottom:0!important}.layout_gallery_with_titles_below .usg_post_custom_field_1{font-size:0.8rem!important;line-height:1.6!important;margin-bottom:0!important}.layout_gallery_with_titles_below .usg_post_content_1{font-size:0.8rem!important;line-height:1.6!important;margin-bottom:0!important}.layout_gallery_with_titles_below .usg_post_content_2{color:var(--color-content-faded)!important;font-size:0.8rem!important;line-height:1.6!important;margin-top:0.2rem!important;margin-bottom:0.2rem!important}}@media (min-width:601px) and (max-width:1024px){.layout_gallery_with_titles_below .usg_vwrapper_1{padding:0.5rem 1rem 1rem 1rem!important}.layout_gallery_with_titles_below .usg_post_title_1{font-size:0.8rem!important;line-height:1.6!important;margin-bottom:0!important}.layout_gallery_with_titles_below .usg_post_custom_field_1{font-size:0.8rem!important;line-height:1.6!important;margin-bottom:0!important}.layout_gallery_with_titles_below .usg_post_content_1{font-size:0.8rem!important;line-height:1.6!important;margin-bottom:0!important}.layout_gallery_with_titles_below .usg_post_content_2{color:var(--color-content-faded)!important;font-size:0.8rem!important;line-height:1.6!important;margin-top:0.2rem!important;margin-bottom:0.2rem!important}}@media (max-width:600px){.layout_gallery_with_titles_below .usg_vwrapper_1{padding:0.5rem 1rem 1rem 1rem!important}.layout_gallery_with_titles_below .usg_post_title_1{font-size:0.8rem!important;line-height:1.6!important;margin-bottom:0!important}.layout_gallery_with_titles_below .usg_post_custom_field_1{font-size:0.8rem!important;line-height:1.6!important;margin-bottom:0!important}.layout_gallery_with_titles_below .usg_post_content_1{font-size:0.8rem!important;line-height:1.6!important;margin-bottom:0!important}.layout_gallery_with_titles_below .usg_post_content_2{color:var(--color-content-faded)!important;font-size:0.8rem!important;line-height:1.6!important;margin-top:0.2rem!important;margin-bottom:0.2rem!important}}<\/style><div class=\"w-grid-list owl-carousel navstyle_circle navpos_outside\" style=\"--arrows-size:1.8rem;\">\t<article class=\"w-grid-item post-2028 attachment type-attachment status-inherit hentry\" data-id=\"2028\">\r\n\t\t<div class=\"w-grid-item-h\">\r\n\t\t\t\t\t\t<div class=\"w-post-elm post_image usg_post_image_1 has_ratio\"><div style=\"padding-bottom:100%\"><\/div><img loading=\"lazy\" decoding=\"async\" width=\"800\" height=\"800\" src=\"https:\/\/dunapro.hu\/wp-content\/uploads\/2020\/07\/Ultra-Extra-Eros-Penesz-500-ml_800.jpg\" class=\"attachment-large size-large\" alt=\"\" srcset=\"https:\/\/dunapro.hu\/wp-content\/uploads\/2020\/07\/Ultra-Extra-Eros-Penesz-500-ml_800.jpg 800w, https:\/\/dunapro.hu\/wp-content\/uploads\/2020\/07\/Ultra-Extra-Eros-Penesz-500-ml_800-400x400.jpg 400w, https:\/\/dunapro.hu\/wp-content\/uploads\/2020\/07\/Ultra-Extra-Eros-Penesz-500-ml_800-150x150.jpg 150w, https:\/\/dunapro.hu\/wp-content\/uploads\/2020\/07\/Ultra-Extra-Eros-Penesz-500-ml_800-600x600.jpg 600w\" sizes=\"(max-width: 800px) 100vw, 800px\" \/><\/div><div class=\"w-vwrapper usg_vwrapper_1 align_center valign_top\"><div class=\"w-post-elm post_title usg_post_title_1 hide_if_not_first entry-title color_link_inherit\">Ultra Extra Strong Mildew Remover 500ml<\/div><\/div>\t\t<\/div>\r\n\t<\/article>\r\n\t<article class=\"w-grid-item post-2027 attachment type-attachment status-inherit hentry\" data-id=\"2027\">\r\n\t\t<div class=\"w-grid-item-h\">\r\n\t\t\t\t\t\t<div class=\"w-post-elm post_image usg_post_image_1 has_ratio\"><div style=\"padding-bottom:100%\"><\/div><img loading=\"lazy\" decoding=\"async\" width=\"800\" height=\"800\" src=\"https:\/\/dunapro.hu\/wp-content\/uploads\/2020\/07\/Ultra-Extra-Eros-lefolyo_800.jpg\" class=\"attachment-large size-large\" alt=\"\" srcset=\"https:\/\/dunapro.hu\/wp-content\/uploads\/2020\/07\/Ultra-Extra-Eros-lefolyo_800.jpg 800w, https:\/\/dunapro.hu\/wp-content\/uploads\/2020\/07\/Ultra-Extra-Eros-lefolyo_800-400x400.jpg 400w, https:\/\/dunapro.hu\/wp-content\/uploads\/2020\/07\/Ultra-Extra-Eros-lefolyo_800-150x150.jpg 150w, https:\/\/dunapro.hu\/wp-content\/uploads\/2020\/07\/Ultra-Extra-Eros-lefolyo_800-600x600.jpg 600w\" sizes=\"(max-width: 800px) 100vw, 800px\" \/><\/div><div class=\"w-vwrapper usg_vwrapper_1 align_center valign_top\"><div class=\"w-post-elm post_title usg_post_title_1 hide_if_not_first entry-title color_link_inherit\">Ultra Extra Strong Drain Opener 1000ml<\/div><\/div>\t\t<\/div>\r\n\t<\/article>\r\n\t<article class=\"w-grid-item post-2026 attachment type-attachment status-inherit hentry\" data-id=\"2026\">\r\n\t\t<div class=\"w-grid-item-h\">\r\n\t\t\t\t\t\t<div class=\"w-post-elm post_image usg_post_image_1 has_ratio\"><div style=\"padding-bottom:100%\"><\/div><img loading=\"lazy\" decoding=\"async\" width=\"800\" height=\"800\" src=\"https:\/\/dunapro.hu\/wp-content\/uploads\/2020\/07\/Ultra-Extra-Eros-hidegzsiro_800.jpg\" class=\"attachment-large size-large\" alt=\"\" srcset=\"https:\/\/dunapro.hu\/wp-content\/uploads\/2020\/07\/Ultra-Extra-Eros-hidegzsiro_800.jpg 800w, https:\/\/dunapro.hu\/wp-content\/uploads\/2020\/07\/Ultra-Extra-Eros-hidegzsiro_800-400x400.jpg 400w, https:\/\/dunapro.hu\/wp-content\/uploads\/2020\/07\/Ultra-Extra-Eros-hidegzsiro_800-150x150.jpg 150w, https:\/\/dunapro.hu\/wp-content\/uploads\/2020\/07\/Ultra-Extra-Eros-hidegzsiro_800-600x600.jpg 600w\" sizes=\"(max-width: 800px) 100vw, 800px\" \/><\/div><div class=\"w-vwrapper usg_vwrapper_1 align_center valign_top\"><div class=\"w-post-elm post_title usg_post_title_1 hide_if_not_first entry-title color_link_inherit\">Ultra Extra Strong Degreaser 750ml<\/div><\/div>\t\t<\/div>\r\n\t<\/article>\r\n\t<article class=\"w-grid-item post-2025 attachment type-attachment status-inherit hentry\" data-id=\"2025\">\r\n\t\t<div class=\"w-grid-item-h\">\r\n\t\t\t\t\t\t<div class=\"w-post-elm post_image usg_post_image_1 has_ratio\"><div style=\"padding-bottom:100%\"><\/div><img loading=\"lazy\" decoding=\"async\" width=\"800\" height=\"800\" src=\"https:\/\/dunapro.hu\/wp-content\/uploads\/2020\/07\/Ultra-Extra-Eros-vizko_800.jpg\" class=\"attachment-large size-large\" alt=\"\" srcset=\"https:\/\/dunapro.hu\/wp-content\/uploads\/2020\/07\/Ultra-Extra-Eros-vizko_800.jpg 800w, https:\/\/dunapro.hu\/wp-content\/uploads\/2020\/07\/Ultra-Extra-Eros-vizko_800-400x400.jpg 400w, https:\/\/dunapro.hu\/wp-content\/uploads\/2020\/07\/Ultra-Extra-Eros-vizko_800-150x150.jpg 150w, https:\/\/dunapro.hu\/wp-content\/uploads\/2020\/07\/Ultra-Extra-Eros-vizko_800-600x600.jpg 600w\" sizes=\"(max-width: 800px) 100vw, 800px\" \/><\/div><div class=\"w-vwrapper usg_vwrapper_1 align_center valign_top\"><div class=\"w-post-elm post_title usg_post_title_1 hide_if_not_first entry-title color_link_inherit\">Ultra Extra Strong Scale Remover 500ml<\/div><\/div>\t\t<\/div>\r\n\t<\/article>\r\n<\/div>\t<div class=\"g-preloader type_1\">\r\n\t\t<div><\/div>\r\n\t<\/div>\r\n\t\t<div class=\"w-grid-json hidden\" onclick='return {&quot;action&quot;:&quot;us_ajax_grid&quot;,&quot;ajax_url&quot;:&quot;https:\\\/\\\/dunapro.hu\\\/wp-admin\\\/admin-ajax.php&quot;,&quot;infinite_scroll&quot;:0,&quot;max_num_pages&quot;:1,&quot;pagination&quot;:&quot;none&quot;,&quot;template_vars&quot;:{&quot;columns&quot;:&quot;4&quot;,&quot;exclude_items&quot;:&quot;none&quot;,&quot;img_size&quot;:&quot;default&quot;,&quot;ignore_items_size&quot;:0,&quot;items_layout&quot;:&quot;gallery_with_titles_below&quot;,&quot;items_offset&quot;:&quot;1&quot;,&quot;load_animation&quot;:&quot;none&quot;,&quot;overriding_link&quot;:&quot;{\\&quot;url\\&quot;:\\&quot;\\&quot;}&quot;,&quot;post_id&quot;:0,&quot;query_args&quot;:{&quot;post_type&quot;:[&quot;attachment&quot;],&quot;post__in&quot;:[&quot;1447&quot;,&quot;1446&quot;,&quot;1445&quot;,&quot;1444&quot;],&quot;post_status&quot;:&quot;inherit&quot;,&quot;post_mime_type&quot;:&quot;image&quot;,&quot;posts_per_page&quot;:&quot;10&quot;},&quot;orderby_query_args&quot;:{&quot;orderby&quot;:{&quot;date&quot;:&quot;DESC&quot;}},&quot;type&quot;:&quot;carousel&quot;,&quot;us_grid_ajax_index&quot;:1,&quot;us_grid_filter_params&quot;:[],&quot;us_grid_index&quot;:1,&quot;_us_grid_post_type&quot;:&quot;attachment&quot;,&quot;page_args&quot;:[],&quot;lang&quot;:&quot;en&quot;},&quot;carousel_settings&quot;:{&quot;autoHeight&quot;:0,&quot;autoplay&quot;:0,&quot;carousel_fade&quot;:0,&quot;center&quot;:0,&quot;dots&quot;:0,&quot;items&quot;:&quot;4&quot;,&quot;loop&quot;:false,&quot;nav&quot;:1,&quot;slideby&quot;:&quot;1&quot;,&quot;smooth_play&quot;:0,&quot;speed&quot;:250,&quot;timeout&quot;:3000,&quot;transition&quot;:&quot;&quot;,&quot;aria_labels&quot;:{&quot;prev&quot;:&quot;Previous&quot;,&quot;next&quot;:&quot;Next&quot;}},&quot;carousel_breakpoints&quot;:{&quot;0&quot;:{&quot;autoHeight&quot;:0,&quot;autoplay&quot;:1,&quot;autoplayHoverPause&quot;:1,&quot;items&quot;:2,&quot;loop&quot;:false,&quot;stagePadding&quot;:0},&quot;601&quot;:{&quot;autoHeight&quot;:0,&quot;autoplay&quot;:1,&quot;autoplayHoverPause&quot;:1,&quot;items&quot;:4,&quot;loop&quot;:false,&quot;stagePadding&quot;:0},&quot;1025&quot;:{&quot;autoHeight&quot;:0,&quot;autoplay&quot;:1,&quot;autoplayHoverPause&quot;:1,&quot;items&quot;:4,&quot;loop&quot;:false,&quot;stagePadding&quot;:0},&quot;1281&quot;:{&quot;items&quot;:4,&quot;stagePadding&quot;:0}}}'><\/div>\r\n\t<\/div><\/div><\/div><\/div><\/div><\/div><\/div><\/div><\/div><\/div><\/section>\n","protected":false},"excerpt":{"rendered":"<div class=\"termekoldal_leiras\">\n<p>High quality products with extra cleaning efficiency. Outstanding price value for money.<\/p>\n<p><strong>Ultra Extra Strong Degreaser 750ml<\/strong><br \/>\nSuitable for ovens, grills, stoves, pots, pans , vent hoods, ceramic surfaces, etc . It removes burnt grease and grime.<\/p>\n<p><strong>Ultra Extra Strong Mildew Remover 500ml<\/strong><br \/>\nLiquid product used for treating chlorine -resistant surfaces. Suitable for tiles, walls bathroom floor, kitchen wood surfaces and for furniture to remove mildew.<\/p>\n<p><strong>Ultra Extra Strong Drain Opener 1000ml<\/strong><br \/>\nDissolves the organic remains of dirt, soap in kitchen, bathroom drain pipes and traps. Eliminates blockage in drains and provides free water flow. Helps against unpleasant odors. It can be used to prevent blockage.<\/p>\n<p><strong>Ultra Extra Strong Scale Remover 500ml<\/strong><br \/>\nSuitable for the fast removal of lime scale and rust without scrubbing. Excellent for chrome, stainless steel, ceramic, plastic and glass surfaces for cleaning.<\/p>\n<p>&nbsp;<\/p>\n<\/div>\n<div style=\"padding-bottom: 2vh;\">[us_btn label=\"INTEREST\" link=\"url:\/en\/contact|title:Contact||\" style=\"3\"]<\/div>\n<div class=\"inlinesocials\" style=\"display: inline-flex !important;\"><strong>Share:<\/strong> [addtoany]<\/div>\n","protected":false},"featured_media":2026,"template":"","meta":[],"product_cat":[94],"product_tag":[114],"yoast_head":"<!-- This site is optimized with the Yoast SEO plugin v22.0 - https:\/\/yoast.com\/wordpress\/plugins\/seo\/ -->\n<title>Ultra Extra Strong family - DUNAPRO Outstanding price value for money.<\/title>\n<meta name=\"description\" content=\"Ultra Extra Strong family: High quality products with extra cleaning efficiency. Outstanding price value for money. Degreaser, mildew remover, drain opener\" \/>\n<meta name=\"robots\" content=\"index, follow, max-snippet:-1, max-image-preview:large, max-video-preview:-1\" \/>\n<link rel=\"canonical\" href=\"https:\/\/dunapro.hu\/en\/product\/ultra-extra-strong-family\/\" \/>\n<meta property=\"og:locale\" content=\"en_US\" \/>\n<meta property=\"og:type\" content=\"article\" \/>\n<meta property=\"og:title\" content=\"Ultra Extra Strong family - DUNAPRO Outstanding price value for money.\" \/>\n<meta property=\"og:description\" content=\"Ultra Extra Strong family: High quality products with extra cleaning efficiency. Outstanding price value for money. Degreaser, mildew remover, drain opener\" \/>\n<meta property=\"og:url\" content=\"https:\/\/dunapro.hu\/en\/product\/ultra-extra-strong-family\/\" \/>\n<meta property=\"og:site_name\" content=\"DUNAPRO\" \/>\n<meta property=\"article:modified_time\" content=\"2024-01-05T11:12:38+00:00\" \/>\n<meta property=\"og:image\" content=\"https:\/\/dunapro.hu\/wp-content\/uploads\/2020\/07\/Ultra-Extra-Eros-hidegzsiro_800.jpg\" \/>\n\t<meta property=\"og:image:width\" content=\"800\" \/>\n\t<meta property=\"og:image:height\" content=\"800\" \/>\n\t<meta property=\"og:image:type\" content=\"image\/jpeg\" \/>\n<meta name=\"twitter:card\" content=\"summary_large_image\" \/>\n<meta name=\"twitter:label1\" content=\"Est. reading time\" \/>\n\t<meta name=\"twitter:data1\" content=\"1 minute\" \/>\n<script type=\"application\/ld+json\" class=\"yoast-schema-graph\">{\"@context\":\"https:\/\/schema.org\",\"@graph\":[{\"@type\":\"WebPage\",\"@id\":\"https:\/\/dunapro.hu\/en\/product\/ultra-extra-strong-family\/\",\"url\":\"https:\/\/dunapro.hu\/en\/product\/ultra-extra-strong-family\/\",\"name\":\"Ultra Extra Strong family - DUNAPRO Outstanding price value for money.\",\"isPartOf\":{\"@id\":\"https:\/\/dunapro.hu\/en\/#website\"},\"datePublished\":\"2020-07-01T18:38:47+00:00\",\"dateModified\":\"2024-01-05T11:12:38+00:00\",\"description\":\"Ultra Extra Strong family: High quality products with extra cleaning efficiency. Outstanding price value for money. Degreaser, mildew remover, drain opener\",\"breadcrumb\":{\"@id\":\"https:\/\/dunapro.hu\/en\/product\/ultra-extra-strong-family\/#breadcrumb\"},\"inLanguage\":\"en-US\",\"potentialAction\":[{\"@type\":\"ReadAction\",\"target\":[\"https:\/\/dunapro.hu\/en\/product\/ultra-extra-strong-family\/\"]}]},{\"@type\":\"BreadcrumbList\",\"@id\":\"https:\/\/dunapro.hu\/en\/product\/ultra-extra-strong-family\/#breadcrumb\",\"itemListElement\":[{\"@type\":\"ListItem\",\"position\":1,\"name\":\"Home\",\"item\":\"https:\/\/dunapro.hu\/en\/\"},{\"@type\":\"ListItem\",\"position\":2,\"name\":\"Term\u00e9keink1\",\"item\":\"https:\/\/dunapro.hu\/?page_id=955\"},{\"@type\":\"ListItem\",\"position\":3,\"name\":\"Ultra Extra Strong family\"}]},{\"@type\":\"WebSite\",\"@id\":\"https:\/\/dunapro.hu\/en\/#website\",\"url\":\"https:\/\/dunapro.hu\/en\/\",\"name\":\"DUNAPRO\",\"description\":\"FULL SERVICE TERM\u00c9KDISZTRIB\u00daCI\u00d3\",\"publisher\":{\"@id\":\"https:\/\/dunapro.hu\/en\/#organization\"},\"potentialAction\":[{\"@type\":\"SearchAction\",\"target\":{\"@type\":\"EntryPoint\",\"urlTemplate\":\"https:\/\/dunapro.hu\/en\/?s={search_term_string}\"},\"query-input\":\"required name=search_term_string\"}],\"inLanguage\":\"en-US\"},{\"@type\":\"Organization\",\"@id\":\"https:\/\/dunapro.hu\/en\/#organization\",\"name\":\"Dunapro disztrib\u00faci\u00f3\",\"url\":\"https:\/\/dunapro.hu\/en\/\",\"logo\":{\"@type\":\"ImageObject\",\"inLanguage\":\"en-US\",\"@id\":\"https:\/\/dunapro.hu\/en\/#\/schema\/logo\/image\/\",\"url\":\"https:\/\/dunapro.hu\/wp-content\/uploads\/2020\/06\/dunapro_logo_2020_sw.png\",\"contentUrl\":\"https:\/\/dunapro.hu\/wp-content\/uploads\/2020\/06\/dunapro_logo_2020_sw.png\",\"width\":500,\"height\":216,\"caption\":\"Dunapro disztrib\u00faci\u00f3\"},\"image\":{\"@id\":\"https:\/\/dunapro.hu\/en\/#\/schema\/logo\/image\/\"}}]}<\/script>\n<!-- \/ Yoast SEO plugin. -->","yoast_head_json":{"title":"Ultra Extra Strong family - DUNAPRO Outstanding price value for money.","description":"Ultra Extra Strong family: High quality products with extra cleaning efficiency. Outstanding price value for money. Degreaser, mildew remover, drain opener","robots":{"index":"index","follow":"follow","max-snippet":"max-snippet:-1","max-image-preview":"max-image-preview:large","max-video-preview":"max-video-preview:-1"},"canonical":"https:\/\/dunapro.hu\/en\/product\/ultra-extra-strong-family\/","og_locale":"en_US","og_type":"article","og_title":"Ultra Extra Strong family - DUNAPRO Outstanding price value for money.","og_description":"Ultra Extra Strong family: High quality products with extra cleaning efficiency. Outstanding price value for money. Degreaser, mildew remover, drain opener","og_url":"https:\/\/dunapro.hu\/en\/product\/ultra-extra-strong-family\/","og_site_name":"DUNAPRO","article_modified_time":"2024-01-05T11:12:38+00:00","og_image":[{"width":800,"height":800,"url":"https:\/\/dunapro.hu\/wp-content\/uploads\/2020\/07\/Ultra-Extra-Eros-hidegzsiro_800.jpg","type":"image\/jpeg"}],"twitter_card":"summary_large_image","twitter_misc":{"Est. reading time":"1 minute"},"schema":{"@context":"https:\/\/schema.org","@graph":[{"@type":"WebPage","@id":"https:\/\/dunapro.hu\/en\/product\/ultra-extra-strong-family\/","url":"https:\/\/dunapro.hu\/en\/product\/ultra-extra-strong-family\/","name":"Ultra Extra Strong family - DUNAPRO Outstanding price value for money.","isPartOf":{"@id":"https:\/\/dunapro.hu\/en\/#website"},"datePublished":"2020-07-01T18:38:47+00:00","dateModified":"2024-01-05T11:12:38+00:00","description":"Ultra Extra Strong family: High quality products with extra cleaning efficiency. Outstanding price value for money. Degreaser, mildew remover, drain opener","breadcrumb":{"@id":"https:\/\/dunapro.hu\/en\/product\/ultra-extra-strong-family\/#breadcrumb"},"inLanguage":"en-US","potentialAction":[{"@type":"ReadAction","target":["https:\/\/dunapro.hu\/en\/product\/ultra-extra-strong-family\/"]}]},{"@type":"BreadcrumbList","@id":"https:\/\/dunapro.hu\/en\/product\/ultra-extra-strong-family\/#breadcrumb","itemListElement":[{"@type":"ListItem","position":1,"name":"Home","item":"https:\/\/dunapro.hu\/en\/"},{"@type":"ListItem","position":2,"name":"Term\u00e9keink1","item":"https:\/\/dunapro.hu\/?page_id=955"},{"@type":"ListItem","position":3,"name":"Ultra Extra Strong family"}]},{"@type":"WebSite","@id":"https:\/\/dunapro.hu\/en\/#website","url":"https:\/\/dunapro.hu\/en\/","name":"DUNAPRO","description":"FULL SERVICE TERM\u00c9KDISZTRIB\u00daCI\u00d3","publisher":{"@id":"https:\/\/dunapro.hu\/en\/#organization"},"potentialAction":[{"@type":"SearchAction","target":{"@type":"EntryPoint","urlTemplate":"https:\/\/dunapro.hu\/en\/?s={search_term_string}"},"query-input":"required name=search_term_string"}],"inLanguage":"en-US"},{"@type":"Organization","@id":"https:\/\/dunapro.hu\/en\/#organization","name":"Dunapro disztrib\u00faci\u00f3","url":"https:\/\/dunapro.hu\/en\/","logo":{"@type":"ImageObject","inLanguage":"en-US","@id":"https:\/\/dunapro.hu\/en\/#\/schema\/logo\/image\/","url":"https:\/\/dunapro.hu\/wp-content\/uploads\/2020\/06\/dunapro_logo_2020_sw.png","contentUrl":"https:\/\/dunapro.hu\/wp-content\/uploads\/2020\/06\/dunapro_logo_2020_sw.png","width":500,"height":216,"caption":"Dunapro disztrib\u00faci\u00f3"},"image":{"@id":"https:\/\/dunapro.hu\/en\/#\/schema\/logo\/image\/"}}]}},"_links":{"self":[{"href":"https:\/\/dunapro.hu\/en\/wp-json\/wp\/v2\/product\/2491"}],"collection":[{"href":"https:\/\/dunapro.hu\/en\/wp-json\/wp\/v2\/product"}],"about":[{"href":"https:\/\/dunapro.hu\/en\/wp-json\/wp\/v2\/types\/product"}],"wp:featuredmedia":[{"embeddable":true,"href":"https:\/\/dunapro.hu\/en\/wp-json\/wp\/v2\/media\/2026"}],"wp:attachment":[{"href":"https:\/\/dunapro.hu\/en\/wp-json\/wp\/v2\/media?parent=2491"}],"wp:term":[{"taxonomy":"product_cat","embeddable":true,"href":"https:\/\/dunapro.hu\/en\/wp-json\/wp\/v2\/product_cat?post=2491"},{"taxonomy":"product_tag","embeddable":true,"href":"https:\/\/dunapro.hu\/en\/wp-json\/wp\/v2\/product_tag?post=2491"}],"curies":[{"name":"wp","href":"https:\/\/api.w.org\/{rel}","templated":true}]}}