{"id":2483,"date":"2020-07-01T21:33:16","date_gmt":"2020-07-01T19:33:16","guid":{"rendered":"https:\/\/dunapro.hu\/termek\/ultra-daisy\/"},"modified":"2024-01-05T11:37:34","modified_gmt":"2024-01-05T10:37:34","slug":"ultra-daisy","status":"publish","type":"product","link":"https:\/\/dunapro.hu\/en\/product\/ultra-daisy\/","title":{"rendered":"Ultra Daisy"},"content":{"rendered":"","protected":false},"excerpt":{"rendered":"<div class=\"termekoldal_leiras\">\n<p>Due to its unique formula, Ultra Daisy dishwashing liquid actively dissolves fat, effectively removes food stains and neutralizes odors. It contains vitamins and glycerin which protect the skin during use.<\/p>\n<p><strong>Ultra Daisy Intensive dishwashing liquids<\/strong><br \/>\nGlossy surface. Suitable for porcelain, ceramic , glass, plastic, wood, metal surfaces. Extremely intensive effect<\/p>\n<p><strong>Ultra Daisy Hypoallergenic dishwashing liquid<\/strong><br \/>\nComposition of the Ultra Daisy dishwashing liquid causes the least possible irritating effect on the skin of people with sensitive skin. It is suitable for cleaning china, ceramics, glass, plastics, wood and metal tableware.<\/p>\n<\/div>\n<div style=\"padding-bottom: 2vh;\">[us_btn label=\"INTEREST\" link=\"url:\/en\/contact|title:Contact||\" style=\"3\"]<\/div>\n<div class=\"inlinesocials\" style=\"display: inline-flex !important;\"><strong>Share:<\/strong> [addtoany]<\/div>\n","protected":false},"featured_media":3340,"template":"","meta":[],"product_cat":[94],"product_tag":[114],"yoast_head":"<!-- This site is optimized with the Yoast SEO plugin v22.0 - https:\/\/yoast.com\/wordpress\/plugins\/seo\/ -->\n<title>Ultra Daisy - DUNAPRO It contains vitamins and glycerin<\/title>\n<meta name=\"description\" content=\"Ultra Daisy: Due to its unique formula, Ultra Daisy dishwashing liquid actively dissolves fat, effectively removes food stains and neutralizes odors.\" \/>\n<meta name=\"robots\" content=\"index, follow, max-snippet:-1, max-image-preview:large, max-video-preview:-1\" \/>\n<link rel=\"canonical\" href=\"https:\/\/dunapro.hu\/en\/product\/ultra-daisy\/\" \/>\n<meta property=\"og:locale\" content=\"en_US\" \/>\n<meta property=\"og:type\" content=\"article\" \/>\n<meta property=\"og:title\" content=\"Ultra Daisy - DUNAPRO It contains vitamins and glycerin\" \/>\n<meta property=\"og:description\" content=\"Ultra Daisy: Due to its unique formula, Ultra Daisy dishwashing liquid actively dissolves fat, effectively removes food stains and neutralizes odors.\" \/>\n<meta property=\"og:url\" content=\"https:\/\/dunapro.hu\/en\/product\/ultra-daisy\/\" \/>\n<meta property=\"og:site_name\" content=\"DUNAPRO\" \/>\n<meta property=\"article:modified_time\" content=\"2024-01-05T10:37:34+00:00\" \/>\n<meta property=\"og:image\" content=\"https:\/\/dunapro.hu\/wp-content\/uploads\/2020\/07\/Daisy_granatalma1.jpg\" \/>\n\t<meta property=\"og:image:width\" content=\"1000\" \/>\n\t<meta property=\"og:image:height\" content=\"1000\" \/>\n\t<meta property=\"og:image:type\" content=\"image\/jpeg\" \/>\n<meta name=\"twitter:card\" content=\"summary_large_image\" \/>\n<script type=\"application\/ld+json\" class=\"yoast-schema-graph\">{\"@context\":\"https:\/\/schema.org\",\"@graph\":[{\"@type\":\"WebPage\",\"@id\":\"https:\/\/dunapro.hu\/en\/product\/ultra-daisy\/\",\"url\":\"https:\/\/dunapro.hu\/en\/product\/ultra-daisy\/\",\"name\":\"Ultra Daisy - DUNAPRO It contains vitamins and glycerin\",\"isPartOf\":{\"@id\":\"https:\/\/dunapro.hu\/en\/#website\"},\"datePublished\":\"2020-07-01T19:33:16+00:00\",\"dateModified\":\"2024-01-05T10:37:34+00:00\",\"description\":\"Ultra Daisy: Due to its unique formula, Ultra Daisy dishwashing liquid actively dissolves fat, effectively removes food stains and neutralizes odors.\",\"breadcrumb\":{\"@id\":\"https:\/\/dunapro.hu\/en\/product\/ultra-daisy\/#breadcrumb\"},\"inLanguage\":\"en-US\",\"potentialAction\":[{\"@type\":\"ReadAction\",\"target\":[\"https:\/\/dunapro.hu\/en\/product\/ultra-daisy\/\"]}]},{\"@type\":\"BreadcrumbList\",\"@id\":\"https:\/\/dunapro.hu\/en\/product\/ultra-daisy\/#breadcrumb\",\"itemListElement\":[{\"@type\":\"ListItem\",\"position\":1,\"name\":\"Home\",\"item\":\"https:\/\/dunapro.hu\/en\/\"},{\"@type\":\"ListItem\",\"position\":2,\"name\":\"Term\u00e9keink1\",\"item\":\"https:\/\/dunapro.hu\/?page_id=955\"},{\"@type\":\"ListItem\",\"position\":3,\"name\":\"Ultra Daisy\"}]},{\"@type\":\"WebSite\",\"@id\":\"https:\/\/dunapro.hu\/en\/#website\",\"url\":\"https:\/\/dunapro.hu\/en\/\",\"name\":\"DUNAPRO\",\"description\":\"FULL SERVICE TERM\u00c9KDISZTRIB\u00daCI\u00d3\",\"publisher\":{\"@id\":\"https:\/\/dunapro.hu\/en\/#organization\"},\"potentialAction\":[{\"@type\":\"SearchAction\",\"target\":{\"@type\":\"EntryPoint\",\"urlTemplate\":\"https:\/\/dunapro.hu\/en\/?s={search_term_string}\"},\"query-input\":\"required name=search_term_string\"}],\"inLanguage\":\"en-US\"},{\"@type\":\"Organization\",\"@id\":\"https:\/\/dunapro.hu\/en\/#organization\",\"name\":\"Dunapro disztrib\u00faci\u00f3\",\"url\":\"https:\/\/dunapro.hu\/en\/\",\"logo\":{\"@type\":\"ImageObject\",\"inLanguage\":\"en-US\",\"@id\":\"https:\/\/dunapro.hu\/en\/#\/schema\/logo\/image\/\",\"url\":\"https:\/\/dunapro.hu\/wp-content\/uploads\/2020\/06\/dunapro_logo_2020_sw.png\",\"contentUrl\":\"https:\/\/dunapro.hu\/wp-content\/uploads\/2020\/06\/dunapro_logo_2020_sw.png\",\"width\":500,\"height\":216,\"caption\":\"Dunapro disztrib\u00faci\u00f3\"},\"image\":{\"@id\":\"https:\/\/dunapro.hu\/en\/#\/schema\/logo\/image\/\"}}]}<\/script>\n<!-- \/ Yoast SEO plugin. -->","yoast_head_json":{"title":"Ultra Daisy - DUNAPRO It contains vitamins and glycerin","description":"Ultra Daisy: Due to its unique formula, Ultra Daisy dishwashing liquid actively dissolves fat, effectively removes food stains and neutralizes odors.","robots":{"index":"index","follow":"follow","max-snippet":"max-snippet:-1","max-image-preview":"max-image-preview:large","max-video-preview":"max-video-preview:-1"},"canonical":"https:\/\/dunapro.hu\/en\/product\/ultra-daisy\/","og_locale":"en_US","og_type":"article","og_title":"Ultra Daisy - DUNAPRO It contains vitamins and glycerin","og_description":"Ultra Daisy: Due to its unique formula, Ultra Daisy dishwashing liquid actively dissolves fat, effectively removes food stains and neutralizes odors.","og_url":"https:\/\/dunapro.hu\/en\/product\/ultra-daisy\/","og_site_name":"DUNAPRO","article_modified_time":"2024-01-05T10:37:34+00:00","og_image":[{"width":1000,"height":1000,"url":"https:\/\/dunapro.hu\/wp-content\/uploads\/2020\/07\/Daisy_granatalma1.jpg","type":"image\/jpeg"}],"twitter_card":"summary_large_image","schema":{"@context":"https:\/\/schema.org","@graph":[{"@type":"WebPage","@id":"https:\/\/dunapro.hu\/en\/product\/ultra-daisy\/","url":"https:\/\/dunapro.hu\/en\/product\/ultra-daisy\/","name":"Ultra Daisy - DUNAPRO It contains vitamins and glycerin","isPartOf":{"@id":"https:\/\/dunapro.hu\/en\/#website"},"datePublished":"2020-07-01T19:33:16+00:00","dateModified":"2024-01-05T10:37:34+00:00","description":"Ultra Daisy: Due to its unique formula, Ultra Daisy dishwashing liquid actively dissolves fat, effectively removes food stains and neutralizes odors.","breadcrumb":{"@id":"https:\/\/dunapro.hu\/en\/product\/ultra-daisy\/#breadcrumb"},"inLanguage":"en-US","potentialAction":[{"@type":"ReadAction","target":["https:\/\/dunapro.hu\/en\/product\/ultra-daisy\/"]}]},{"@type":"BreadcrumbList","@id":"https:\/\/dunapro.hu\/en\/product\/ultra-daisy\/#breadcrumb","itemListElement":[{"@type":"ListItem","position":1,"name":"Home","item":"https:\/\/dunapro.hu\/en\/"},{"@type":"ListItem","position":2,"name":"Term\u00e9keink1","item":"https:\/\/dunapro.hu\/?page_id=955"},{"@type":"ListItem","position":3,"name":"Ultra Daisy"}]},{"@type":"WebSite","@id":"https:\/\/dunapro.hu\/en\/#website","url":"https:\/\/dunapro.hu\/en\/","name":"DUNAPRO","description":"FULL SERVICE TERM\u00c9KDISZTRIB\u00daCI\u00d3","publisher":{"@id":"https:\/\/dunapro.hu\/en\/#organization"},"potentialAction":[{"@type":"SearchAction","target":{"@type":"EntryPoint","urlTemplate":"https:\/\/dunapro.hu\/en\/?s={search_term_string}"},"query-input":"required name=search_term_string"}],"inLanguage":"en-US"},{"@type":"Organization","@id":"https:\/\/dunapro.hu\/en\/#organization","name":"Dunapro disztrib\u00faci\u00f3","url":"https:\/\/dunapro.hu\/en\/","logo":{"@type":"ImageObject","inLanguage":"en-US","@id":"https:\/\/dunapro.hu\/en\/#\/schema\/logo\/image\/","url":"https:\/\/dunapro.hu\/wp-content\/uploads\/2020\/06\/dunapro_logo_2020_sw.png","contentUrl":"https:\/\/dunapro.hu\/wp-content\/uploads\/2020\/06\/dunapro_logo_2020_sw.png","width":500,"height":216,"caption":"Dunapro disztrib\u00faci\u00f3"},"image":{"@id":"https:\/\/dunapro.hu\/en\/#\/schema\/logo\/image\/"}}]}},"_links":{"self":[{"href":"https:\/\/dunapro.hu\/en\/wp-json\/wp\/v2\/product\/2483"}],"collection":[{"href":"https:\/\/dunapro.hu\/en\/wp-json\/wp\/v2\/product"}],"about":[{"href":"https:\/\/dunapro.hu\/en\/wp-json\/wp\/v2\/types\/product"}],"wp:featuredmedia":[{"embeddable":true,"href":"https:\/\/dunapro.hu\/en\/wp-json\/wp\/v2\/media\/3340"}],"wp:attachment":[{"href":"https:\/\/dunapro.hu\/en\/wp-json\/wp\/v2\/media?parent=2483"}],"wp:term":[{"taxonomy":"product_cat","embeddable":true,"href":"https:\/\/dunapro.hu\/en\/wp-json\/wp\/v2\/product_cat?post=2483"},{"taxonomy":"product_tag","embeddable":true,"href":"https:\/\/dunapro.hu\/en\/wp-json\/wp\/v2\/product_tag?post=2483"}],"curies":[{"name":"wp","href":"https:\/\/api.w.org\/{rel}","templated":true}]}}