{"id":2477,"date":"2020-07-02T00:43:35","date_gmt":"2020-07-01T22:43:35","guid":{"rendered":"https:\/\/dunapro.hu\/termek\/ultra-mosogatopor\/"},"modified":"2024-02-16T11:38:29","modified_gmt":"2024-02-16T10:38:29","slug":"ultra-dishwashing-powder","status":"publish","type":"product","link":"https:\/\/dunapro.hu\/en\/product\/ultra-dishwashing-powder\/","title":{"rendered":"Ultra Dishwashing Powder"},"content":{"rendered":"","protected":false},"excerpt":{"rendered":"<div class=\"termekoldal_leiras\">\n<p>Ultra is the traditional, value for money brand for more than 50 years on the Hungarian market. Ultra dishwashing powder is the market leader in value (84,4%)* in powder hand dishwashing subcategory!<br \/>\nDishwashing powder and cleaning detergent soluble in water. Effective grease solvent, works excellently even in hard water. Suitable for cleaning and degreasing of household and industrial tableware, glass, tiles, sinks and bathtubs, floorings of ceramics and PVC, doors and windows.<br \/>\nDisinfecting dishwashing powder for the hand dishwashing of white and black washing of tableware. Recommended for all surfaces cleaning. The product is suitable for the hygienic systems according to HACCP.<br \/>\n* Source: Nielsen 2012<\/p>\n<\/div>\n<div style=\"padding-bottom: 2vh;\">[us_btn label=\"INTEREST\" link=\"url:\/en\/contact|title:Contact||\" style=\"3\"]<\/div>\n<div class=\"inlinesocials\" style=\"display: inline-flex !important;\"><strong>Share:<\/strong> [addtoany]<\/div>\n","protected":false},"featured_media":2050,"template":"","meta":[],"product_cat":[94],"product_tag":[114],"yoast_head":"<!-- This site is optimized with the Yoast SEO plugin v22.0 - https:\/\/yoast.com\/wordpress\/plugins\/seo\/ -->\n<title>Ultra Dishwashing Powder - DUNAPRO Effective grease solvent<\/title>\n<meta name=\"description\" content=\"Ultra Dishwashing Powder: Dishwashing powder and cleaning detergent soluble in water. Effective grease solvent, works excellently even in hard water.\" \/>\n<meta name=\"robots\" content=\"index, follow, max-snippet:-1, max-image-preview:large, max-video-preview:-1\" \/>\n<link rel=\"canonical\" href=\"https:\/\/dunapro.hu\/en\/product\/ultra-dishwashing-powder\/\" \/>\n<meta property=\"og:locale\" content=\"en_US\" \/>\n<meta property=\"og:type\" content=\"article\" \/>\n<meta property=\"og:title\" content=\"Ultra Dishwashing Powder - DUNAPRO Effective grease solvent\" \/>\n<meta property=\"og:description\" content=\"Ultra Dishwashing Powder: Dishwashing powder and cleaning detergent soluble in water. Effective grease solvent, works excellently even in hard water.\" \/>\n<meta property=\"og:url\" content=\"https:\/\/dunapro.hu\/en\/product\/ultra-dishwashing-powder\/\" \/>\n<meta property=\"og:site_name\" content=\"DUNAPRO\" \/>\n<meta property=\"article:modified_time\" content=\"2024-02-16T10:38:29+00:00\" \/>\n<meta property=\"og:image\" content=\"https:\/\/dunapro.hu\/wp-content\/uploads\/2020\/07\/Ultra-Mosogatopor-500-g_800.jpg\" \/>\n\t<meta property=\"og:image:width\" content=\"800\" \/>\n\t<meta property=\"og:image:height\" content=\"800\" \/>\n\t<meta property=\"og:image:type\" content=\"image\/jpeg\" \/>\n<meta name=\"twitter:card\" content=\"summary_large_image\" \/>\n<meta name=\"twitter:label1\" content=\"Est. reading time\" \/>\n\t<meta name=\"twitter:data1\" content=\"1 minute\" \/>\n<script type=\"application\/ld+json\" class=\"yoast-schema-graph\">{\"@context\":\"https:\/\/schema.org\",\"@graph\":[{\"@type\":\"WebPage\",\"@id\":\"https:\/\/dunapro.hu\/en\/product\/ultra-dishwashing-powder\/\",\"url\":\"https:\/\/dunapro.hu\/en\/product\/ultra-dishwashing-powder\/\",\"name\":\"Ultra Dishwashing Powder - DUNAPRO Effective grease solvent\",\"isPartOf\":{\"@id\":\"https:\/\/dunapro.hu\/en\/#website\"},\"datePublished\":\"2020-07-01T22:43:35+00:00\",\"dateModified\":\"2024-02-16T10:38:29+00:00\",\"description\":\"Ultra Dishwashing Powder: Dishwashing powder and cleaning detergent soluble in water. Effective grease solvent, works excellently even in hard water.\",\"breadcrumb\":{\"@id\":\"https:\/\/dunapro.hu\/en\/product\/ultra-dishwashing-powder\/#breadcrumb\"},\"inLanguage\":\"en-US\",\"potentialAction\":[{\"@type\":\"ReadAction\",\"target\":[\"https:\/\/dunapro.hu\/en\/product\/ultra-dishwashing-powder\/\"]}]},{\"@type\":\"BreadcrumbList\",\"@id\":\"https:\/\/dunapro.hu\/en\/product\/ultra-dishwashing-powder\/#breadcrumb\",\"itemListElement\":[{\"@type\":\"ListItem\",\"position\":1,\"name\":\"Home\",\"item\":\"https:\/\/dunapro.hu\/en\/\"},{\"@type\":\"ListItem\",\"position\":2,\"name\":\"Term\u00e9keink1\",\"item\":\"https:\/\/dunapro.hu\/?page_id=955\"},{\"@type\":\"ListItem\",\"position\":3,\"name\":\"Ultra Dishwashing Powder\"}]},{\"@type\":\"WebSite\",\"@id\":\"https:\/\/dunapro.hu\/en\/#website\",\"url\":\"https:\/\/dunapro.hu\/en\/\",\"name\":\"DUNAPRO\",\"description\":\"FULL SERVICE TERM\u00c9KDISZTRIB\u00daCI\u00d3\",\"publisher\":{\"@id\":\"https:\/\/dunapro.hu\/en\/#organization\"},\"potentialAction\":[{\"@type\":\"SearchAction\",\"target\":{\"@type\":\"EntryPoint\",\"urlTemplate\":\"https:\/\/dunapro.hu\/en\/?s={search_term_string}\"},\"query-input\":\"required name=search_term_string\"}],\"inLanguage\":\"en-US\"},{\"@type\":\"Organization\",\"@id\":\"https:\/\/dunapro.hu\/en\/#organization\",\"name\":\"Dunapro disztrib\u00faci\u00f3\",\"url\":\"https:\/\/dunapro.hu\/en\/\",\"logo\":{\"@type\":\"ImageObject\",\"inLanguage\":\"en-US\",\"@id\":\"https:\/\/dunapro.hu\/en\/#\/schema\/logo\/image\/\",\"url\":\"https:\/\/dunapro.hu\/wp-content\/uploads\/2020\/06\/dunapro_logo_2020_sw.png\",\"contentUrl\":\"https:\/\/dunapro.hu\/wp-content\/uploads\/2020\/06\/dunapro_logo_2020_sw.png\",\"width\":500,\"height\":216,\"caption\":\"Dunapro disztrib\u00faci\u00f3\"},\"image\":{\"@id\":\"https:\/\/dunapro.hu\/en\/#\/schema\/logo\/image\/\"}}]}<\/script>\n<!-- \/ Yoast SEO plugin. -->","yoast_head_json":{"title":"Ultra Dishwashing Powder - DUNAPRO Effective grease solvent","description":"Ultra Dishwashing Powder: Dishwashing powder and cleaning detergent soluble in water. Effective grease solvent, works excellently even in hard water.","robots":{"index":"index","follow":"follow","max-snippet":"max-snippet:-1","max-image-preview":"max-image-preview:large","max-video-preview":"max-video-preview:-1"},"canonical":"https:\/\/dunapro.hu\/en\/product\/ultra-dishwashing-powder\/","og_locale":"en_US","og_type":"article","og_title":"Ultra Dishwashing Powder - DUNAPRO Effective grease solvent","og_description":"Ultra Dishwashing Powder: Dishwashing powder and cleaning detergent soluble in water. Effective grease solvent, works excellently even in hard water.","og_url":"https:\/\/dunapro.hu\/en\/product\/ultra-dishwashing-powder\/","og_site_name":"DUNAPRO","article_modified_time":"2024-02-16T10:38:29+00:00","og_image":[{"width":800,"height":800,"url":"https:\/\/dunapro.hu\/wp-content\/uploads\/2020\/07\/Ultra-Mosogatopor-500-g_800.jpg","type":"image\/jpeg"}],"twitter_card":"summary_large_image","twitter_misc":{"Est. reading time":"1 minute"},"schema":{"@context":"https:\/\/schema.org","@graph":[{"@type":"WebPage","@id":"https:\/\/dunapro.hu\/en\/product\/ultra-dishwashing-powder\/","url":"https:\/\/dunapro.hu\/en\/product\/ultra-dishwashing-powder\/","name":"Ultra Dishwashing Powder - DUNAPRO Effective grease solvent","isPartOf":{"@id":"https:\/\/dunapro.hu\/en\/#website"},"datePublished":"2020-07-01T22:43:35+00:00","dateModified":"2024-02-16T10:38:29+00:00","description":"Ultra Dishwashing Powder: Dishwashing powder and cleaning detergent soluble in water. Effective grease solvent, works excellently even in hard water.","breadcrumb":{"@id":"https:\/\/dunapro.hu\/en\/product\/ultra-dishwashing-powder\/#breadcrumb"},"inLanguage":"en-US","potentialAction":[{"@type":"ReadAction","target":["https:\/\/dunapro.hu\/en\/product\/ultra-dishwashing-powder\/"]}]},{"@type":"BreadcrumbList","@id":"https:\/\/dunapro.hu\/en\/product\/ultra-dishwashing-powder\/#breadcrumb","itemListElement":[{"@type":"ListItem","position":1,"name":"Home","item":"https:\/\/dunapro.hu\/en\/"},{"@type":"ListItem","position":2,"name":"Term\u00e9keink1","item":"https:\/\/dunapro.hu\/?page_id=955"},{"@type":"ListItem","position":3,"name":"Ultra Dishwashing Powder"}]},{"@type":"WebSite","@id":"https:\/\/dunapro.hu\/en\/#website","url":"https:\/\/dunapro.hu\/en\/","name":"DUNAPRO","description":"FULL SERVICE TERM\u00c9KDISZTRIB\u00daCI\u00d3","publisher":{"@id":"https:\/\/dunapro.hu\/en\/#organization"},"potentialAction":[{"@type":"SearchAction","target":{"@type":"EntryPoint","urlTemplate":"https:\/\/dunapro.hu\/en\/?s={search_term_string}"},"query-input":"required name=search_term_string"}],"inLanguage":"en-US"},{"@type":"Organization","@id":"https:\/\/dunapro.hu\/en\/#organization","name":"Dunapro disztrib\u00faci\u00f3","url":"https:\/\/dunapro.hu\/en\/","logo":{"@type":"ImageObject","inLanguage":"en-US","@id":"https:\/\/dunapro.hu\/en\/#\/schema\/logo\/image\/","url":"https:\/\/dunapro.hu\/wp-content\/uploads\/2020\/06\/dunapro_logo_2020_sw.png","contentUrl":"https:\/\/dunapro.hu\/wp-content\/uploads\/2020\/06\/dunapro_logo_2020_sw.png","width":500,"height":216,"caption":"Dunapro disztrib\u00faci\u00f3"},"image":{"@id":"https:\/\/dunapro.hu\/en\/#\/schema\/logo\/image\/"}}]}},"_links":{"self":[{"href":"https:\/\/dunapro.hu\/en\/wp-json\/wp\/v2\/product\/2477"}],"collection":[{"href":"https:\/\/dunapro.hu\/en\/wp-json\/wp\/v2\/product"}],"about":[{"href":"https:\/\/dunapro.hu\/en\/wp-json\/wp\/v2\/types\/product"}],"wp:featuredmedia":[{"embeddable":true,"href":"https:\/\/dunapro.hu\/en\/wp-json\/wp\/v2\/media\/2050"}],"wp:attachment":[{"href":"https:\/\/dunapro.hu\/en\/wp-json\/wp\/v2\/media?parent=2477"}],"wp:term":[{"taxonomy":"product_cat","embeddable":true,"href":"https:\/\/dunapro.hu\/en\/wp-json\/wp\/v2\/product_cat?post=2477"},{"taxonomy":"product_tag","embeddable":true,"href":"https:\/\/dunapro.hu\/en\/wp-json\/wp\/v2\/product_tag?post=2477"}],"curies":[{"name":"wp","href":"https:\/\/api.w.org\/{rel}","templated":true}]}}