{"id":2364,"date":"2020-06-04T13:30:53","date_gmt":"2020-06-04T11:30:53","guid":{"rendered":"https:\/\/dunapro.hu\/partnereink\/"},"modified":"2020-08-06T15:15:29","modified_gmt":"2020-08-06T13:15:29","slug":"partners","status":"publish","type":"page","link":"https:\/\/dunapro.hu\/en\/partners\/","title":{"rendered":"Our partners"},"content":{"rendered":"<section class=\"l-section wpb_row us_custom_a3dda067 firstblock height_large color_primary\"><div class=\"l-section-overlay\" style=\"background:rgba(99,188,214,0.9)\"><\/div><div class=\"l-section-h i-cf\"><div class=\"g-cols vc_row via_flex valign_top type_default stacking_default\"><div class=\"vc_col-sm-12 vc_col-lg-offset-3 vc_col-lg-6 vc_col-md-offset-2 vc_col-md-8 wpb_column vc_column_container\"><div class=\"vc_column-inner us_custom_a71da63e\"><div class=\"wpb_wrapper\"><div class=\"wpb_text_column\"><div class=\"wpb_wrapper\"><h1 style=\"text-align: center;\">OUR PARTNERS<\/h1>\n<\/div><\/div><div class=\"ult-animation  ult-animate-viewport  ult-no-mobile \" data-animate=\"bounce\" data-animation-delay=\"0\" data-animation-duration=\"2\" data-animation-iteration=\"3\" style=\"opacity:0;\" data-opacity_start_effect=\"\"><div class=\"ult-just-icon-wrapper   vc_custom_1596131342933\"><div class=\"align-icon\" style=\"text-align:center;\">\n<a class=\"aio-tooltip 69fc94c126665\" href=\"#partnerlist\"  data-toggle=\"tooltip\" data-placement=\"\"><div class=\"aio-icon advanced \"  style=\"color:#ffffff;border-style:solid;border-color:#ffffff;border-width:3px;width:35px;height:35px;line-height:35px;border-radius:500px;font-size:25px;display:inline-block;\">\n\t<i class=\"Defaults-chevron-down\"><\/i>\n<\/div><\/a><\/div><\/div><\/div><\/div><\/div><\/div><\/div><\/div><\/section><!-- Row Backgrounds --><div class=\"upb_bg_img\" data-ultimate-bg=\"url(https:\/\/dunapro.hu\/wp-content\/uploads\/2020\/06\/Dunapro-hatter-cegunk-1.jpg)\" data-image-id=\"id^1095|url^https:\/\/dunapro.hu\/wp-content\/uploads\/2020\/06\/Dunapro-hatter-cegunk-1.jpg|caption^null|alt^disztrib\u00faci\u00f3 DUnapro|title^disztrib\u00faci\u00f3 dunapro|description^null\" data-ultimate-bg-style=\"vcpb-vz-jquery\" data-bg-img-repeat=\"no-repeat\" data-bg-img-size=\"cover\" data-bg-img-position=\"\" data-parallx_sense=\"80\" data-bg-override=\"0\" data-bg_img_attach=\"scroll\" data-upb-overlay-color=\"\" data-upb-bg-animation=\"\" data-fadeout=\"\" data-bg-animation=\"left-animation\" data-bg-animation-type=\"h\" data-animation-repeat=\"repeat\" data-fadeout-percentage=\"30\" data-parallax-content=\"\" data-parallax-content-sense=\"30\" data-row-effect-mobile-disable=\"true\" data-img-parallax-mobile-disable=\"false\" data-rtl=\"false\"  data-custom-vc-row=\"\"  data-vc=\"7.4\"  data-is_old_vc=\"\"  data-theme-support=\"\"   data-overlay=\"false\" data-overlay-color=\"\" data-overlay-pattern=\"\" data-overlay-pattern-opacity=\"\" data-overlay-pattern-size=\"\"    ><\/div><section class=\"l-section wpb_row height_custom\" id=\"partnerlist\"><div class=\"l-section-h i-cf\"><div class=\"g-cols vc_row via_flex valign_top type_default stacking_default\"><div class=\"vc_col-sm-12 wpb_column vc_column_container\"><div class=\"vc_column-inner\"><div class=\"wpb_wrapper\"><div class=\"wpb_text_column\"><div class=\"wpb_wrapper\"><p style=\"text-align: center;\">&#8220;1FORMA 2000&#8221; Kft.<br \/>&#8220;SZALKA-KER 2000&#8221; Bt.<br \/>Adix-Trade Kft.<br \/>Ad-Vesz Kereskedelmi Zrt.<br \/>Agro-Garden-Seed Kft.<br \/>Alba R\u00d3-RA Kft.<br \/>\u00c1rklub Kft.<br \/>Baby Expert Hungary Kft.<br \/>Baromfiudvar 2002 Kft.<br \/>Beauty &amp; Science Trade Kft.<br \/>B\u00e9k\u00e1s Nagykereskedelmi Kft<br \/>Bezula Kft.<br \/>Bolla Store Kft.<br \/>Bon Market Kft.<br \/>B\u00f3na Clean Shop Kft.<br \/>BORA Kft.<br \/>Boy Szolg\u00e1ltat\u00f3 Kft.<br \/>BRDN BAR Kft<br \/>Bremark Invest Kft.<br \/>Brendon Gyermek\u00e1ruh\u00e1zak Kft.<br \/>Cao Cao Hung Kft.<br \/>CB Chemie Hungary Bt.<br \/>Centrum 97 Kft.<br \/>Chem-System Kft.<br \/>Chi Oanh 97 Bt.<br \/>Czagiker Kft.<br \/>Dai Dong A Kft.<br \/>Dienes Kft.<br \/>E.C. Kft.<br \/>Endoker Kft.<br \/>Enger Kft.<br \/>Erste Bank Hungary Zrt.<br \/>Exactor Team Kft.<br \/>FEST-\u00c9-KER Kft.<br \/>Fest\u00e9kt\u00e1r Kft.<br \/>FETAZO Family Kft.<br \/>FE-ZO Kerskedelmi Kft.<br \/>Flora Illatszer Kft.<br \/>FOR YOU-3 Kft.<br \/>Frakat Kft.<br \/>Galla \u00e9s T\u00e1rsa Kereked\u0151h\u00e1z Zrt.<br \/>Gasztro Miskolc Kft.<br \/>GEROMI Kft.<br \/>Gyur\u00f3 \u00e9s T\u00e1rsa Kft.<br \/>H2J\u00d3 Kft.<br \/>Halker Mirelit Depo Kft.<br \/>Hardlife Kft.<br \/>Hatodik Sebess\u00e9g Aut\u00f3szerviz Kft.<br \/>HB Group Kft.<br \/>Higi-Ker Kft.<br \/>HIGI-SEC Kft.<br \/>Higi-Sop Kft.<br \/>H\u00edr\u00f6s Defend Kft.<br \/>HITAFA Kft.<br \/>Hoa Sen09 Kft<br \/>Ibis Trade Kft.<br \/>Infinity Gold Kft.<br \/>Ir\u00f3de\u00e1k 2000 Bt.<br \/>J&amp;Z Drog\u00e9ria \u00e9s Parf\u00fcm\u00e9ria Kereskedelmi Kft.<br \/>JKH Kft<br \/>Kaj\u00e1ri Bt.<br \/>K\u00e9k-Therm Kft.<br \/>K\u00e9pes Higi\u00e9nia Bt.<br \/>Kerekes Kft.<br \/>Klindon Kft.<br \/>Konszeg Kft.<br \/>KON-TEAM Kft.<br \/>Korona Zrt.<br \/>K\u0151rak\u00e1s -\u00c9lelmiszer Bt.<br \/>Laudate Kft.<br \/>Linda Hungary Kft.<br \/>LIRON Kft<br \/>Lotus Clone Kft.<br \/>Macher Nonfood Kft.<br \/>Magnarius Kft.<br \/>Magnetic \u00c1ruh\u00e1zak Kft.<br \/>Mai Anna Linda Kft.<br \/>MALEN Kft.<br \/>Marketrend Kft.<br \/>MAR-MON Bt.<br \/>MEGA-HERCZ-Q Kft.<br \/>MH-Duna Family Kft.<br \/>Mikromax Kft.<br \/>Mini-Midi-Com Kft.<br \/>Mitina &#8211; Trade Kft.<br \/>Monosker Kft.<br \/>Mundare Vita Kft.<br \/>Music Mixer Cafe Kft.<br \/>Myhamix Global Kft.<br \/>Nam Cuong Kft.<br \/>Ny\u00edrs\u00e9g Szinforr\u00e1s Kft.<br \/>Oblath \u00e9s T\u00e1rsai Holding Kft.<br \/>Otthon \u00dczleth\u00e1z Kft.<br \/>Ozirisz Kft<br \/>Pap\u00edr Arzen\u00e1l Kft<br \/>Partner-KOM Bt.<br \/>PASA SPECI\u00c1L Kft.<br \/>PCT Office Kft.<br \/>PG Color Kft.<br \/>PG Color Partner Kft.<br \/>Piktor Kft.<br \/>Prok-Sz\u00f3da kft.<br \/>Pusk\u00e1s J\u00e1nosn\u00e9<br \/>R\u00e1bak\u00e9sz Kft<br \/>Saskanyar Kft.<br \/>SELLAX Kft.<br \/>SeM-Ker Kereskedelmi Kft.<br \/>SGL Kft<br \/>Silko Hygiene Kft.<br \/>SI\u00d3MENTE KERESKED\u0150H\u00c1Z Zrt.<br \/>Sterohigi\u00e9nia Magyarorsz\u00e1g Kft<br \/>Surj\u00e1ny 2000 Bt.<br \/>Sweet Line 98 Kft.<br \/>Szasza \u00e9s Attila Kft.<br \/>Szendrei Kft.<br \/>Szerencsi Tanker\u00fcleti K\u00f6zpont<br \/>SZ\u00cdN-60 Kft.<br \/>Sz\u0151ke \u00e9s T\u00e1rsai Kft.<br \/>T &amp; V 96 Bt.<br \/>TAN PHAT Kft.<br \/>Ta-Te Kft.<br \/>TEMI Higi\u00e9niai Kft.<br \/>Tien-Trade Kft.<br \/>Triton Market Kft<br \/>Unix Aut\u00f3 Kft.<br \/>V.P.J.I. Kft.<br \/>V\u00c1-CZI Kft.<br \/>Van-Thu Bt.<br \/>Variogen Kft.<br \/>V\u00e9gi Vegyi Kft.<br \/>Vegyiexpert Kft.<br \/>Vegyimax Kft.<br \/>Vianni Kft<br \/>VIL-FOR Kft.<br \/>Vimpex Drink Kft.<br \/>VL-MARKET Kft.<br \/>VN Family 2016 Kft.<br \/>WAB-DAM Kft.<br \/>WC Pap\u00edr Kft.<br \/>Webshop Global Kft.<br \/>WINDY-KER Kft<br \/>Zolgertansz Ker. \u00e9s Szolg. Kft.<br \/>Zolyomi Endre<br \/>Z\u00f6ld Tiszta Kft.<br \/>Z\u00d6LD-KER Kft.<\/p>\n<\/div><\/div><\/div><\/div><\/div><\/div><\/div><\/section>\n","protected":false},"excerpt":{"rendered":"OUR PARTNERS &#8220;1FORMA 2000&#8221; Kft.&#8220;SZALKA-KER 2000&#8221; Bt.Adix-Trade Kft.Ad-Vesz Kereskedelmi Zrt.Agro-Garden-Seed Kft.Alba R\u00d3-RA Kft.\u00c1rklub Kft.Baby Expert Hungary Kft.Baromfiudvar 2002 Kft.Beauty &amp; Science Trade Kft.B\u00e9k\u00e1s Nagykereskedelmi KftBezula Kft.Bolla Store Kft.Bon Market Kft.B\u00f3na Clean Shop Kft.BORA Kft.Boy Szolg\u00e1ltat\u00f3 Kft.BRDN BAR KftBremark Invest Kft.Brendon Gyermek\u00e1ruh\u00e1zak Kft.Cao Cao Hung Kft.CB Chemie Hungary Bt.Centrum 97 Kft.Chem-System Kft.Chi Oanh 97 Bt.Czagiker Kft.Dai...","protected":false},"author":1,"featured_media":0,"parent":0,"menu_order":0,"comment_status":"closed","ping_status":"closed","template":"","meta":{"footnotes":""},"yoast_head":"<!-- This site is optimized with the Yoast SEO plugin v22.0 - https:\/\/yoast.com\/wordpress\/plugins\/seo\/ -->\n<title>Our partners - DUNAPRO product distribution<\/title>\n<meta name=\"description\" content=\"Learn more about our commercial partners in Hungary!\" \/>\n<meta name=\"robots\" content=\"index, follow, max-snippet:-1, max-image-preview:large, max-video-preview:-1\" \/>\n<link rel=\"canonical\" href=\"https:\/\/dunapro.hu\/en\/partners\/\" \/>\n<meta property=\"og:locale\" content=\"en_US\" \/>\n<meta property=\"og:type\" content=\"article\" \/>\n<meta property=\"og:title\" content=\"Our partners - DUNAPRO product distribution\" \/>\n<meta property=\"og:description\" content=\"Learn more about our commercial partners in Hungary!\" \/>\n<meta property=\"og:url\" content=\"https:\/\/dunapro.hu\/en\/partners\/\" \/>\n<meta property=\"og:site_name\" content=\"DUNAPRO\" \/>\n<meta property=\"article:modified_time\" content=\"2020-08-06T13:15:29+00:00\" \/>\n<meta name=\"twitter:card\" content=\"summary_large_image\" \/>\n<meta name=\"twitter:label1\" content=\"Est. reading time\" \/>\n\t<meta name=\"twitter:data1\" content=\"3 minutes\" \/>\n<script type=\"application\/ld+json\" class=\"yoast-schema-graph\">{\"@context\":\"https:\/\/schema.org\",\"@graph\":[{\"@type\":\"WebPage\",\"@id\":\"https:\/\/dunapro.hu\/en\/partners\/\",\"url\":\"https:\/\/dunapro.hu\/en\/partners\/\",\"name\":\"Our partners - DUNAPRO product distribution\",\"isPartOf\":{\"@id\":\"https:\/\/dunapro.hu\/en\/#website\"},\"datePublished\":\"2020-06-04T11:30:53+00:00\",\"dateModified\":\"2020-08-06T13:15:29+00:00\",\"description\":\"Learn more about our commercial partners in Hungary!\",\"breadcrumb\":{\"@id\":\"https:\/\/dunapro.hu\/en\/partners\/#breadcrumb\"},\"inLanguage\":\"en-US\",\"potentialAction\":[{\"@type\":\"ReadAction\",\"target\":[\"https:\/\/dunapro.hu\/en\/partners\/\"]}]},{\"@type\":\"BreadcrumbList\",\"@id\":\"https:\/\/dunapro.hu\/en\/partners\/#breadcrumb\",\"itemListElement\":[{\"@type\":\"ListItem\",\"position\":1,\"name\":\"Home\",\"item\":\"https:\/\/dunapro.hu\/en\/\"},{\"@type\":\"ListItem\",\"position\":2,\"name\":\"Our partners\"}]},{\"@type\":\"WebSite\",\"@id\":\"https:\/\/dunapro.hu\/en\/#website\",\"url\":\"https:\/\/dunapro.hu\/en\/\",\"name\":\"DUNAPRO\",\"description\":\"FULL SERVICE TERM\u00c9KDISZTRIB\u00daCI\u00d3\",\"publisher\":{\"@id\":\"https:\/\/dunapro.hu\/en\/#organization\"},\"potentialAction\":[{\"@type\":\"SearchAction\",\"target\":{\"@type\":\"EntryPoint\",\"urlTemplate\":\"https:\/\/dunapro.hu\/en\/?s={search_term_string}\"},\"query-input\":\"required name=search_term_string\"}],\"inLanguage\":\"en-US\"},{\"@type\":\"Organization\",\"@id\":\"https:\/\/dunapro.hu\/en\/#organization\",\"name\":\"Dunapro disztrib\u00faci\u00f3\",\"url\":\"https:\/\/dunapro.hu\/en\/\",\"logo\":{\"@type\":\"ImageObject\",\"inLanguage\":\"en-US\",\"@id\":\"https:\/\/dunapro.hu\/en\/#\/schema\/logo\/image\/\",\"url\":\"https:\/\/dunapro.hu\/wp-content\/uploads\/2020\/06\/dunapro_logo_2020_sw.png\",\"contentUrl\":\"https:\/\/dunapro.hu\/wp-content\/uploads\/2020\/06\/dunapro_logo_2020_sw.png\",\"width\":500,\"height\":216,\"caption\":\"Dunapro disztrib\u00faci\u00f3\"},\"image\":{\"@id\":\"https:\/\/dunapro.hu\/en\/#\/schema\/logo\/image\/\"}}]}<\/script>\n<!-- \/ Yoast SEO plugin. -->","yoast_head_json":{"title":"Our partners - DUNAPRO product distribution","description":"Learn more about our commercial partners in Hungary!","robots":{"index":"index","follow":"follow","max-snippet":"max-snippet:-1","max-image-preview":"max-image-preview:large","max-video-preview":"max-video-preview:-1"},"canonical":"https:\/\/dunapro.hu\/en\/partners\/","og_locale":"en_US","og_type":"article","og_title":"Our partners - DUNAPRO product distribution","og_description":"Learn more about our commercial partners in Hungary!","og_url":"https:\/\/dunapro.hu\/en\/partners\/","og_site_name":"DUNAPRO","article_modified_time":"2020-08-06T13:15:29+00:00","twitter_card":"summary_large_image","twitter_misc":{"Est. reading time":"3 minutes"},"schema":{"@context":"https:\/\/schema.org","@graph":[{"@type":"WebPage","@id":"https:\/\/dunapro.hu\/en\/partners\/","url":"https:\/\/dunapro.hu\/en\/partners\/","name":"Our partners - DUNAPRO product distribution","isPartOf":{"@id":"https:\/\/dunapro.hu\/en\/#website"},"datePublished":"2020-06-04T11:30:53+00:00","dateModified":"2020-08-06T13:15:29+00:00","description":"Learn more about our commercial partners in Hungary!","breadcrumb":{"@id":"https:\/\/dunapro.hu\/en\/partners\/#breadcrumb"},"inLanguage":"en-US","potentialAction":[{"@type":"ReadAction","target":["https:\/\/dunapro.hu\/en\/partners\/"]}]},{"@type":"BreadcrumbList","@id":"https:\/\/dunapro.hu\/en\/partners\/#breadcrumb","itemListElement":[{"@type":"ListItem","position":1,"name":"Home","item":"https:\/\/dunapro.hu\/en\/"},{"@type":"ListItem","position":2,"name":"Our partners"}]},{"@type":"WebSite","@id":"https:\/\/dunapro.hu\/en\/#website","url":"https:\/\/dunapro.hu\/en\/","name":"DUNAPRO","description":"FULL SERVICE TERM\u00c9KDISZTRIB\u00daCI\u00d3","publisher":{"@id":"https:\/\/dunapro.hu\/en\/#organization"},"potentialAction":[{"@type":"SearchAction","target":{"@type":"EntryPoint","urlTemplate":"https:\/\/dunapro.hu\/en\/?s={search_term_string}"},"query-input":"required name=search_term_string"}],"inLanguage":"en-US"},{"@type":"Organization","@id":"https:\/\/dunapro.hu\/en\/#organization","name":"Dunapro disztrib\u00faci\u00f3","url":"https:\/\/dunapro.hu\/en\/","logo":{"@type":"ImageObject","inLanguage":"en-US","@id":"https:\/\/dunapro.hu\/en\/#\/schema\/logo\/image\/","url":"https:\/\/dunapro.hu\/wp-content\/uploads\/2020\/06\/dunapro_logo_2020_sw.png","contentUrl":"https:\/\/dunapro.hu\/wp-content\/uploads\/2020\/06\/dunapro_logo_2020_sw.png","width":500,"height":216,"caption":"Dunapro disztrib\u00faci\u00f3"},"image":{"@id":"https:\/\/dunapro.hu\/en\/#\/schema\/logo\/image\/"}}]}},"_links":{"self":[{"href":"https:\/\/dunapro.hu\/en\/wp-json\/wp\/v2\/pages\/2364"}],"collection":[{"href":"https:\/\/dunapro.hu\/en\/wp-json\/wp\/v2\/pages"}],"about":[{"href":"https:\/\/dunapro.hu\/en\/wp-json\/wp\/v2\/types\/page"}],"author":[{"embeddable":true,"href":"https:\/\/dunapro.hu\/en\/wp-json\/wp\/v2\/users\/1"}],"replies":[{"embeddable":true,"href":"https:\/\/dunapro.hu\/en\/wp-json\/wp\/v2\/comments?post=2364"}],"version-history":[{"count":3,"href":"https:\/\/dunapro.hu\/en\/wp-json\/wp\/v2\/pages\/2364\/revisions"}],"predecessor-version":[{"id":2674,"href":"https:\/\/dunapro.hu\/en\/wp-json\/wp\/v2\/pages\/2364\/revisions\/2674"}],"wp:attachment":[{"href":"https:\/\/dunapro.hu\/en\/wp-json\/wp\/v2\/media?parent=2364"}],"curies":[{"name":"wp","href":"https:\/\/api.w.org\/{rel}","templated":true}]}}